{"id":2928,"date":"2019-11-19T16:35:29","date_gmt":"2019-11-19T15:35:29","guid":{"rendered":"https:\/\/sanmarzano.wine\/?post_type=product&#038;p=2928"},"modified":"2026-01-20T14:46:58","modified_gmt":"2026-01-20T13:46:58","slug":"liboll-rose-vino-spumante-extra-dry-box-da-6-bottiglie","status":"publish","type":"product","link":"https:\/\/sanmarzano.wine\/en\/prodotto\/liboll-rose-vino-spumante-extra-dry-box-da-6-bottiglie\/","title":{"rendered":"Liboll Ros\u00e9 Vino Spumante Extra Dry  <br>Box da 6 bottiglie"},"content":{"rendered":"<div class=\"desc-lunga font-prodotto col-xs-12 col-sm-12 col-md-12 col-lg-8 col-lg-offset-2\" style=\"text-align: initial\">\n<p><strong>TIPOLOGIA<\/strong>: Rosato<\/p>\n<p><strong>DENOMINAZIONE<\/strong>: Vino Spumante Extra Dry<\/p>\n<p><strong>ZONA DI PRODUZIONE<\/strong>: San Marzano (TA), Salento, Puglia<\/p>\n<p><strong>COLTIVAZIONE<\/strong>: Spalliera<\/p>\n<p><strong>EPOCA DI VENDEMMIA<\/strong>: Ultima settimana di agosto, manuale e mattutina, leggermente anticipata al fine di preservare l\u2019acidit\u00e0<\/p>\n<p><strong>CARATTERISTICHE ORGANOLETTICHE<\/strong>: Colore rosa tenue brillante con sfumature buccia di cipolla; perlage fine e persistente. Al naso risaltano note floreali di zagare e fruttate di pompelmo rosa e melagrana; bouquet nel complesso fine ed elegante. Al palato \u00e8 abbastanza pieno, intenso, di spiccata freschezza e sapidit\u00e0 con un finale asciutto. Il retrolfatto avvolge con sensazioni di macchia mediterranea<\/p>\n<p><strong>ABBINAMENTI<\/strong>: Ottimo come aperitivo, con antipasti leggeri, primi e secondi piatti di mare mediamente strutturati<\/p>\n<p><strong>TEMPERATURA DI SERVIZIO<\/strong>: 6\u00b0C<\/p>\n<p><strong>CONSUMO IDEALE<\/strong>: Entro 2 anni dalla vendemmia<\/p>\n<p>Prodotto in Italia<\/p>\n<p>Contiene solfiti<\/p>\n<\/div>\n","protected":false},"excerpt":{"rendered":"<div class=\"testo-breve-prodotto\">\n<p><strong>PREZZO SINGOLA BOTTIGLIA<\/strong>: \u20ac 12,00<\/p>\n<p><strong>ANNATA<\/strong>: N.V.<\/p>\n<p><strong>VITIGNI<\/strong>: A bacca rossa tipici del Salento<\/p>\n<p><strong>AFFINAMENTO<\/strong>: 2 mesi in autoclave sui propri lieviti, successivamente in bottiglia a temperatura controllata<\/p>\n<p><strong>GRADO ALCOLICO<\/strong>: 11,5% vol<\/p>\n<\/div>\n","protected":false},"featured_media":2929,"template":"","meta":{"om_disable_all_campaigns":false},"product_brand":[],"product_cat":[38,53],"product_tag":[80,87,88],"class_list":{"0":"post-2928","1":"product","2":"type-product","3":"status-publish","4":"has-post-thumbnail","6":"product_cat-rosati","7":"product_cat-bollicine","8":"product_tag-rosato","9":"product_tag-spumante","10":"product_tag-charmat","11":"product_shipping_class-tariffa-per-pacchi-fino-a-15-kg","13":"first","14":"instock","15":"shipping-taxable","16":"purchasable","17":"product-type-simple","18":"layout-style-4","19":"col-md-4 col-sm-4 col-xs-6","20":"col-lg-3","21":"product-has-gallery","22":"product-style-default"},"yoast_head":"<!-- This site is optimized with the Yoast SEO plugin v25.2 - https:\/\/yoast.com\/wordpress\/plugins\/seo\/ -->\n<title>Liboll Ros\u00e9 Vino Spumante Extra Dry | Comprare | Liboll Ros\u00e9 Prezzo<\/title>\n<meta name=\"description\" content=\"Liboll Ros\u00e9 Vino Spumante Extra Dry - Box da 6 bottiglie. Colore rosa tenue brillante con sfumature buccia di cipolla; perlage fine e persistente. Acquista ora!\" \/>\n<meta name=\"robots\" content=\"index, follow, max-snippet:-1, max-image-preview:large, max-video-preview:-1\" \/>\n<link rel=\"canonical\" href=\"https:\/\/sanmarzano.wine\/prodotto\/liboll-rose-vino-spumante-extra-dry-box-da-6-bottiglie\/\" \/>\n<meta property=\"og:locale\" content=\"en_US\" \/>\n<meta property=\"og:type\" content=\"article\" \/>\n<meta property=\"og:title\" content=\"Liboll Ros\u00e9 Vino Spumante Extra Dry | Comprare | Liboll Ros\u00e9 Prezzo\" \/>\n<meta property=\"og:description\" content=\"Liboll Ros\u00e9 Vino Spumante Extra Dry - Box da 6 bottiglie. Colore rosa tenue brillante con sfumature buccia di cipolla; perlage fine e persistente. Acquista ora!\" \/>\n<meta property=\"og:url\" content=\"https:\/\/sanmarzano.wine\/prodotto\/liboll-rose-vino-spumante-extra-dry-box-da-6-bottiglie\/\" \/>\n<meta property=\"og:site_name\" content=\"San Marzano\" \/>\n<meta property=\"article:modified_time\" content=\"2026-01-20T13:46:58+00:00\" \/>\n<meta property=\"og:image\" content=\"https:\/\/sanmarzano.wine\/wp-content\/uploads\/2020\/05\/liboll-ros\u00e8-sito-smz.jpg\" \/>\n\t<meta property=\"og:image:width\" content=\"1200\" \/>\n\t<meta property=\"og:image:height\" content=\"1425\" \/>\n\t<meta property=\"og:image:type\" content=\"image\/jpeg\" \/>\n<meta name=\"twitter:card\" content=\"summary_large_image\" \/>\n<meta name=\"twitter:label1\" content=\"Est. reading time\" \/>\n\t<meta name=\"twitter:data1\" content=\"1 minute\" \/>\n<script type=\"application\/ld+json\" class=\"yoast-schema-graph\">{\"@context\":\"https:\/\/schema.org\",\"@graph\":[{\"@type\":\"WebPage\",\"@id\":\"https:\/\/sanmarzano.wine\/prodotto\/liboll-rose-vino-spumante-extra-dry-box-da-6-bottiglie\/\",\"url\":\"https:\/\/sanmarzano.wine\/prodotto\/liboll-rose-vino-spumante-extra-dry-box-da-6-bottiglie\/\",\"name\":\"Liboll Ros\u00e9 Vino Spumante Extra Dry | Comprare | Liboll Ros\u00e9 Prezzo\",\"isPartOf\":{\"@id\":\"https:\/\/sanmarzano.wine\/#website\"},\"primaryImageOfPage\":{\"@id\":\"https:\/\/sanmarzano.wine\/prodotto\/liboll-rose-vino-spumante-extra-dry-box-da-6-bottiglie\/#primaryimage\"},\"image\":{\"@id\":\"https:\/\/sanmarzano.wine\/prodotto\/liboll-rose-vino-spumante-extra-dry-box-da-6-bottiglie\/#primaryimage\"},\"thumbnailUrl\":\"https:\/\/sanmarzano.wine\/wp-content\/uploads\/2020\/05\/liboll-ros\u00e8-sito-smz.jpg\",\"datePublished\":\"2019-11-19T15:35:29+00:00\",\"dateModified\":\"2026-01-20T13:46:58+00:00\",\"description\":\"Liboll Ros\u00e9 Vino Spumante Extra Dry - Box da 6 bottiglie. Colore rosa tenue brillante con sfumature buccia di cipolla; perlage fine e persistente. Acquista ora!\",\"breadcrumb\":{\"@id\":\"https:\/\/sanmarzano.wine\/prodotto\/liboll-rose-vino-spumante-extra-dry-box-da-6-bottiglie\/#breadcrumb\"},\"inLanguage\":\"en-US\",\"potentialAction\":[{\"@type\":\"ReadAction\",\"target\":[\"https:\/\/sanmarzano.wine\/prodotto\/liboll-rose-vino-spumante-extra-dry-box-da-6-bottiglie\/\"]}]},{\"@type\":\"ImageObject\",\"inLanguage\":\"en-US\",\"@id\":\"https:\/\/sanmarzano.wine\/prodotto\/liboll-rose-vino-spumante-extra-dry-box-da-6-bottiglie\/#primaryimage\",\"url\":\"https:\/\/sanmarzano.wine\/wp-content\/uploads\/2020\/05\/liboll-ros\u00e8-sito-smz.jpg\",\"contentUrl\":\"https:\/\/sanmarzano.wine\/wp-content\/uploads\/2020\/05\/liboll-ros\u00e8-sito-smz.jpg\",\"width\":1200,\"height\":1425},{\"@type\":\"BreadcrumbList\",\"@id\":\"https:\/\/sanmarzano.wine\/prodotto\/liboll-rose-vino-spumante-extra-dry-box-da-6-bottiglie\/#breadcrumb\",\"itemListElement\":[{\"@type\":\"ListItem\",\"position\":1,\"name\":\"Home\",\"item\":\"https:\/\/sanmarzano.wine\/en\/\"},{\"@type\":\"ListItem\",\"position\":2,\"name\":\"Shop\",\"item\":\"https:\/\/sanmarzano.wine\/shop\/\"},{\"@type\":\"ListItem\",\"position\":3,\"name\":\"Liboll Ros\u00e9 Vino Spumante Extra Dry Box da 6 bottiglie\"}]},{\"@type\":\"WebSite\",\"@id\":\"https:\/\/sanmarzano.wine\/#website\",\"url\":\"https:\/\/sanmarzano.wine\/\",\"name\":\"San Marzano\",\"description\":\"\",\"potentialAction\":[{\"@type\":\"SearchAction\",\"target\":{\"@type\":\"EntryPoint\",\"urlTemplate\":\"https:\/\/sanmarzano.wine\/?s={search_term_string}\"},\"query-input\":{\"@type\":\"PropertyValueSpecification\",\"valueRequired\":true,\"valueName\":\"search_term_string\"}}],\"inLanguage\":\"en-US\"}]}<\/script>\n<!-- \/ Yoast SEO plugin. -->","yoast_head_json":{"title":"Liboll Ros\u00e9 Vino Spumante Extra Dry | Comprare | Liboll Ros\u00e9 Prezzo","description":"Liboll Ros\u00e9 Vino Spumante Extra Dry - Box da 6 bottiglie. Colore rosa tenue brillante con sfumature buccia di cipolla; perlage fine e persistente. Acquista ora!","robots":{"index":"index","follow":"follow","max-snippet":"max-snippet:-1","max-image-preview":"max-image-preview:large","max-video-preview":"max-video-preview:-1"},"canonical":"https:\/\/sanmarzano.wine\/prodotto\/liboll-rose-vino-spumante-extra-dry-box-da-6-bottiglie\/","og_locale":"en_US","og_type":"article","og_title":"Liboll Ros\u00e9 Vino Spumante Extra Dry | Comprare | Liboll Ros\u00e9 Prezzo","og_description":"Liboll Ros\u00e9 Vino Spumante Extra Dry - Box da 6 bottiglie. Colore rosa tenue brillante con sfumature buccia di cipolla; perlage fine e persistente. Acquista ora!","og_url":"https:\/\/sanmarzano.wine\/prodotto\/liboll-rose-vino-spumante-extra-dry-box-da-6-bottiglie\/","og_site_name":"San Marzano","article_modified_time":"2026-01-20T13:46:58+00:00","og_image":[{"width":1200,"height":1425,"url":"https:\/\/sanmarzano.wine\/wp-content\/uploads\/2020\/05\/liboll-ros\u00e8-sito-smz.jpg","type":"image\/jpeg"}],"twitter_card":"summary_large_image","twitter_misc":{"Est. reading time":"1 minute"},"schema":{"@context":"https:\/\/schema.org","@graph":[{"@type":"WebPage","@id":"https:\/\/sanmarzano.wine\/prodotto\/liboll-rose-vino-spumante-extra-dry-box-da-6-bottiglie\/","url":"https:\/\/sanmarzano.wine\/prodotto\/liboll-rose-vino-spumante-extra-dry-box-da-6-bottiglie\/","name":"Liboll Ros\u00e9 Vino Spumante Extra Dry | Comprare | Liboll Ros\u00e9 Prezzo","isPartOf":{"@id":"https:\/\/sanmarzano.wine\/#website"},"primaryImageOfPage":{"@id":"https:\/\/sanmarzano.wine\/prodotto\/liboll-rose-vino-spumante-extra-dry-box-da-6-bottiglie\/#primaryimage"},"image":{"@id":"https:\/\/sanmarzano.wine\/prodotto\/liboll-rose-vino-spumante-extra-dry-box-da-6-bottiglie\/#primaryimage"},"thumbnailUrl":"https:\/\/sanmarzano.wine\/wp-content\/uploads\/2020\/05\/liboll-ros\u00e8-sito-smz.jpg","datePublished":"2019-11-19T15:35:29+00:00","dateModified":"2026-01-20T13:46:58+00:00","description":"Liboll Ros\u00e9 Vino Spumante Extra Dry - Box da 6 bottiglie. Colore rosa tenue brillante con sfumature buccia di cipolla; perlage fine e persistente. Acquista ora!","breadcrumb":{"@id":"https:\/\/sanmarzano.wine\/prodotto\/liboll-rose-vino-spumante-extra-dry-box-da-6-bottiglie\/#breadcrumb"},"inLanguage":"en-US","potentialAction":[{"@type":"ReadAction","target":["https:\/\/sanmarzano.wine\/prodotto\/liboll-rose-vino-spumante-extra-dry-box-da-6-bottiglie\/"]}]},{"@type":"ImageObject","inLanguage":"en-US","@id":"https:\/\/sanmarzano.wine\/prodotto\/liboll-rose-vino-spumante-extra-dry-box-da-6-bottiglie\/#primaryimage","url":"https:\/\/sanmarzano.wine\/wp-content\/uploads\/2020\/05\/liboll-ros\u00e8-sito-smz.jpg","contentUrl":"https:\/\/sanmarzano.wine\/wp-content\/uploads\/2020\/05\/liboll-ros\u00e8-sito-smz.jpg","width":1200,"height":1425},{"@type":"BreadcrumbList","@id":"https:\/\/sanmarzano.wine\/prodotto\/liboll-rose-vino-spumante-extra-dry-box-da-6-bottiglie\/#breadcrumb","itemListElement":[{"@type":"ListItem","position":1,"name":"Home","item":"https:\/\/sanmarzano.wine\/en\/"},{"@type":"ListItem","position":2,"name":"Shop","item":"https:\/\/sanmarzano.wine\/shop\/"},{"@type":"ListItem","position":3,"name":"Liboll Ros\u00e9 Vino Spumante Extra Dry Box da 6 bottiglie"}]},{"@type":"WebSite","@id":"https:\/\/sanmarzano.wine\/#website","url":"https:\/\/sanmarzano.wine\/","name":"San Marzano","description":"","potentialAction":[{"@type":"SearchAction","target":{"@type":"EntryPoint","urlTemplate":"https:\/\/sanmarzano.wine\/?s={search_term_string}"},"query-input":{"@type":"PropertyValueSpecification","valueRequired":true,"valueName":"search_term_string"}}],"inLanguage":"en-US"}]}},"_links":{"self":[{"href":"https:\/\/sanmarzano.wine\/en\/wp-json\/wp\/v2\/product\/2928","targetHints":{"allow":["GET"]}}],"collection":[{"href":"https:\/\/sanmarzano.wine\/en\/wp-json\/wp\/v2\/product"}],"about":[{"href":"https:\/\/sanmarzano.wine\/en\/wp-json\/wp\/v2\/types\/product"}],"wp:featuredmedia":[{"embeddable":true,"href":"https:\/\/sanmarzano.wine\/en\/wp-json\/wp\/v2\/media\/2929"}],"wp:attachment":[{"href":"https:\/\/sanmarzano.wine\/en\/wp-json\/wp\/v2\/media?parent=2928"}],"wp:term":[{"taxonomy":"product_brand","embeddable":true,"href":"https:\/\/sanmarzano.wine\/en\/wp-json\/wp\/v2\/product_brand?post=2928"},{"taxonomy":"product_cat","embeddable":true,"href":"https:\/\/sanmarzano.wine\/en\/wp-json\/wp\/v2\/product_cat?post=2928"},{"taxonomy":"product_tag","embeddable":true,"href":"https:\/\/sanmarzano.wine\/en\/wp-json\/wp\/v2\/product_tag?post=2928"}],"curies":[{"name":"wp","href":"https:\/\/api.w.org\/{rel}","templated":true}]}}