{"id":20966,"date":"2019-09-06T19:00:39","date_gmt":"2019-09-06T17:00:39","guid":{"rendered":"https:\/\/sanmarzano.wine\/?post_type=product&#038;p=20966"},"modified":"2026-01-20T12:49:15","modified_gmt":"2026-01-20T11:49:15","slug":"sessantanni-rose-salento-igp-magnum","status":"publish","type":"product","link":"https:\/\/sanmarzano.wine\/de\/prodotto\/sessantanni-rose-salento-igp-magnum\/","title":{"rendered":"Sessantanni Ros\u00e9 Salento IGP  Magnum"},"content":{"rendered":"<div class=\"font-prodotto desc-lunga col-xs-12 col-sm-12 col-md-12 col-lg-8 col-lg-offset-2\" style=\"text-align: initial\">\n<p><strong>TIPOLOGIA<\/strong>: Ros\u00e9<\/p>\n<p><strong>DENOMINAZIONE<\/strong>: Salento IGP<\/p>\n<p><strong>ZONA DI PRODUZIONE<\/strong>: Viti di Primitivo allevate nelle nostre tenute. A circa 100 m sul livello del mare. L\u2019area \u00e8 caratterizzata da somme termiche elevate e piovosit\u00e0 medio-bassa<\/p>\n<p><strong>COLTIVAZIONE<\/strong>: Spalliera<\/p>\n<p><strong>EPOCA DI VENDEMMIA<\/strong>: Manuale, prima e seconda settimana di settembre<\/p>\n<p><strong>CARATTERISTICHE ORGANOLETTICHE<\/strong>: Rosa tenue, vivace e di bella intensit\u00e0. Al naso si apre un bouquet di frutti rossi dove predomina la ciliegia croccante, avvolta da una nota fruttata pi\u00f9 dolce che<br \/>\nricorda i fioroni maturi. Al palato mostra una certa struttura e rotondit\u00e0. Sapidit\u00e0 e freschezza donano equilibrio al sorso pieno e persistente<\/p>\n<p><strong>ABBINAMENTI<\/strong>: Compagno ideale di primi e secondi piatti a base di pesce o crostacei. Da abbinare anche a piatti della cucina di terra e vegetariana lievemente strutturati<\/p>\n<p><strong>TEMPERATURA DI SERVIZIO<\/strong>: 10-12\u00b0C<\/p>\n<p><strong>CONSUMO IDEALE<\/strong>: Entro 10 anni dalla vendemmia<\/p>\n<p>Prodotto in Italia<\/p>\n<p>Contiene solfiti<\/p>\n<\/div>\n","protected":false},"excerpt":{"rendered":"<div class=\"testo-breve-prodotto\">\n<p><strong>FORMATO BOTTIGLIA:<\/strong> 1,5 l<\/p>\n<p><strong>ANNATA<\/strong>: 2023<\/p>\n<p><strong>VITIGNO<\/strong>: Primitivo<\/p>\n<p><strong>AFFINAMENTO<\/strong>: Il 30% della massa \u00e8 affinato per 3 mesi in barrique di rovere francese non tostate, la restante parte riposa in acciaio per minimo 3 mesi<\/p>\n<p><strong>GRADO ALCOLICO<\/strong>: 13,5% vol<\/p>\n<\/div>\n","protected":false},"featured_media":20942,"template":"","meta":{"om_disable_all_campaigns":false},"product_brand":[],"product_cat":[38,145],"product_tag":[76],"class_list":{"0":"post-20966","1":"product","2":"type-product","3":"status-publish","4":"has-post-thumbnail","6":"product_cat-rosati","7":"product_cat-formati-speciali","8":"product_tag-barricato","10":"first","11":"instock","12":"shipping-taxable","13":"purchasable","14":"product-type-simple","15":"new","16":"layout-style-4","17":"col-md-4 col-sm-4 col-xs-6","18":"col-lg-3","19":"product-has-gallery","20":"product-style-default"},"yoast_head":"<!-- This site is optimized with the Yoast SEO plugin v25.2 - https:\/\/yoast.com\/wordpress\/plugins\/seo\/ -->\n<title>Sessantanni Ros\u00e9 Salento IGP | Vino Ros\u00e9 Magnum | Bottiglia da 1,5 litri<\/title>\n<meta name=\"description\" content=\"essantanni Ros\u00e9 Salento IGP Magnum. Rosa tenue, vivace e intenso. Bouquet di frutti rossi e nota dolce di fioroni maturi. Acquista ora!\" \/>\n<meta name=\"robots\" content=\"index, follow, max-snippet:-1, max-image-preview:large, max-video-preview:-1\" \/>\n<link rel=\"canonical\" href=\"https:\/\/sanmarzano.wine\/prodotto\/sessantanni-rose-salento-igp-magnum\/\" \/>\n<meta property=\"og:locale\" content=\"de_DE\" \/>\n<meta property=\"og:type\" content=\"article\" \/>\n<meta property=\"og:title\" content=\"Sessantanni Ros\u00e9 Salento IGP | Vino Ros\u00e9 Magnum | Bottiglia da 1,5 litri\" \/>\n<meta property=\"og:description\" content=\"essantanni Ros\u00e9 Salento IGP Magnum. Rosa tenue, vivace e intenso. Bouquet di frutti rossi e nota dolce di fioroni maturi. Acquista ora!\" \/>\n<meta property=\"og:url\" content=\"https:\/\/sanmarzano.wine\/prodotto\/sessantanni-rose-salento-igp-magnum\/\" \/>\n<meta property=\"og:site_name\" content=\"San Marzano\" \/>\n<meta property=\"article:modified_time\" content=\"2026-01-20T11:49:15+00:00\" \/>\n<meta property=\"og:image\" content=\"https:\/\/sanmarzano.wine\/wp-content\/uploads\/2024\/12\/60rose-magnum-carosello01.jpg\" \/>\n\t<meta property=\"og:image:width\" content=\"1200\" \/>\n\t<meta property=\"og:image:height\" content=\"1425\" \/>\n\t<meta property=\"og:image:type\" content=\"image\/jpeg\" \/>\n<meta name=\"twitter:card\" content=\"summary_large_image\" \/>\n<meta name=\"twitter:label1\" content=\"Gesch\u00e4tzte Lesezeit\" \/>\n\t<meta name=\"twitter:data1\" content=\"1\u00a0Minute\" \/>\n<script type=\"application\/ld+json\" class=\"yoast-schema-graph\">{\"@context\":\"https:\/\/schema.org\",\"@graph\":[{\"@type\":\"WebPage\",\"@id\":\"https:\/\/sanmarzano.wine\/prodotto\/sessantanni-rose-salento-igp-magnum\/\",\"url\":\"https:\/\/sanmarzano.wine\/prodotto\/sessantanni-rose-salento-igp-magnum\/\",\"name\":\"Sessantanni Ros\u00e9 Salento IGP | Vino Ros\u00e9 Magnum | Bottiglia da 1,5 litri\",\"isPartOf\":{\"@id\":\"https:\/\/sanmarzano.wine\/#website\"},\"primaryImageOfPage\":{\"@id\":\"https:\/\/sanmarzano.wine\/prodotto\/sessantanni-rose-salento-igp-magnum\/#primaryimage\"},\"image\":{\"@id\":\"https:\/\/sanmarzano.wine\/prodotto\/sessantanni-rose-salento-igp-magnum\/#primaryimage\"},\"thumbnailUrl\":\"https:\/\/sanmarzano.wine\/wp-content\/uploads\/2024\/12\/60rose-magnum-carosello01.jpg\",\"datePublished\":\"2019-09-06T17:00:39+00:00\",\"dateModified\":\"2026-01-20T11:49:15+00:00\",\"description\":\"essantanni Ros\u00e9 Salento IGP Magnum. Rosa tenue, vivace e intenso. Bouquet di frutti rossi e nota dolce di fioroni maturi. Acquista ora!\",\"breadcrumb\":{\"@id\":\"https:\/\/sanmarzano.wine\/prodotto\/sessantanni-rose-salento-igp-magnum\/#breadcrumb\"},\"inLanguage\":\"de\",\"potentialAction\":[{\"@type\":\"ReadAction\",\"target\":[\"https:\/\/sanmarzano.wine\/prodotto\/sessantanni-rose-salento-igp-magnum\/\"]}]},{\"@type\":\"ImageObject\",\"inLanguage\":\"de\",\"@id\":\"https:\/\/sanmarzano.wine\/prodotto\/sessantanni-rose-salento-igp-magnum\/#primaryimage\",\"url\":\"https:\/\/sanmarzano.wine\/wp-content\/uploads\/2024\/12\/60rose-magnum-carosello01.jpg\",\"contentUrl\":\"https:\/\/sanmarzano.wine\/wp-content\/uploads\/2024\/12\/60rose-magnum-carosello01.jpg\",\"width\":1200,\"height\":1425},{\"@type\":\"BreadcrumbList\",\"@id\":\"https:\/\/sanmarzano.wine\/prodotto\/sessantanni-rose-salento-igp-magnum\/#breadcrumb\",\"itemListElement\":[{\"@type\":\"ListItem\",\"position\":1,\"name\":\"Home\",\"item\":\"https:\/\/sanmarzano.wine\/de\/\"},{\"@type\":\"ListItem\",\"position\":2,\"name\":\"Shop\",\"item\":\"https:\/\/sanmarzano.wine\/shop\/\"},{\"@type\":\"ListItem\",\"position\":3,\"name\":\"Sessantanni Ros\u00e9 Salento IGP Magnum\"}]},{\"@type\":\"WebSite\",\"@id\":\"https:\/\/sanmarzano.wine\/#website\",\"url\":\"https:\/\/sanmarzano.wine\/\",\"name\":\"San Marzano\",\"description\":\"\",\"potentialAction\":[{\"@type\":\"SearchAction\",\"target\":{\"@type\":\"EntryPoint\",\"urlTemplate\":\"https:\/\/sanmarzano.wine\/?s={search_term_string}\"},\"query-input\":{\"@type\":\"PropertyValueSpecification\",\"valueRequired\":true,\"valueName\":\"search_term_string\"}}],\"inLanguage\":\"de\"}]}<\/script>\n<!-- \/ Yoast SEO plugin. -->","yoast_head_json":{"title":"Sessantanni Ros\u00e9 Salento IGP | Vino Ros\u00e9 Magnum | Bottiglia da 1,5 litri","description":"essantanni Ros\u00e9 Salento IGP Magnum. Rosa tenue, vivace e intenso. Bouquet di frutti rossi e nota dolce di fioroni maturi. Acquista ora!","robots":{"index":"index","follow":"follow","max-snippet":"max-snippet:-1","max-image-preview":"max-image-preview:large","max-video-preview":"max-video-preview:-1"},"canonical":"https:\/\/sanmarzano.wine\/prodotto\/sessantanni-rose-salento-igp-magnum\/","og_locale":"de_DE","og_type":"article","og_title":"Sessantanni Ros\u00e9 Salento IGP | Vino Ros\u00e9 Magnum | Bottiglia da 1,5 litri","og_description":"essantanni Ros\u00e9 Salento IGP Magnum. Rosa tenue, vivace e intenso. Bouquet di frutti rossi e nota dolce di fioroni maturi. Acquista ora!","og_url":"https:\/\/sanmarzano.wine\/prodotto\/sessantanni-rose-salento-igp-magnum\/","og_site_name":"San Marzano","article_modified_time":"2026-01-20T11:49:15+00:00","og_image":[{"width":1200,"height":1425,"url":"https:\/\/sanmarzano.wine\/wp-content\/uploads\/2024\/12\/60rose-magnum-carosello01.jpg","type":"image\/jpeg"}],"twitter_card":"summary_large_image","twitter_misc":{"Gesch\u00e4tzte Lesezeit":"1\u00a0Minute"},"schema":{"@context":"https:\/\/schema.org","@graph":[{"@type":"WebPage","@id":"https:\/\/sanmarzano.wine\/prodotto\/sessantanni-rose-salento-igp-magnum\/","url":"https:\/\/sanmarzano.wine\/prodotto\/sessantanni-rose-salento-igp-magnum\/","name":"Sessantanni Ros\u00e9 Salento IGP | Vino Ros\u00e9 Magnum | Bottiglia da 1,5 litri","isPartOf":{"@id":"https:\/\/sanmarzano.wine\/#website"},"primaryImageOfPage":{"@id":"https:\/\/sanmarzano.wine\/prodotto\/sessantanni-rose-salento-igp-magnum\/#primaryimage"},"image":{"@id":"https:\/\/sanmarzano.wine\/prodotto\/sessantanni-rose-salento-igp-magnum\/#primaryimage"},"thumbnailUrl":"https:\/\/sanmarzano.wine\/wp-content\/uploads\/2024\/12\/60rose-magnum-carosello01.jpg","datePublished":"2019-09-06T17:00:39+00:00","dateModified":"2026-01-20T11:49:15+00:00","description":"essantanni Ros\u00e9 Salento IGP Magnum. Rosa tenue, vivace e intenso. Bouquet di frutti rossi e nota dolce di fioroni maturi. Acquista ora!","breadcrumb":{"@id":"https:\/\/sanmarzano.wine\/prodotto\/sessantanni-rose-salento-igp-magnum\/#breadcrumb"},"inLanguage":"de","potentialAction":[{"@type":"ReadAction","target":["https:\/\/sanmarzano.wine\/prodotto\/sessantanni-rose-salento-igp-magnum\/"]}]},{"@type":"ImageObject","inLanguage":"de","@id":"https:\/\/sanmarzano.wine\/prodotto\/sessantanni-rose-salento-igp-magnum\/#primaryimage","url":"https:\/\/sanmarzano.wine\/wp-content\/uploads\/2024\/12\/60rose-magnum-carosello01.jpg","contentUrl":"https:\/\/sanmarzano.wine\/wp-content\/uploads\/2024\/12\/60rose-magnum-carosello01.jpg","width":1200,"height":1425},{"@type":"BreadcrumbList","@id":"https:\/\/sanmarzano.wine\/prodotto\/sessantanni-rose-salento-igp-magnum\/#breadcrumb","itemListElement":[{"@type":"ListItem","position":1,"name":"Home","item":"https:\/\/sanmarzano.wine\/de\/"},{"@type":"ListItem","position":2,"name":"Shop","item":"https:\/\/sanmarzano.wine\/shop\/"},{"@type":"ListItem","position":3,"name":"Sessantanni Ros\u00e9 Salento IGP Magnum"}]},{"@type":"WebSite","@id":"https:\/\/sanmarzano.wine\/#website","url":"https:\/\/sanmarzano.wine\/","name":"San Marzano","description":"","potentialAction":[{"@type":"SearchAction","target":{"@type":"EntryPoint","urlTemplate":"https:\/\/sanmarzano.wine\/?s={search_term_string}"},"query-input":{"@type":"PropertyValueSpecification","valueRequired":true,"valueName":"search_term_string"}}],"inLanguage":"de"}]}},"_links":{"self":[{"href":"https:\/\/sanmarzano.wine\/de\/wp-json\/wp\/v2\/product\/20966","targetHints":{"allow":["GET"]}}],"collection":[{"href":"https:\/\/sanmarzano.wine\/de\/wp-json\/wp\/v2\/product"}],"about":[{"href":"https:\/\/sanmarzano.wine\/de\/wp-json\/wp\/v2\/types\/product"}],"wp:featuredmedia":[{"embeddable":true,"href":"https:\/\/sanmarzano.wine\/de\/wp-json\/wp\/v2\/media\/20942"}],"wp:attachment":[{"href":"https:\/\/sanmarzano.wine\/de\/wp-json\/wp\/v2\/media?parent=20966"}],"wp:term":[{"taxonomy":"product_brand","embeddable":true,"href":"https:\/\/sanmarzano.wine\/de\/wp-json\/wp\/v2\/product_brand?post=20966"},{"taxonomy":"product_cat","embeddable":true,"href":"https:\/\/sanmarzano.wine\/de\/wp-json\/wp\/v2\/product_cat?post=20966"},{"taxonomy":"product_tag","embeddable":true,"href":"https:\/\/sanmarzano.wine\/de\/wp-json\/wp\/v2\/product_tag?post=20966"}],"curies":[{"name":"wp","href":"https:\/\/api.w.org\/{rel}","templated":true}]}}