{"id":7024,"date":"2021-03-04T15:32:25","date_gmt":"2021-03-04T14:32:25","guid":{"rendered":"https:\/\/sanmarzano.wine\/?page_id=7024"},"modified":"2021-09-21T10:15:04","modified_gmt":"2021-09-21T08:15:04","slug":"paul-kremer","status":"publish","type":"page","link":"https:\/\/sanmarzano.wine\/de\/tramart\/paul-kremer\/","title":{"rendered":"Paul Kremer"},"content":{"rendered":"<div class=\"wpb-content-wrapper\"><p>[vc_row][vc_column][vc_column_text][\/vc_column_text][\/vc_column][\/vc_row][vc_row css=&#8220;.vc_custom_1621514613245{margin-top: 20px !important;margin-bottom: 20px !important;}&#8220;][vc_column][vc_empty_space][\/vc_column][vc_column width=&#8220;2\/3&#8243; offset=&#8220;vc_col-lg-offset-2 vc_col-lg-8 vc_col-md-offset-0 vc_col-md-12 vc_col-sm-offset-0&#8243;][vc_custom_heading text=&#8220;Tramari von Paul Kremer&#8220; font_container=&#8220;tag:h1|font_size:40px|text_align:left&#8220; google_fonts=&#8220;font_family:Playfair%20Display%3Aregular%2Citalic%2C700%2C700italic%2C900%2C900italic|font_style:400%20regular%3A400%3Anormal&#8220; css=&#8220;.vc_custom_1632125455757{margin-bottom: 20px !important;}&#8220; el_class=&#8220;titolo-prodotto&#8220;][vc_separator color=&#8220;black&#8220; align=&#8220;align_left&#8220; border_width=&#8220;3&#8243; el_width=&#8220;40&#8243; css=&#8220;.vc_custom_1611135889012{margin-bottom: 20px !important;}&#8220;][vc_column_text]<\/p>\n<p style=\"font-size: 16px; line-height: 34px;\">Erstes Kapitel des Projekts <a href=\"https:\/\/sanmarzano.wine\/de\/tramart\/\"><u>TramArt<\/u><\/a>, Aufeinandertreffen von Kunst und Wein by San Marzano. Das Etikett des <a href=\"https:\/\/sanmarzano.wine\/de\/tramari-rose-di-primitivo-salento-igp\/\"><u>Ros\u00e9 di Primitivo<\/u><\/a> mit seinem einfachen, geometrischen und linearen Design ist die ideale Leinwand f\u00fcr den US-amerikanischen K\u00fcnstler, der weltweit f\u00fcr seinen minimalistischen Stil bekannt ist. Ged\u00e4mpfte Farben und geschwungene Federz\u00fcge umh\u00fcllen die Flasche und zeichnen die Umrisse einer Landschaft nach, die sich Tra i Mari, also zwischen den Meeren, erstreckt.<\/p>\n<p>[\/vc_column_text][\/vc_column][\/vc_row][vc_row full_width=&#8220;stretch_row_content_no_spaces&#8220; equal_height=&#8220;yes&#8220; css=&#8220;.vc_custom_1626948897837{padding-top: 20px !important;padding-bottom: 20px !important;}&#8220; el_class=&#8220;altezza-box2&#8243; el_id=&#8220;riga-incontro-pk-de&#8220;][vc_column css_animation=&#8220;bounceInLeft&#8220; width=&#8220;1\/2&#8243; el_class=&#8220;altezza-box box-image-test image-bottiglia-pk&#8220; css=&#8220;.vc_custom_1624629072456{background-image: url(https:\/\/sanmarzano.wine\/wp-content\/uploads\/2021\/06\/sanmarzano-incontro-tramart.jpg?id=6196) !important;background-position: center !important;background-repeat: no-repeat !important;background-size: cover !important;}&#8220;][\/vc_column][vc_column width=&#8220;1\/2&#8243; css=&#8220;.vc_custom_1624629076055{background-color: #eeeef0 !important;}&#8220; el_class=&#8220;colonna-caratteristiche&#8220;][vc_row_inner][vc_column_inner css=&#8220;.vc_custom_1621517330589{padding-left: 5% !important;}&#8220;][vc_empty_space height=&#8220;60px&#8220; el_class=&#8220;spazio-incotro-pk&#8220;][vc_custom_heading text=&#8220;Das Treffen&#8220; use_theme_fonts=&#8220;yes&#8220; css=&#8220;.vc_custom_1632125973629{margin-bottom: 20px !important;}&#8220;][vc_column_text el_id=&#8220;testo-pk-de&#8220; css=&#8220;.vc_custom_1632125989018{padding-right: 10% !important;}&#8220;]<\/p>\n<p style=\"color: #23232c; line-height: 29px; text-align: left;\">Der Dialog zwischen San Marzano und dem K\u00fcnstler begann 2019 und wurde vom Galeristen Angelo Milano (#STUDIOCROMIE) vorangetrieben. Drei Dimensionen pr\u00e4gten das erste Treffen: Produkt, Image und Appeal setzten einen kreativen Prozess in Gang, der die Affinit\u00e4t zwischen dem Stil, den Vorstellungen und Ideen von San Marzano und Paul Kremer widerspiegelt. Es ist ein konzeptuelles Werk mit Sinn f\u00fcr die Elemente der Natur, der Erde und des Meeres.<br \/>\nVon der Leinwand aufs Etikett war es nur ein kleiner Schritt. Als w\u00e4re er unendlich, verl\u00e4uft der Landstrich um den Flaschenumfang und verleiht Bewegung, erinnert gleicherma\u00dfen an die Geschmeidigkeit der Fl\u00fcssigkeit, w\u00e4hrend die farbigen Felder, wenn auch klar umrissen, mit ihren ged\u00e4mpften Farbt\u00f6nen den Blick des Betrachters beinahe streicheln und dabei dem Rosa des Tramari huldigen. Das erste Kapitel des Projekts TramArt, Tramari von Paul Kremer, ist eine Hommage an die bildenden K\u00fcnste und an die Sch\u00f6nheit der Einfachheit von Stil, Ausdruck und Sprache \u2013 Werte, an denen sich die Unternehmensphilosophie von San Marzano anlehnt.<\/p>\n<p>[\/vc_column_text][\/vc_column_inner][\/vc_row_inner][\/vc_column][\/vc_row][vc_row css=&#8220;.vc_custom_1624629098602{margin-top: 40px !important;margin-bottom: 40px !important;}&#8220;][vc_column][vc_empty_space][\/vc_column][vc_column width=&#8220;2\/3&#8243; offset=&#8220;vc_col-lg-offset-2 vc_col-lg-8 vc_col-md-offset-0 vc_col-md-12 vc_col-sm-offset-0&#8243;][vc_custom_heading text=&#8220;Paul Kremer&#8220; use_theme_fonts=&#8220;yes&#8220; el_class=&#8220;linea-azienda&#8220; css=&#8220;.vc_custom_1621508355938{margin-bottom: 20px !important;}&#8220;][vc_column_text]<\/p>\n<p style=\"font-size: 16px; line-height: 34px;\">Geboren 1971 in Chicago, ist <strong>Paul Kremer<\/strong> ein anerkannter minimalistischer Maler, der f\u00fcr seine geometrisch-illusorischen bis abstrakt flachen Werke weltweite Anerkennung erf\u00e4hrt. Chromatische Interaktionen und Color-Field-Kontaminierung appellieren an den Mut der Einfachheit. Kramer lebt und arbeitet in Houston, Texas. Seine Werke wurden in Paris, New York, Br\u00fcssel, Miami, Mailand und Los Angeles ausgestellt.<\/p>\n<p>[\/vc_column_text][\/vc_column][\/vc_row][vc_row full_width=&#8220;stretch_row_content_no_spaces&#8220; equal_height=&#8220;yes&#8220; css=&#8220;.vc_custom_1626948933365{padding-top: 20px !important;padding-bottom: 20px !important;}&#8220; el_class=&#8220;colonna-caratteristiche-samia2&#8243; el_id=&#8220;riga-collaborazioni-pk-de&#8220;][vc_column css_animation=&#8220;bounceInLeft&#8220; width=&#8220;1\/2&#8243; el_class=&#8220;altezza-box box-image-test image-bottiglia-pk&#8220; css=&#8220;.vc_custom_1624624711554{background-image: url(https:\/\/sanmarzano.wine\/wp-content\/uploads\/2021\/06\/sanmarzano-collaborazioni-paul-kremer.jpg?id=6198) !important;background-position: center !important;background-repeat: no-repeat !important;background-size: cover !important;}&#8220;][\/vc_column][vc_column width=&#8220;1\/2&#8243; css=&#8220;.vc_custom_1624629110128{background-color: #eeeef0 !important;}&#8220; el_class=&#8220;colonna-caratteristiche&#8220;][vc_row_inner][vc_column_inner css=&#8220;.vc_custom_1621517330589{padding-left: 5% !important;}&#8220;][vc_empty_space height=&#8220;30px&#8220; el_class=&#8220;spazio-incotro-pk&#8220;][vc_custom_heading text=&#8220;Gemeinsame Projekte&#8220; use_theme_fonts=&#8220;yes&#8220; css=&#8220;.vc_custom_1632126088404{margin-bottom: 20px !important;}&#8220;][vc_column_text css=&#8220;.vc_custom_1632126173738{padding-right: 10% !important;}&#8220;]<\/p>\n<p style=\"color: #23232c; line-height: 30px; text-align: left;\"><strong>Papier von Fedrigoni und Fabriano \u00a0<\/strong><br \/>\nDas Kunstprojekt wird unterst\u00fctzt vom Papierherstellungsunternehmen Gruppo Cartario Fedrigoni. Fedrigoni Self-Adhesives und Fedrigoni Paper lieferten das selbstklebende Papier Picasso X-Dry f\u00fcr die Etiketten und das fleckenabweisende Papier Tintoretto Gesso Touch Class f\u00fcr die Schachteln; auf diese Weise erhielt der Wein eine luxuri\u00f6se Verpackung. Die Gruppe Fedrigoni lieferte auch das edle Papier Fabriano Tiepolo, das f\u00fcr die nummerierten Kunstdrucke von Paul Kremers Werken verwendet wurde, welche jeder Flasche dieser exklusiven Edition des Tramari Ros\u00e9 di Primitivo beiliegen.<\/p>\n<p style=\"color: #23232c; line-height: 30px; text-align: left;\"><strong>Druck der Etiketten: Tonutti Tecniche Grafiche<\/strong><br \/>\nDen Druck der Etiketten \u00fcbernahm die Firma Tonutti Tecniche Grafiche Spa, Italiens gr\u00f6\u00dftes Unternehmen f\u00fcr den Druck edler Etiketten. Dank seines Beitrags entstand dieses elegante Etikett, auf dem durch eine abwechselnd gl\u00e4nzende und matte Farbgebung auf mattem Grund ein perfektes harmonisches Gleichgewicht mit genauester Herausarbeitung der Farben und Lesbarkeit der Texte entstehen konnte.<\/p>\n<p>[\/vc_column_text][\/vc_column_inner][\/vc_row_inner][\/vc_column][\/vc_row][vc_row full_width=&#8220;stretch_row_content_no_spaces&#8220;][vc_column offset=&#8220;vc_hidden-sm vc_hidden-xs&#8220;][vc_empty_space height=&#8220;0&#8243;][vc_images_carousel images=&#8220;6909,6908,6907&#8243; img_size=&#8220;full&#8220; onclick=&#8220;link_no&#8220; speed=&#8220;0&#8243; slides_per_view=&#8220;3&#8243; hide_pagination_control=&#8220;yes&#8220; hide_prev_next_buttons=&#8220;yes&#8220; wrap=&#8220;yes&#8220;][\/vc_column][\/vc_row][vc_row full_width=&#8220;stretch_row_content_no_spaces&#8220;][vc_column offset=&#8220;vc_hidden-lg vc_hidden-md&#8220;][vc_empty_space][vc_images_carousel images=&#8220;6909,6908,6907&#8243; img_size=&#8220;full&#8220; onclick=&#8220;link_no&#8220; hide_pagination_control=&#8220;yes&#8220;][\/vc_column][\/vc_row]<\/p>\n<\/div>","protected":false},"excerpt":{"rendered":"<p>[vc_row][vc_column][vc_column_text][\/vc_column_text][\/vc_column][\/vc_row][vc_row css=&#8220;.vc_custom_1621514613245{margin-top: 20px !important;margin-bottom: 20px !important;}&#8220;][vc_column][vc_empty_space][\/vc_column][vc_column width=&#8220;2\/3&#8243; offset=&#8220;vc_col-lg-offset-2 vc_col-lg-8 vc_col-md-offset-0 vc_col-md-12 vc_col-sm-offset-0&#8243;][vc_custom_heading text=&#8220;Tramari von Paul&hellip;<\/p>\n","protected":false},"author":1,"featured_media":0,"parent":7019,"menu_order":0,"comment_status":"closed","ping_status":"closed","template":"template_premio.php","meta":{"om_disable_all_campaigns":false,"footnotes":""},"class_list":["post-7024","page","type-page","status-publish","hentry"],"yoast_head":"<!-- This site is optimized with the Yoast SEO plugin v25.2 - https:\/\/yoast.com\/wordpress\/plugins\/seo\/ -->\n<title>Paul Kremer - San Marzano<\/title>\n<meta name=\"robots\" content=\"index, follow, max-snippet:-1, max-image-preview:large, max-video-preview:-1\" \/>\n<link rel=\"canonical\" href=\"https:\/\/sanmarzano.wine\/de\/tramart\/paul-kremer\/\" \/>\n<meta property=\"og:locale\" content=\"de_DE\" \/>\n<meta property=\"og:type\" content=\"article\" \/>\n<meta property=\"og:title\" content=\"Paul Kremer - San Marzano\" \/>\n<meta property=\"og:description\" content=\"[vc_row][vc_column][vc_column_text][\/vc_column_text][\/vc_column][\/vc_row][vc_row css=&#8220;.vc_custom_1621514613245{margin-top: 20px !important;margin-bottom: 20px !important;}&#8220;][vc_column][vc_empty_space][\/vc_column][vc_column width=&#8220;2\/3&#8243; offset=&#8220;vc_col-lg-offset-2 vc_col-lg-8 vc_col-md-offset-0 vc_col-md-12 vc_col-sm-offset-0&#8243;][vc_custom_heading text=&#8220;Tramari von Paul&hellip;\" \/>\n<meta property=\"og:url\" content=\"https:\/\/sanmarzano.wine\/de\/tramart\/paul-kremer\/\" \/>\n<meta property=\"og:site_name\" content=\"San Marzano\" \/>\n<meta property=\"article:modified_time\" content=\"2021-09-21T08:15:04+00:00\" \/>\n<meta name=\"twitter:card\" content=\"summary_large_image\" \/>\n<meta name=\"twitter:label1\" content=\"Gesch\u00e4tzte Lesezeit\" \/>\n\t<meta name=\"twitter:data1\" content=\"5\u00a0Minuten\" \/>\n<script type=\"application\/ld+json\" class=\"yoast-schema-graph\">{\"@context\":\"https:\/\/schema.org\",\"@graph\":[{\"@type\":\"WebPage\",\"@id\":\"https:\/\/sanmarzano.wine\/de\/tramart\/paul-kremer\/\",\"url\":\"https:\/\/sanmarzano.wine\/de\/tramart\/paul-kremer\/\",\"name\":\"Paul Kremer - San Marzano\",\"isPartOf\":{\"@id\":\"https:\/\/sanmarzano.wine\/#website\"},\"datePublished\":\"2021-03-04T14:32:25+00:00\",\"dateModified\":\"2021-09-21T08:15:04+00:00\",\"breadcrumb\":{\"@id\":\"https:\/\/sanmarzano.wine\/de\/tramart\/paul-kremer\/#breadcrumb\"},\"inLanguage\":\"de\",\"potentialAction\":[{\"@type\":\"ReadAction\",\"target\":[\"https:\/\/sanmarzano.wine\/de\/tramart\/paul-kremer\/\"]}]},{\"@type\":\"BreadcrumbList\",\"@id\":\"https:\/\/sanmarzano.wine\/de\/tramart\/paul-kremer\/#breadcrumb\",\"itemListElement\":[{\"@type\":\"ListItem\",\"position\":1,\"name\":\"Home\",\"item\":\"https:\/\/sanmarzano.wine\/de\/\"},{\"@type\":\"ListItem\",\"position\":2,\"name\":\"Tramart\",\"item\":\"https:\/\/sanmarzano.wine\/de\/tramart\/\"},{\"@type\":\"ListItem\",\"position\":3,\"name\":\"Paul Kremer\"}]},{\"@type\":\"WebSite\",\"@id\":\"https:\/\/sanmarzano.wine\/#website\",\"url\":\"https:\/\/sanmarzano.wine\/\",\"name\":\"San Marzano\",\"description\":\"\",\"potentialAction\":[{\"@type\":\"SearchAction\",\"target\":{\"@type\":\"EntryPoint\",\"urlTemplate\":\"https:\/\/sanmarzano.wine\/?s={search_term_string}\"},\"query-input\":{\"@type\":\"PropertyValueSpecification\",\"valueRequired\":true,\"valueName\":\"search_term_string\"}}],\"inLanguage\":\"de\"}]}<\/script>\n<!-- \/ Yoast SEO plugin. -->","yoast_head_json":{"title":"Paul Kremer - San Marzano","robots":{"index":"index","follow":"follow","max-snippet":"max-snippet:-1","max-image-preview":"max-image-preview:large","max-video-preview":"max-video-preview:-1"},"canonical":"https:\/\/sanmarzano.wine\/de\/tramart\/paul-kremer\/","og_locale":"de_DE","og_type":"article","og_title":"Paul Kremer - San Marzano","og_description":"[vc_row][vc_column][vc_column_text][\/vc_column_text][\/vc_column][\/vc_row][vc_row css=&#8220;.vc_custom_1621514613245{margin-top: 20px !important;margin-bottom: 20px !important;}&#8220;][vc_column][vc_empty_space][\/vc_column][vc_column width=&#8220;2\/3&#8243; offset=&#8220;vc_col-lg-offset-2 vc_col-lg-8 vc_col-md-offset-0 vc_col-md-12 vc_col-sm-offset-0&#8243;][vc_custom_heading text=&#8220;Tramari von Paul&hellip;","og_url":"https:\/\/sanmarzano.wine\/de\/tramart\/paul-kremer\/","og_site_name":"San Marzano","article_modified_time":"2021-09-21T08:15:04+00:00","twitter_card":"summary_large_image","twitter_misc":{"Gesch\u00e4tzte Lesezeit":"5\u00a0Minuten"},"schema":{"@context":"https:\/\/schema.org","@graph":[{"@type":"WebPage","@id":"https:\/\/sanmarzano.wine\/de\/tramart\/paul-kremer\/","url":"https:\/\/sanmarzano.wine\/de\/tramart\/paul-kremer\/","name":"Paul Kremer - San Marzano","isPartOf":{"@id":"https:\/\/sanmarzano.wine\/#website"},"datePublished":"2021-03-04T14:32:25+00:00","dateModified":"2021-09-21T08:15:04+00:00","breadcrumb":{"@id":"https:\/\/sanmarzano.wine\/de\/tramart\/paul-kremer\/#breadcrumb"},"inLanguage":"de","potentialAction":[{"@type":"ReadAction","target":["https:\/\/sanmarzano.wine\/de\/tramart\/paul-kremer\/"]}]},{"@type":"BreadcrumbList","@id":"https:\/\/sanmarzano.wine\/de\/tramart\/paul-kremer\/#breadcrumb","itemListElement":[{"@type":"ListItem","position":1,"name":"Home","item":"https:\/\/sanmarzano.wine\/de\/"},{"@type":"ListItem","position":2,"name":"Tramart","item":"https:\/\/sanmarzano.wine\/de\/tramart\/"},{"@type":"ListItem","position":3,"name":"Paul Kremer"}]},{"@type":"WebSite","@id":"https:\/\/sanmarzano.wine\/#website","url":"https:\/\/sanmarzano.wine\/","name":"San Marzano","description":"","potentialAction":[{"@type":"SearchAction","target":{"@type":"EntryPoint","urlTemplate":"https:\/\/sanmarzano.wine\/?s={search_term_string}"},"query-input":{"@type":"PropertyValueSpecification","valueRequired":true,"valueName":"search_term_string"}}],"inLanguage":"de"}]}},"_links":{"self":[{"href":"https:\/\/sanmarzano.wine\/de\/wp-json\/wp\/v2\/pages\/7024","targetHints":{"allow":["GET"]}}],"collection":[{"href":"https:\/\/sanmarzano.wine\/de\/wp-json\/wp\/v2\/pages"}],"about":[{"href":"https:\/\/sanmarzano.wine\/de\/wp-json\/wp\/v2\/types\/page"}],"author":[{"embeddable":true,"href":"https:\/\/sanmarzano.wine\/de\/wp-json\/wp\/v2\/users\/1"}],"replies":[{"embeddable":true,"href":"https:\/\/sanmarzano.wine\/de\/wp-json\/wp\/v2\/comments?post=7024"}],"version-history":[{"count":9,"href":"https:\/\/sanmarzano.wine\/de\/wp-json\/wp\/v2\/pages\/7024\/revisions"}],"predecessor-version":[{"id":8271,"href":"https:\/\/sanmarzano.wine\/de\/wp-json\/wp\/v2\/pages\/7024\/revisions\/8271"}],"up":[{"embeddable":true,"href":"https:\/\/sanmarzano.wine\/de\/wp-json\/wp\/v2\/pages\/7019"}],"wp:attachment":[{"href":"https:\/\/sanmarzano.wine\/de\/wp-json\/wp\/v2\/media?parent=7024"}],"curies":[{"name":"wp","href":"https:\/\/api.w.org\/{rel}","templated":true}]}}