{"id":7019,"date":"2021-03-04T15:31:36","date_gmt":"2021-03-04T14:31:36","guid":{"rendered":"https:\/\/sanmarzano.wine\/?page_id=7019"},"modified":"2026-05-07T10:05:29","modified_gmt":"2026-05-07T08:05:29","slug":"tramart","status":"publish","type":"page","link":"https:\/\/sanmarzano.wine\/de\/tramart\/","title":{"rendered":"Tramart"},"content":{"rendered":"<div class=\"wpb-content-wrapper\"><p>[vc_row][vc_column css=&#8220;.vc_custom_1618996654097{margin-top: 100px !important;}&#8220;]\n\t\t\t<!-- START tramart padre REVOLUTION SLIDER 6.7.33 --><p class=\"rs-p-wp-fix\"><\/p>\n\t\t\t<rs-module-wrap id=\"rev_slider_35_1_wrapper\" data-source=\"gallery\" style=\"visibility:hidden;background:transparent;padding:0;\">\n\t\t\t\t<rs-module id=\"rev_slider_35_1\" style=\"\" data-version=\"6.7.33\">\n\t\t\t\t\t<rs-slides style=\"overflow: hidden; position: absolute;\">\n\t\t\t\t\t\t<rs-slide style=\"position: absolute;\" data-key=\"rs-114\" data-title=\"sessantanni\" data-in=\"o:0;\" data-out=\"a:false;\">\n\t\t\t\t\t\t\t<img decoding=\"async\" src=\"\/\/sanmarzano.wine\/wp-content\/plugins\/revslider\/sr6\/assets\/assets\/dummy.png\" alt=\"\" title=\"sanmarzano-header-Tramari-Toiletpaper-2026\" width=\"1600\" height=\"1009\" class=\"rev-slidebg tp-rs-img rs-lazyload\" data-lazyload=\"\/\/sanmarzano.wine\/wp-content\/uploads\/2026\/04\/sanmarzano-header-Tramari-Toiletpaper-2026.jpg\" data-bg=\"p:55% 0%;\" data-no-retina>\n<!---->\t\t\t\t\t<\/rs-slide>\n\t\t\t\t\t<\/rs-slides>\n\t\t\t\t<\/rs-module>\n\t\t\t\t<script>\n\t\t\t\t\tsetREVStartSize({c: 'rev_slider_35_1',rl:[1240,1024,778,480],el:[900,768,960,720],gw:[1240,1026,778,480],gh:[900,768,960,720],type:'standard',justify:'',layout:'fullscreen',offsetContainer:'',offset:'',mh:\"0\"});if (window.RS_MODULES!==undefined && window.RS_MODULES.modules!==undefined && window.RS_MODULES.modules[\"revslider351\"]!==undefined) {window.RS_MODULES.modules[\"revslider351\"].once = false;window.revapi35 = undefined;if (window.RS_MODULES.checkMinimal!==undefined) window.RS_MODULES.checkMinimal()}\n\t\t\t\t<\/script>\n\t\t\t<\/rs-module-wrap>\n\t\t\t<!-- END REVOLUTION SLIDER -->\n[\/vc_column][\/vc_row][vc_row equal_height=&#8220;yes&#8220; content_placement=&#8220;middle&#8220; css=&#8220;.vc_custom_1773659507701{margin-right: 5% !important;margin-left: 5% !important;padding-top: 20px !important;padding-bottom: 20px !important;}&#8220; el_class=&#8220;altezza-box2&#8243;][vc_column width=&#8220;1\/2&#8243; el_class=&#8220;colonna-caratteristiche&#8220;][vc_row_inner css=&#8220;.vc_custom_1776423779532{border-right-width: 1px !important;border-right-style: solid !important;border-color: #313131 !important;}&#8220; el_class=&#8220;row-intro-tramart&#8220;][vc_column_inner el_class=&#8220;colonna-intro-tramart2&#8243; css=&#8220;.vc_custom_1776423434686{padding-right: 40px !important;padding-left: 15% !important;}&#8220;][vc_empty_space height=&#8220;30px&#8220;][vc_custom_heading text=&#8220;TramArt &#8211; Eine Geschichte von Kunst und Wein&#8220; font_container=&#8220;tag:h1|font_size:40px|text_align:left&#8220; google_fonts=&#8220;font_family:Playfair%20Display%3Aregular%2Citalic%2C700%2C700italic%2C900%2C900italic|font_style:400%20regular%3A400%3Anormal&#8220; css=&#8220;.vc_custom_1777038751999{margin-bottom: 20px !important;}&#8220; el_class=&#8220;titolo-prodotto&#8220;][vc_separator color=&#8220;black&#8220; align=&#8220;align_left&#8220; border_width=&#8220;3&#8243; el_width=&#8220;40&#8243; css=&#8220;.vc_custom_1611135889012{margin-bottom: 20px !important;}&#8220;][vc_column_text css=&#8220;&#8220;]<\/p>\n<p style=\"font-size: 16px; line-height: 34px;\">Entstanden aus dem Aufeinandertreffen von Kunst und Wein, ist es eine Erz\u00e4hlung in Kapiteln. Wie unser Land zwischen den zwei Meeren, ist es ein vom Rahmen begrenztes Werk, eingeschlossen zwischen Anfang und Ende.<\/p>\n<p>[\/vc_column_text][vc_empty_space height=&#8220;40px&#8220;]<a href=\"#\" title=\"Toiletpaper\" class=\"sober-button button-type-outline button-color-dark align-inline  button-ultimo-capitolo button normal button-normal\">Entdecke das neue Kapitel<\/a>[\/vc_column_inner][\/vc_row_inner][\/vc_column][vc_column css_animation=&#8220;bounceInLeft&#8220; width=&#8220;1\/2&#8243; el_class=&#8220;altezza-box box-image-test&#8220; css=&#8220;.vc_custom_1776938913748{background-position: center !important;background-repeat: no-repeat !important;background-size: cover !important;}&#8220;][vc_single_image image=&#8220;24707&#8243; img_size=&#8220;&#8220; alignment=&#8220;center&#8220; css=&#8220;&#8220;][\/vc_column][\/vc_row][vc_row full_width=&#8220;stretch_row_content_no_spaces&#8220;][vc_column][vc_empty_space height=&#8220;40px&#8220;][vc_custom_heading text=&#8220;Die Kapitel &#8211; TramArts Signaturen&#8220; font_container=&#8220;tag:h1|font_size:50px|text_align:center&#8220; google_fonts=&#8220;font_family:Playfair%20Display%3Aregular%2Citalic%2C700%2C700italic%2C900%2C900italic|font_style:400%20regular%3A400%3Anormal&#8220; css=&#8220;.vc_custom_1777038762455{margin-bottom: 20px !important;}&#8220; el_class=&#8220;titolo-prodotto&#8220;][vc_empty_space height=&#8220;20px&#8220; el_class=&#8220;padding-banner&#8220;][vc_row_inner][vc_column_inner offset=&#8220;vc_hidden-sm vc_hidden-xs&#8220;]<div class=\"sober-banner-grid-6 box-immagini-homepage\">[sober_banner image_size=&#8220;full&#8220; text_position=&#8220;center&#8220; font_container=&#8220;font_size:45|color:%23FFFFFF&#8220; use_theme_fonts=&#8220;yes&#8220; button_visibility=&#8220;hidden&#8220; css_animation=&#8220;fadeIn&#8220; el_class=&#8220;banner1&#8243; image=&#8220;24714&#8243; link=&#8220;url:%23|title:Toiletpaper&#8220; css=&#8220;.vc_custom_1777035054655{padding-right: 10px !important;}&#8220;]Kapitel 6: Toiletpaper[\/sober_banner][sober_banner text_position=&#8220;center&#8220; font_container=&#8220;font_size:27&#8243; use_theme_fonts=&#8220;yes&#8220; button_visibility=&#8220;hidden&#8220; scheme=&#8220;light&#8220; css_animation=&#8220;fadeIn&#8220; el_class=&#8220;banner2&#8243; image=&#8220;24718&#8243; link=&#8220;url:https%3A%2F%2Fsanmarzano.wine%2Fde%2Ftramart%2Fpietro-terzini%2F|title:Pietro%20Terzini&#8220; button_text=&#8220;Scopri di Pi\u00f9&#8220; css=&#8220;.vc_custom_1777035069064{padding-right: 10px !important;padding-bottom: 10px !important;padding-left: 10px !important;}&#8220;]Kapitel 5: Pietro Terzini[\/sober_banner][sober_banner text_position=&#8220;center&#8220; font_container=&#8220;font_size:27&#8243; use_theme_fonts=&#8220;yes&#8220; button_visibility=&#8220;hidden&#8220; scheme=&#8220;light&#8220; css_animation=&#8220;fadeIn&#8220; el_class=&#8220;banner2&#8243; image=&#8220;24759&#8243; link=&#8220;url:https%3A%2F%2Fsanmarzano.wine%2Fde%2Ftramart%2Fgiampaolo-sgura%2F|title:Giampaolo%20Sgura&#8220; button_text=&#8220;Scopri di Pi\u00f9&#8220; css=&#8220;.vc_custom_1777035083958{padding-right: 10px !important;padding-bottom: 10px !important;padding-left: 10px !important;}&#8220;]Kapitel 4: Giampaolo Sgura[\/sober_banner][sober_banner image_size=&#8220;full&#8220; text_position=&#8220;center&#8220; font_container=&#8220;font_size:25&#8243; use_theme_fonts=&#8220;yes&#8220; button_visibility=&#8220;hidden&#8220; scheme=&#8220;light&#8220; css_animation=&#8220;fadeIn&#8220; el_class=&#8220;banner3&#8243; image=&#8220;24730&#8243; link=&#8220;url:https%3A%2F%2Fsanmarzano.wine%2Fde%2Ftramart%2Fagostino-iacurci%2F|title:Agostino%20Iacurci&#8220; button_text=&#8220;Scopri di Pi\u00f9&#8220; css=&#8220;.vc_custom_1777035097961{padding-right: 10px !important;padding-bottom: 10px !important;padding-left: 10px !important;}&#8220;]Kapitel 3: Agostino Iacurci[\/sober_banner][sober_banner image_size=&#8220;full&#8220; text_position=&#8220;center&#8220; font_container=&#8220;font_size:25&#8243; use_theme_fonts=&#8220;yes&#8220; button_visibility=&#8220;hidden&#8220; scheme=&#8220;light&#8220; css_animation=&#8220;fadeIn&#8220; el_class=&#8220;banner3&#8243; image=&#8220;24726&#8243; link=&#8220;url:https%3A%2F%2Fsanmarzano.wine%2Fde%2Ftramart%2Fmatt-kleberg%2F|title:Matt%20Kleberg&#8220; button_text=&#8220;Scopri di Pi\u00f9&#8220; css=&#8220;.vc_custom_1777035115473{padding-right: 10px !important;padding-bottom: 10px !important;padding-left: 10px !important;}&#8220;]Kapitel 2: Matt Kleberg[\/sober_banner][sober_banner image_size=&#8220;full&#8220; text_position=&#8220;center&#8220; font_container=&#8220;font_size:25&#8243; use_theme_fonts=&#8220;yes&#8220; button_visibility=&#8220;hidden&#8220; scheme=&#8220;light&#8220; css_animation=&#8220;fadeIn&#8220; el_class=&#8220;banner3&#8243; image=&#8220;24722&#8243; link=&#8220;url:https%3A%2F%2Fsanmarzano.wine%2Fde%2Ftramart%2Fpaul-kremer%2F|title:Paul%20Kremer&#8220; button_text=&#8220;Scopri di Pi\u00f9&#8220; css=&#8220;.vc_custom_1777035127498{margin-bottom: 10px !important;padding-right: 10px !important;padding-left: 10px !important;}&#8220;]Kapitel 1: Paul Kremer[\/sober_banner]<\/div>[\/vc_column_inner][\/vc_row_inner][vc_row_inner][vc_column_inner offset=&#8220;vc_hidden-lg vc_hidden-md&#8220;][sober_banner image_size=&#8220;full&#8220; text_position=&#8220;center&#8220; font_container=&#8220;font_size:25|color:%23FFFFFF&#8220; use_theme_fonts=&#8220;yes&#8220; button_visibility=&#8220;hidden&#8220; css_animation=&#8220;fadeIn&#8220; el_class=&#8220;banner1&#8243; image=&#8220;24714&#8243; link=&#8220;url:%23|title:Toiletpaper&#8220; css=&#8220;.vc_custom_1777035135044{margin-right: 10px !important;margin-bottom: 10px !important;margin-left: 10px !important;}&#8220;]Kapitel 6: Toiletpaper[\/sober_banner][sober_banner image_size=&#8220;full&#8220; text_position=&#8220;center&#8220; font_container=&#8220;font_size:27&#8243; use_theme_fonts=&#8220;yes&#8220; button_visibility=&#8220;hidden&#8220; scheme=&#8220;light&#8220; css_animation=&#8220;fadeIn&#8220; el_class=&#8220;banner2&#8243; image=&#8220;24718&#8243; link=&#8220;url:https%3A%2F%2Fsanmarzano.wine%2Fde%2Ftramart%2Fpietro-terzini%2F|title:Pietro%20Terzini&#8220; button_text=&#8220;Scopri di Pi\u00f9&#8220; css=&#8220;.vc_custom_1777035149158{margin-bottom: 10px !important;padding-right: 10px !important;padding-left: 10px !important;}&#8220;]Kapitel 5: Pietro Terzini[\/sober_banner][sober_banner image_size=&#8220;full&#8220; text_position=&#8220;center&#8220; font_container=&#8220;font_size:27&#8243; use_theme_fonts=&#8220;yes&#8220; button_visibility=&#8220;hidden&#8220; scheme=&#8220;light&#8220; css_animation=&#8220;fadeIn&#8220; el_class=&#8220;banner2&#8243; image=&#8220;24759&#8243; link=&#8220;url:https%3A%2F%2Fsanmarzano.wine%2Fde%2Ftramart%2Fgiampaolo-sgura%2F|title:Giampaolo%20Sgura&#8220; button_text=&#8220;Scopri di Pi\u00f9&#8220; css=&#8220;.vc_custom_1777035162607{margin-bottom: 10px !important;padding-right: 10px !important;padding-left: 10px !important;}&#8220;]Kapitel 4: Giampaolo Sgura[\/sober_banner][sober_banner image_size=&#8220;full&#8220; text_position=&#8220;center&#8220; font_container=&#8220;font_size:25&#8243; use_theme_fonts=&#8220;yes&#8220; button_visibility=&#8220;hidden&#8220; scheme=&#8220;light&#8220; css_animation=&#8220;fadeIn&#8220; el_class=&#8220;banner3&#8243; image=&#8220;24730&#8243; link=&#8220;url:https%3A%2F%2Fsanmarzano.wine%2Fde%2Ftramart%2Fagostino-iacurci%2F|title:Agostino%20Iacurci&#8220; button_text=&#8220;Scopri di Pi\u00f9&#8220; css=&#8220;.vc_custom_1777035176759{margin-bottom: 10px !important;padding-right: 10px !important;padding-left: 10px !important;}&#8220;]Kapitel 3: Agostino Iacurci[\/sober_banner][sober_banner image_size=&#8220;full&#8220; text_position=&#8220;center&#8220; font_container=&#8220;font_size:25&#8243; use_theme_fonts=&#8220;yes&#8220; button_visibility=&#8220;hidden&#8220; scheme=&#8220;light&#8220; css_animation=&#8220;fadeIn&#8220; el_class=&#8220;banner3&#8243; image=&#8220;24726&#8243; link=&#8220;url:https%3A%2F%2Fsanmarzano.wine%2Fde%2Ftramart%2Fmatt-kleberg%2F|title:Matt%20Kleberg&#8220; button_text=&#8220;Scopri di Pi\u00f9&#8220; css=&#8220;.vc_custom_1777035191068{margin-bottom: 10px !important;padding-right: 10px !important;padding-left: 10px !important;}&#8220;]Kapitel 2: Matt Kleberg[\/sober_banner][sober_banner image_size=&#8220;full&#8220; text_position=&#8220;center&#8220; font_container=&#8220;font_size:25&#8243; use_theme_fonts=&#8220;yes&#8220; button_visibility=&#8220;hidden&#8220; scheme=&#8220;light&#8220; css_animation=&#8220;fadeIn&#8220; el_class=&#8220;banner3&#8243; image=&#8220;24722&#8243; link=&#8220;url:https%3A%2F%2Fsanmarzano.wine%2Fde%2Ftramart%2Fpaul-kremer%2F|title:Matt%20Kleberg&#8220; button_text=&#8220;Scopri di Pi\u00f9&#8220; css=&#8220;.vc_custom_1777035203646{margin-bottom: 10px !important;padding-right: 10px !important;padding-left: 10px !important;}&#8220;]Kapitel 1: Paul Kremer[\/sober_banner][\/vc_column_inner][\/vc_row_inner][\/vc_column][\/vc_row][vc_row css=&#8220;.vc_custom_1777034263706{margin-top: 30px !important;margin-bottom: 30px !important;}&#8220;][vc_column width=&#8220;1\/4&#8243;][\/vc_column][vc_column width=&#8220;1\/2&#8243;][vc_empty_space height=&#8220;30px&#8220; el_class=&#8220;padding-banner&#8220;][vc_custom_heading text=&#8220;TramArt ist ein Projekt von San Marzano Wines.&#8220; font_container=&#8220;tag:h1|font_size:40px|text_align:center&#8220; google_fonts=&#8220;font_family:Playfair%20Display%3Aregular%2Citalic%2C700%2C700italic%2C900%2C900italic|font_style:400%20regular%3A400%3Anormal&#8220; css=&#8220;.vc_custom_1777035031475{margin-bottom: 20px !important;}&#8220; el_class=&#8220;titolo-prodotto&#8220;][vc_separator color=&#8220;black&#8220; border_width=&#8220;3&#8243; el_width=&#8220;40&#8243; css=&#8220;.vc_custom_1773659709852{margin-bottom: 20px !important;}&#8220;][vc_column_text css=&#8220;&#8220;]<\/p>\n<p style=\"font-size: 16px; line-height: 34px;\">Kunst ist freies Assoziieren von Form und Bedeutung, Kreativit\u00e4t und \u00e4sthetischem Empfinden; wir beschlossen deshalb, dem intuitiven Zusammenhang zwischen Kunst und Wein zu folgen. Ob Gem\u00e4lde oder Poesie, Skulptur oder ein Gitarrensolo \u2013 ein Kunstwerk kann die r\u00e4umlichen und zeitlichen Einschr\u00e4nkungen \u00fcberwinden und die Grenzen eines jeden Rahmens sprengen.<br \/>\nEin Kunstwerk ist ein Geschenk, das die Autorin oder der Autor vorurteilsfrei der Welt anbietet. Das Mittel mag Leinwand, Keramik, Holz, Zement oder Glas sein \u2013 das Ergebnis ist ein Bild, ein Klang oder Musik \u2013 stets in der Lage, raumlose Dimensionen und Eindr\u00fccke wiederzugeben. Ohne Anfang und ohne Ende.<\/p>\n<p>[\/vc_column_text][\/vc_column][vc_column width=&#8220;1\/4&#8243;][\/vc_column][\/vc_row][vc_row full_width=&#8220;stretch_row_content_no_spaces&#8220;][vc_column offset=&#8220;vc_hidden-sm vc_hidden-xs&#8220;][vc_empty_space height=&#8220;40px&#8220;][vc_images_carousel images=&#8220;20834,14019,16536,21716,16527,6910,24660&#8243; img_size=&#8220;600&#8243; slides_per_view=&#8220;4&#8243; autoplay=&#8220;yes&#8220; hide_pagination_control=&#8220;yes&#8220; wrap=&#8220;yes&#8220; css=&#8220;&#8220; el_class=&#8220;carosello-tramart&#8220;][\/vc_column][\/vc_row][vc_row full_width=&#8220;stretch_row_content_no_spaces&#8220;][vc_column offset=&#8220;vc_hidden-lg vc_hidden-md&#8220;][vc_empty_space height=&#8220;40px&#8220;][vc_images_carousel images=&#8220;20834,14019,16536,21716,22436,22531,16527&#8243; img_size=&#8220;600&#8243; autoplay=&#8220;yes&#8220; hide_pagination_control=&#8220;yes&#8220; wrap=&#8220;yes&#8220; css=&#8220;&#8220; el_class=&#8220;carosello-tramart&#8220;][\/vc_column][\/vc_row]<\/p>\n<\/div>","protected":false},"excerpt":{"rendered":"<p>[vc_row][vc_column css=&#8220;.vc_custom_1618996654097{margin-top: 100px !important;}&#8220;][\/vc_column][\/vc_row][vc_row equal_height=&#8220;yes&#8220; content_placement=&#8220;middle&#8220; css=&#8220;.vc_custom_1773659507701{margin-right: 5% !important;margin-left: 5% !important;padding-top: 20px !important;padding-bottom: 20px !important;}&#8220;&hellip;<\/p>\n","protected":false},"author":1,"featured_media":0,"parent":0,"menu_order":0,"comment_status":"closed","ping_status":"closed","template":"templates\/homepage.php","meta":{"om_disable_all_campaigns":false,"footnotes":""},"class_list":["post-7019","page","type-page","status-publish","hentry"],"yoast_head":"<!-- This site is optimized with the Yoast SEO plugin v25.2 - https:\/\/yoast.com\/wordpress\/plugins\/seo\/ -->\n<title>Tramart - San Marzano<\/title>\n<meta name=\"robots\" content=\"index, follow, max-snippet:-1, max-image-preview:large, max-video-preview:-1\" \/>\n<link rel=\"canonical\" href=\"https:\/\/sanmarzano.wine\/de\/tramart\/\" \/>\n<meta property=\"og:locale\" content=\"de_DE\" \/>\n<meta property=\"og:type\" content=\"article\" \/>\n<meta property=\"og:title\" content=\"Tramart - San Marzano\" \/>\n<meta property=\"og:description\" content=\"[vc_row][vc_column css=&#8220;.vc_custom_1618996654097{margin-top: 100px !important;}&#8220;][\/vc_column][\/vc_row][vc_row equal_height=&#8220;yes&#8220; content_placement=&#8220;middle&#8220; css=&#8220;.vc_custom_1773659507701{margin-right: 5% !important;margin-left: 5% !important;padding-top: 20px !important;padding-bottom: 20px !important;}&#8220;&hellip;\" \/>\n<meta property=\"og:url\" content=\"https:\/\/sanmarzano.wine\/de\/tramart\/\" \/>\n<meta property=\"og:site_name\" content=\"San Marzano\" \/>\n<meta property=\"article:modified_time\" content=\"2026-05-07T08:05:29+00:00\" \/>\n<meta name=\"twitter:card\" content=\"summary_large_image\" \/>\n<meta name=\"twitter:label1\" content=\"Gesch\u00e4tzte Lesezeit\" \/>\n\t<meta name=\"twitter:data1\" content=\"8\u00a0Minuten\" \/>\n<script type=\"application\/ld+json\" class=\"yoast-schema-graph\">{\"@context\":\"https:\/\/schema.org\",\"@graph\":[{\"@type\":\"WebPage\",\"@id\":\"https:\/\/sanmarzano.wine\/de\/tramart\/\",\"url\":\"https:\/\/sanmarzano.wine\/de\/tramart\/\",\"name\":\"Tramart - San Marzano\",\"isPartOf\":{\"@id\":\"https:\/\/sanmarzano.wine\/#website\"},\"datePublished\":\"2021-03-04T14:31:36+00:00\",\"dateModified\":\"2026-05-07T08:05:29+00:00\",\"breadcrumb\":{\"@id\":\"https:\/\/sanmarzano.wine\/de\/tramart\/#breadcrumb\"},\"inLanguage\":\"de\",\"potentialAction\":[{\"@type\":\"ReadAction\",\"target\":[\"https:\/\/sanmarzano.wine\/de\/tramart\/\"]}]},{\"@type\":\"BreadcrumbList\",\"@id\":\"https:\/\/sanmarzano.wine\/de\/tramart\/#breadcrumb\",\"itemListElement\":[{\"@type\":\"ListItem\",\"position\":1,\"name\":\"Home\",\"item\":\"https:\/\/sanmarzano.wine\/de\/\"},{\"@type\":\"ListItem\",\"position\":2,\"name\":\"Tramart\"}]},{\"@type\":\"WebSite\",\"@id\":\"https:\/\/sanmarzano.wine\/#website\",\"url\":\"https:\/\/sanmarzano.wine\/\",\"name\":\"San Marzano\",\"description\":\"\",\"potentialAction\":[{\"@type\":\"SearchAction\",\"target\":{\"@type\":\"EntryPoint\",\"urlTemplate\":\"https:\/\/sanmarzano.wine\/?s={search_term_string}\"},\"query-input\":{\"@type\":\"PropertyValueSpecification\",\"valueRequired\":true,\"valueName\":\"search_term_string\"}}],\"inLanguage\":\"de\"}]}<\/script>\n<!-- \/ Yoast SEO plugin. -->","yoast_head_json":{"title":"Tramart - San Marzano","robots":{"index":"index","follow":"follow","max-snippet":"max-snippet:-1","max-image-preview":"max-image-preview:large","max-video-preview":"max-video-preview:-1"},"canonical":"https:\/\/sanmarzano.wine\/de\/tramart\/","og_locale":"de_DE","og_type":"article","og_title":"Tramart - San Marzano","og_description":"[vc_row][vc_column css=&#8220;.vc_custom_1618996654097{margin-top: 100px !important;}&#8220;][\/vc_column][\/vc_row][vc_row equal_height=&#8220;yes&#8220; content_placement=&#8220;middle&#8220; css=&#8220;.vc_custom_1773659507701{margin-right: 5% !important;margin-left: 5% !important;padding-top: 20px !important;padding-bottom: 20px !important;}&#8220;&hellip;","og_url":"https:\/\/sanmarzano.wine\/de\/tramart\/","og_site_name":"San Marzano","article_modified_time":"2026-05-07T08:05:29+00:00","twitter_card":"summary_large_image","twitter_misc":{"Gesch\u00e4tzte Lesezeit":"8\u00a0Minuten"},"schema":{"@context":"https:\/\/schema.org","@graph":[{"@type":"WebPage","@id":"https:\/\/sanmarzano.wine\/de\/tramart\/","url":"https:\/\/sanmarzano.wine\/de\/tramart\/","name":"Tramart - San Marzano","isPartOf":{"@id":"https:\/\/sanmarzano.wine\/#website"},"datePublished":"2021-03-04T14:31:36+00:00","dateModified":"2026-05-07T08:05:29+00:00","breadcrumb":{"@id":"https:\/\/sanmarzano.wine\/de\/tramart\/#breadcrumb"},"inLanguage":"de","potentialAction":[{"@type":"ReadAction","target":["https:\/\/sanmarzano.wine\/de\/tramart\/"]}]},{"@type":"BreadcrumbList","@id":"https:\/\/sanmarzano.wine\/de\/tramart\/#breadcrumb","itemListElement":[{"@type":"ListItem","position":1,"name":"Home","item":"https:\/\/sanmarzano.wine\/de\/"},{"@type":"ListItem","position":2,"name":"Tramart"}]},{"@type":"WebSite","@id":"https:\/\/sanmarzano.wine\/#website","url":"https:\/\/sanmarzano.wine\/","name":"San Marzano","description":"","potentialAction":[{"@type":"SearchAction","target":{"@type":"EntryPoint","urlTemplate":"https:\/\/sanmarzano.wine\/?s={search_term_string}"},"query-input":{"@type":"PropertyValueSpecification","valueRequired":true,"valueName":"search_term_string"}}],"inLanguage":"de"}]}},"_links":{"self":[{"href":"https:\/\/sanmarzano.wine\/de\/wp-json\/wp\/v2\/pages\/7019","targetHints":{"allow":["GET"]}}],"collection":[{"href":"https:\/\/sanmarzano.wine\/de\/wp-json\/wp\/v2\/pages"}],"about":[{"href":"https:\/\/sanmarzano.wine\/de\/wp-json\/wp\/v2\/types\/page"}],"author":[{"embeddable":true,"href":"https:\/\/sanmarzano.wine\/de\/wp-json\/wp\/v2\/users\/1"}],"replies":[{"embeddable":true,"href":"https:\/\/sanmarzano.wine\/de\/wp-json\/wp\/v2\/comments?post=7019"}],"version-history":[{"count":26,"href":"https:\/\/sanmarzano.wine\/de\/wp-json\/wp\/v2\/pages\/7019\/revisions"}],"predecessor-version":[{"id":25212,"href":"https:\/\/sanmarzano.wine\/de\/wp-json\/wp\/v2\/pages\/7019\/revisions\/25212"}],"wp:attachment":[{"href":"https:\/\/sanmarzano.wine\/de\/wp-json\/wp\/v2\/media?parent=7019"}],"curies":[{"name":"wp","href":"https:\/\/api.w.org\/{rel}","templated":true}]}}