{"id":7011,"date":"2021-04-21T11:26:25","date_gmt":"2021-04-21T09:26:25","guid":{"rendered":"https:\/\/sanmarzano.wine\/?page_id=7011"},"modified":"2024-05-20T11:31:42","modified_gmt":"2024-05-20T09:31:42","slug":"unternehmen","status":"publish","type":"page","link":"https:\/\/sanmarzano.wine\/de\/unternehmen\/","title":{"rendered":"Unternehmen"},"content":{"rendered":"<div class=\"wpb-content-wrapper\"><p>[vc_row css=&#8220;.vc_custom_1618835944459{margin-top: 90px !important;margin-bottom: 60px !important;}&#8220;][vc_column width=&#8220;2\/3&#8243; offset=&#8220;vc_col-lg-offset-0 vc_col-lg-12 vc_col-md-offset-0 vc_col-md-12 vc_col-sm-offset-0&#8243;][vc_row_inner][vc_column_inner el_class=&#8220;colonna-testo-azienda&#8220; width=&#8220;1\/2&#8243;][vc_custom_heading text=&#8220;1962: DIE GR\u00dcNDUNG&#8220; use_theme_fonts=&#8220;yes&#8220; el_class=&#8220;linea-azienda&#8220; css=&#8220;.vc_custom_1632126769427{margin-bottom: 20px !important;}&#8220;][vc_column_text]San Marzano ist ein kleines Dorf im Herzen des DOP Primitivo di Manduria, einem Landstrich zwischen den beiden apulischen Meeren. Hier gr\u00fcnden neunzehn Winzer die Cantine di San Marzano. Lange bevor die Herkunftsbezeichnung Primitivo di Manduria weltweit anerkannt wird, verfolgen sie einen Traum.[\/vc_column_text][\/vc_column_inner][vc_column_inner width=&#8220;1\/2&#8243;][vc_custom_heading text=&#8220;1982: DIE ERSTEN&#8220; use_theme_fonts=&#8220;yes&#8220; el_class=&#8220;linea-azienda&#8220; css=&#8220;.vc_custom_1632126792917{margin-bottom: 20px !important;}&#8220;][vc_column_text]Francesco Cavallo wird Vorsitzender des Verwaltungsrates. Sein vulkanisches Temperament und seine Vision machen ihn zum Steuermann unseres Unternehmens. Seit 40 Jahren steht er diesem nun ununterbrochen vor, indem er die Zukunft zeichnet und die Gegenwart der Kellerei beaufsichtigt.[\/vc_column_text][\/vc_column_inner][\/vc_row_inner][\/vc_column][\/vc_row][vc_row css=&#8220;.vc_custom_1618834454957{margin-top: 60px !important;margin-bottom: 60px !important;}&#8220;][vc_column width=&#8220;2\/3&#8243; offset=&#8220;vc_col-lg-offset-0 vc_col-lg-12 vc_col-md-offset-0 vc_col-md-12 vc_col-sm-offset-0&#8243;][vc_row_inner][vc_column_inner el_class=&#8220;colonna-testo-azienda&#8220; width=&#8220;1\/2&#8243;][vc_custom_heading text=&#8220;1996: DIE ERSTEN FLASCHEN&#8220; use_theme_fonts=&#8220;yes&#8220; el_class=&#8220;linea-azienda&#8220; css=&#8220;.vc_custom_1632126814139{margin-bottom: 20px !important;}&#8220;][vc_column_text]Die Leidenschaft und der Einsatz der Genossenschaftsmitglieder erm\u00f6glichen den Ankauf einer modernen Abf\u00fcllanlage. Die ersten Flaschen verlassen die Kellerei und werden zur Marke. Der Schritt vom Offenwein zum direkten Kontakt mit dem Endverbraucher ist getan.[\/vc_column_text][\/vc_column_inner][vc_column_inner el_class=&#8220;colonna-testo-azienda&#8220; width=&#8220;1\/2&#8243;][vc_custom_heading text=&#8220;2000: SESSANTANNI&#8220; use_theme_fonts=&#8220;yes&#8220; el_class=&#8220;linea-azienda&#8220; css=&#8220;.vc_custom_1632126832835{margin-bottom: 20px !important;}&#8220;][vc_column_text]Das Kult-Etikett von San Marzano vereint Philosophie und Essenz. Der Wein wird aus alten Rebst\u00f6cken gewonnen und ist Ausdruck der Jahrtausende alten Beziehung zwischen der Bev\u00f6lkerung und dem Primitivo. Der Sessantanni Primitivo di Manduria hat die Sichtweise der Welt auf die Weine Apuliens ver\u00e4ndert.[\/vc_column_text][\/vc_column_inner][\/vc_row_inner][\/vc_column][\/vc_row][vc_row][vc_column][vc_empty_space height=&#8220;80px&#8220;][\/vc_column][\/vc_row]<\/p>\n<\/div>","protected":false},"excerpt":{"rendered":"<p>[vc_row css=&#8220;.vc_custom_1618835944459{margin-top: 90px !important;margin-bottom: 60px !important;}&#8220;][vc_column width=&#8220;2\/3&#8243; offset=&#8220;vc_col-lg-offset-0 vc_col-lg-12 vc_col-md-offset-0 vc_col-md-12 vc_col-sm-offset-0&#8243;][vc_row_inner][vc_column_inner el_class=&#8220;colonna-testo-azienda&#8220; width=&#8220;1\/2&#8243;][vc_custom_heading text=&#8220;1962:&hellip;<\/p>\n","protected":false},"author":1,"featured_media":0,"parent":0,"menu_order":0,"comment_status":"closed","ping_status":"closed","template":"","meta":{"om_disable_all_campaigns":false,"footnotes":""},"class_list":["post-7011","page","type-page","status-publish","hentry"],"yoast_head":"<!-- This site is optimized with the Yoast SEO plugin v25.2 - https:\/\/yoast.com\/wordpress\/plugins\/seo\/ -->\n<title>Unternehmen - San Marzano<\/title>\n<meta name=\"robots\" content=\"index, follow, max-snippet:-1, max-image-preview:large, max-video-preview:-1\" \/>\n<link rel=\"canonical\" href=\"https:\/\/sanmarzano.wine\/azienda\/\" \/>\n<meta property=\"og:locale\" content=\"de_DE\" \/>\n<meta property=\"og:type\" content=\"article\" \/>\n<meta property=\"og:title\" content=\"Unternehmen - San Marzano\" \/>\n<meta property=\"og:description\" content=\"[vc_row css=&#8220;.vc_custom_1618835944459{margin-top: 90px !important;margin-bottom: 60px !important;}&#8220;][vc_column width=&#8220;2\/3&#8243; offset=&#8220;vc_col-lg-offset-0 vc_col-lg-12 vc_col-md-offset-0 vc_col-md-12 vc_col-sm-offset-0&#8243;][vc_row_inner][vc_column_inner el_class=&#8220;colonna-testo-azienda&#8220; width=&#8220;1\/2&#8243;][vc_custom_heading text=&#8220;1962:&hellip;\" \/>\n<meta property=\"og:url\" content=\"https:\/\/sanmarzano.wine\/azienda\/\" \/>\n<meta property=\"og:site_name\" content=\"San Marzano\" \/>\n<meta property=\"article:modified_time\" content=\"2024-05-20T09:31:42+00:00\" \/>\n<meta name=\"twitter:card\" content=\"summary_large_image\" \/>\n<meta name=\"twitter:label1\" content=\"Gesch\u00e4tzte Lesezeit\" \/>\n\t<meta name=\"twitter:data1\" content=\"2\u00a0Minuten\" \/>\n<script type=\"application\/ld+json\" class=\"yoast-schema-graph\">{\"@context\":\"https:\/\/schema.org\",\"@graph\":[{\"@type\":\"WebPage\",\"@id\":\"https:\/\/sanmarzano.wine\/azienda\/\",\"url\":\"https:\/\/sanmarzano.wine\/azienda\/\",\"name\":\"Unternehmen - San Marzano\",\"isPartOf\":{\"@id\":\"https:\/\/sanmarzano.wine\/#website\"},\"datePublished\":\"2021-04-21T09:26:25+00:00\",\"dateModified\":\"2024-05-20T09:31:42+00:00\",\"breadcrumb\":{\"@id\":\"https:\/\/sanmarzano.wine\/azienda\/#breadcrumb\"},\"inLanguage\":\"de\",\"potentialAction\":[{\"@type\":\"ReadAction\",\"target\":[\"https:\/\/sanmarzano.wine\/azienda\/\"]}]},{\"@type\":\"BreadcrumbList\",\"@id\":\"https:\/\/sanmarzano.wine\/azienda\/#breadcrumb\",\"itemListElement\":[{\"@type\":\"ListItem\",\"position\":1,\"name\":\"Home\",\"item\":\"https:\/\/sanmarzano.wine\/de\/\"},{\"@type\":\"ListItem\",\"position\":2,\"name\":\"Unternehmen\"}]},{\"@type\":\"WebSite\",\"@id\":\"https:\/\/sanmarzano.wine\/#website\",\"url\":\"https:\/\/sanmarzano.wine\/\",\"name\":\"San Marzano\",\"description\":\"\",\"potentialAction\":[{\"@type\":\"SearchAction\",\"target\":{\"@type\":\"EntryPoint\",\"urlTemplate\":\"https:\/\/sanmarzano.wine\/?s={search_term_string}\"},\"query-input\":{\"@type\":\"PropertyValueSpecification\",\"valueRequired\":true,\"valueName\":\"search_term_string\"}}],\"inLanguage\":\"de\"}]}<\/script>\n<!-- \/ Yoast SEO plugin. -->","yoast_head_json":{"title":"Unternehmen - San Marzano","robots":{"index":"index","follow":"follow","max-snippet":"max-snippet:-1","max-image-preview":"max-image-preview:large","max-video-preview":"max-video-preview:-1"},"canonical":"https:\/\/sanmarzano.wine\/azienda\/","og_locale":"de_DE","og_type":"article","og_title":"Unternehmen - San Marzano","og_description":"[vc_row css=&#8220;.vc_custom_1618835944459{margin-top: 90px !important;margin-bottom: 60px !important;}&#8220;][vc_column width=&#8220;2\/3&#8243; offset=&#8220;vc_col-lg-offset-0 vc_col-lg-12 vc_col-md-offset-0 vc_col-md-12 vc_col-sm-offset-0&#8243;][vc_row_inner][vc_column_inner el_class=&#8220;colonna-testo-azienda&#8220; width=&#8220;1\/2&#8243;][vc_custom_heading text=&#8220;1962:&hellip;","og_url":"https:\/\/sanmarzano.wine\/azienda\/","og_site_name":"San Marzano","article_modified_time":"2024-05-20T09:31:42+00:00","twitter_card":"summary_large_image","twitter_misc":{"Gesch\u00e4tzte Lesezeit":"2\u00a0Minuten"},"schema":{"@context":"https:\/\/schema.org","@graph":[{"@type":"WebPage","@id":"https:\/\/sanmarzano.wine\/azienda\/","url":"https:\/\/sanmarzano.wine\/azienda\/","name":"Unternehmen - San Marzano","isPartOf":{"@id":"https:\/\/sanmarzano.wine\/#website"},"datePublished":"2021-04-21T09:26:25+00:00","dateModified":"2024-05-20T09:31:42+00:00","breadcrumb":{"@id":"https:\/\/sanmarzano.wine\/azienda\/#breadcrumb"},"inLanguage":"de","potentialAction":[{"@type":"ReadAction","target":["https:\/\/sanmarzano.wine\/azienda\/"]}]},{"@type":"BreadcrumbList","@id":"https:\/\/sanmarzano.wine\/azienda\/#breadcrumb","itemListElement":[{"@type":"ListItem","position":1,"name":"Home","item":"https:\/\/sanmarzano.wine\/de\/"},{"@type":"ListItem","position":2,"name":"Unternehmen"}]},{"@type":"WebSite","@id":"https:\/\/sanmarzano.wine\/#website","url":"https:\/\/sanmarzano.wine\/","name":"San Marzano","description":"","potentialAction":[{"@type":"SearchAction","target":{"@type":"EntryPoint","urlTemplate":"https:\/\/sanmarzano.wine\/?s={search_term_string}"},"query-input":{"@type":"PropertyValueSpecification","valueRequired":true,"valueName":"search_term_string"}}],"inLanguage":"de"}]}},"_links":{"self":[{"href":"https:\/\/sanmarzano.wine\/de\/wp-json\/wp\/v2\/pages\/7011","targetHints":{"allow":["GET"]}}],"collection":[{"href":"https:\/\/sanmarzano.wine\/de\/wp-json\/wp\/v2\/pages"}],"about":[{"href":"https:\/\/sanmarzano.wine\/de\/wp-json\/wp\/v2\/types\/page"}],"author":[{"embeddable":true,"href":"https:\/\/sanmarzano.wine\/de\/wp-json\/wp\/v2\/users\/1"}],"replies":[{"embeddable":true,"href":"https:\/\/sanmarzano.wine\/de\/wp-json\/wp\/v2\/comments?post=7011"}],"version-history":[{"count":6,"href":"https:\/\/sanmarzano.wine\/de\/wp-json\/wp\/v2\/pages\/7011\/revisions"}],"predecessor-version":[{"id":19675,"href":"https:\/\/sanmarzano.wine\/de\/wp-json\/wp\/v2\/pages\/7011\/revisions\/19675"}],"wp:attachment":[{"href":"https:\/\/sanmarzano.wine\/de\/wp-json\/wp\/v2\/media?parent=7011"}],"curies":[{"name":"wp","href":"https:\/\/api.w.org\/{rel}","templated":true}]}}