{"id":25201,"date":"2025-11-06T11:58:13","date_gmt":"2025-11-06T10:58:13","guid":{"rendered":"https:\/\/sanmarzano.wine\/?page_id=25201"},"modified":"2026-05-14T11:40:46","modified_gmt":"2026-05-14T09:40:46","slug":"toiletpaper","status":"publish","type":"page","link":"https:\/\/sanmarzano.wine\/de\/tramart\/toiletpaper\/","title":{"rendered":"Toiletpaper"},"content":{"rendered":"<div class=\"wpb-content-wrapper\"><p>[vc_row full_width=&#8220;stretch_row&#8220; equal_height=&#8220;yes&#8220; content_placement=&#8220;middle&#8220; css=&#8220;.vc_custom_1776952034475{padding-top: 80px !important;padding-right: 20% !important;padding-bottom: 80px !important;padding-left: 20% !important;background-color: #EEEEF0 !important;}&#8220; el_class=&#8220;box-grigio-intro&#8220;][vc_column css_animation=&#8220;bounceInLeft&#8220; width=&#8220;5\/12&#8243; css=&#8220;.vc_custom_1773918964292{background-position: center !important;background-repeat: no-repeat !important;background-size: cover !important;}&#8220;][vc_row_inner][vc_column_inner el_class=&#8220;inner-column-grigia&#8220; css=&#8220;.vc_custom_1776952601884{border-right-width: 1px !important;border-right-style: solid !important;border-color: #B8B5B5 !important;}&#8220;][vc_custom_heading text=&#8220;TRAMART KAPITEL 6&#8243; font_container=&#8220;tag:div|font_size:18px|text_align:left&#8220; google_fonts=&#8220;font_family:Playfair%20Display%3Aregular%2Citalic%2C700%2C700italic%2C900%2C900italic|font_style:400%20regular%3A400%3Anormal&#8220; css=&#8220;.vc_custom_1778073069047{margin-bottom: 20px !important;}&#8220; el_class=&#8220;titolo-prodotto&#8220;][vc_custom_heading text=&#8220;Tramari von TOILETPAPER&#8220; font_container=&#8220;tag:h1|font_size:40px|text_align:left&#8220; google_fonts=&#8220;font_family:Playfair%20Display%3Aregular%2Citalic%2C700%2C700italic%2C900%2C900italic|font_style:400%20regular%3A400%3Anormal&#8220; css=&#8220;.vc_custom_1778073077356{margin-bottom: 20px !important;}&#8220; el_class=&#8220;titolo-prodotto&#8220;][\/vc_column_inner][\/vc_row_inner][\/vc_column][vc_column width=&#8220;7\/12&#8243; el_class=&#8220;colonna-caratteristiche&#8220;][vc_column_text css=&#8220;&#8220;]<\/p>\n<p style=\"font-size: 15px; line-height: 30px;\">Das sechste Jahr in Folge wird die Etikette von <strong>Tramari<\/strong> zum Rahmen f\u00fcr eine kreative Arbeit. Diesmal tr\u00e4gt sie den Namen von <strong>TOILETPAPER<\/strong>, dem redaktionellen Projekt, das von K\u00fcnstler <strong>Maurizio Cattelan<\/strong> und Fotograf <strong>Pierpaolo Ferrari<\/strong> ins Leben gerufen wurde.<br \/>\nAls <strong>Magazin, ausschlie\u00dflich mit Bildern von surrealer und hyper-pop Identit\u00e4t<\/strong> entstanden und <strong>mitunter sogar irritierend<\/strong>, \u00fcberwand TOILETPAPER im Lauf der Jahre immer mehr die Bidimensionalit\u00e4t des Magazins und ber\u00fchrte unterschiedliche Welten und Gegenst\u00e4nde.<\/p>\n<p>[\/vc_column_text][\/vc_column][\/vc_row][vc_row][vc_column][vc_empty_space height=&#8220;80px&#8220;][\/vc_column][\/vc_row][vc_row equal_height=&#8220;yes&#8220;][vc_column width=&#8220;1\/2&#8243; offset=&#8220;vc_hidden-sm vc_hidden-xs&#8220;][vc_custom_heading text=&#8220;Geheimnisvoll, respektlos,Tramari&#8220; font_container=&#8220;tag:h1|font_size:40px|text_align:left&#8220; google_fonts=&#8220;font_family:Playfair%20Display%3Aregular%2Citalic%2C700%2C700italic%2C900%2C900italic|font_style:400%20regular%3A400%3Anormal&#8220; css=&#8220;.vc_custom_1778073246502{margin-bottom: 20px !important;}&#8220; el_class=&#8220;titolo-prodotto&#8220;][vc_separator color=&#8220;black&#8220; align=&#8220;align_left&#8220; border_width=&#8220;3&#8243; el_width=&#8220;40&#8243; css=&#8220;.vc_custom_1611135889012{margin-bottom: 20px !important;}&#8220;][vc_column_text css=&#8220;&#8220;]<\/p>\n<p style=\"font-size: 15px; line-height: 28px;\">Tramaris Bildungsroman geht weiter und dringt im sechsten Kapitel wieder einmal in unerwartete Gefilde vor. Mit diesem Kapitel erweitert sich das visuelle Vokabular vom Rosato di Primitivo San Marzano, der sich wieder und wieder neu hinterfragt und auf seinem Etikett Raum f\u00fcr die Kreativit\u00e4t und seine Designer l\u00e4sst.<\/p>\n<p>[\/vc_column_text][vc_empty_space height=&#8220;25px&#8220;][vc_raw_html css=&#8220;&#8220;]JTNDZGl2JTIwY2xhc3MlM0QlMjJ2aWRlby1jb250YWluZXIlMjIlMjBzdHlsZSUzRCUyMmhlaWdodCUzQSUyMDYyMHB4JTNCJTIyJTNFJTBBJTIwJTIwJTNDdmlkZW8lMjBjb250cm9scyUyMGF1dG9wbGF5JTIwbG9vcCUzRSUwQSUyMCUyMCUyMCUyMCUzQ3NvdXJjZSUyMHNyYyUzRCUyMmh0dHBzJTNBJTJGJTJGc2FubWFyemFuby53aW5lJTJGd3AtY29udGVudCUyRnVwbG9hZHMlMkYyMDI2JTJGMDQlMkZzYW5tYXJ6YW5vLXZpZGVvMi1yZWVsLXRvaWxldHBhcGVyLm1vdiUyMiUyMHR5cGUlM0QlMjJ2aWRlbyUyRm1wNCUyMiUyRiUzRSUwQSUyMCUyMCUzQyUyRnZpZGVvJTNFJTBBJTNDJTJGZGl2JTNF[\/vc_raw_html][\/vc_column][vc_column width=&#8220;1\/2&#8243; offset=&#8220;vc_hidden-sm vc_hidden-xs&#8220;][vc_raw_html css=&#8220;&#8220; el_class=&#8220;box-video&#8220;]JTNDZGl2JTIwY2xhc3MlM0QlMjJ2aWRlby1jb250YWluZXIlMjIlMjBzdHlsZSUzRCUyMmhlaWdodCUzQSUyMDY4MHB4JTNCJTIyJTNFJTBBJTIwJTIwJTNDdmlkZW8lMjBjb250cm9scyUyMGF1dG9wbGF5JTIwbG9vcCUzRSUwQSUyMCUyMCUyMCUyMCUzQ3NvdXJjZSUyMHNyYyUzRCUyMmh0dHBzJTNBJTJGJTJGc2FubWFyemFuby53aW5lJTJGd3AtY29udGVudCUyRnVwbG9hZHMlMkYyMDI2JTJGMDQlMkZzYW5tYXJ6YW5vLXZpZGVvLXJlZWwtdG9pbGV0cGFwZXIubXA0JTIyJTIwdHlwZSUzRCUyMnZpZGVvJTJGbXA0JTIyJTJGJTNFJTBBJTIwJTIwJTNDJTJGdmlkZW8lM0UlMEElM0MlMkZkaXYlM0U=[\/vc_raw_html][vc_empty_space height=&#8220;20px&#8220;][vc_column_text css=&#8220;&#8220;]<\/p>\n<p style=\"font-size: 15px; line-height: 28px;\">Neue Kontaminationen, Neuland f\u00fcr die Welt des Weines, liefern den noch ungeschliffenen Erz\u00e4hlstoff. TOILETPAPER bringt seine Respektlosigkeit in die Vorstellungswelt von Tramari und \u00f6ffnet damit die T\u00fcren zu endlosen Interpretationen. Die Kraft des Bildes, das einen aus dem Konzept zu bringen vermag, vervielf\u00e4ltigt die semantischen M\u00f6glichkeiten des Ros\u00e9s, der allzu oft in eine schwache, vorhersehbare \u00c4sthetik verbannt wird.<\/p>\n<p>[\/vc_column_text][vc_empty_space height=&#8220;20px&#8220;]<div class=\"sober-button-wrapper text-center\"><a href=\"https:\/\/sanmarzano.wine\/de\/tramart\/\" title=\"Tramart\" class=\"sober-button button-type-normal button-color-dark align-center  button-progetto button normal button-normal\">Discover all TramArt chapters<\/a><\/div>[\/vc_column][\/vc_row][vc_row equal_height=&#8220;yes&#8220;][vc_column offset=&#8220;vc_hidden-lg vc_hidden-md&#8220;][vc_custom_heading text=&#8220;Geheimnisvoll, respektlos,Tramari&#8220; font_container=&#8220;tag:h1|font_size:40px|text_align:left&#8220; google_fonts=&#8220;font_family:Playfair%20Display%3Aregular%2Citalic%2C700%2C700italic%2C900%2C900italic|font_style:400%20regular%3A400%3Anormal&#8220; css=&#8220;.vc_custom_1778073252015{margin-bottom: 20px !important;}&#8220; el_class=&#8220;titolo-prodotto&#8220;][vc_separator color=&#8220;black&#8220; align=&#8220;align_left&#8220; border_width=&#8220;3&#8243; el_width=&#8220;40&#8243; css=&#8220;.vc_custom_1611135889012{margin-bottom: 20px !important;}&#8220;][vc_column_text css=&#8220;&#8220;]<\/p>\n<p style=\"font-size: 15px; line-height: 28px;\">Tramaris Bildungsroman geht weiter und dringt im sechsten Kapitel wieder einmal in unerwartete Gefilde vor. Mit diesem Kapitel erweitert sich das visuelle Vokabular vom Rosato di Primitivo San Marzano, der sich wieder und wieder neu hinterfragt und auf seinem Etikett Raum f\u00fcr die Kreativit\u00e4t und seine Designer l\u00e4sst.<\/p>\n<p>[\/vc_column_text][vc_empty_space height=&#8220;25px&#8220;][vc_raw_html css=&#8220;&#8220;]JTNDZGl2JTIwY2xhc3MlM0QlMjJ2aWRlby1jb250YWluZXIlMjIlMjBzdHlsZSUzRCUyMmhlaWdodCUzQSUyMDYyMHB4JTNCJTIyJTNFJTBBJTIwJTIwJTNDdmlkZW8lMjBjb250cm9scyUyMGF1dG9wbGF5JTIwbG9vcCUzRSUwQSUyMCUyMCUyMCUyMCUzQ3NvdXJjZSUyMHNyYyUzRCUyMmh0dHBzJTNBJTJGJTJGc2FubWFyemFuby53aW5lJTJGd3AtY29udGVudCUyRnVwbG9hZHMlMkYyMDI2JTJGMDQlMkZzYW5tYXJ6YW5vLXZpZGVvMi1yZWVsLXRvaWxldHBhcGVyLm1vdiUyMiUyMHR5cGUlM0QlMjJ2aWRlbyUyRm1wNCUyMiUyRiUzRSUwQSUyMCUyMCUzQyUyRnZpZGVvJTNFJTBBJTNDJTJGZGl2JTNF[\/vc_raw_html][vc_empty_space height=&#8220;20px&#8220;][vc_column_text css=&#8220;&#8220;]<\/p>\n<p style=\"font-size: 15px; line-height: 28px;\">Neue Kontaminationen, Neuland f\u00fcr die Welt des Weines, liefern den noch ungeschliffenen Erz\u00e4hlstoff. TOILETPAPER bringt seine Respektlosigkeit in die Vorstellungswelt von Tramari und \u00f6ffnet damit die T\u00fcren zu endlosen Interpretationen. Die Kraft des Bildes, das einen aus dem Konzept zu bringen vermag, vervielf\u00e4ltigt die semantischen M\u00f6glichkeiten des Ros\u00e9s, der allzu oft in eine schwache, vorhersehbare \u00c4sthetik verbannt wird.<\/p>\n<p>[\/vc_column_text][vc_empty_space height=&#8220;20px&#8220;]<div class=\"sober-button-wrapper text-center\"><a href=\"https:\/\/sanmarzano.wine\/de\/tramart\/\" title=\"Tramart\" class=\"sober-button button-type-normal button-color-dark align-center  button-progetto button normal button-normal\">Discover all TramArt chapters<\/a><\/div>[vc_empty_space height=&#8220;20px&#8220;][vc_raw_html css=&#8220;&#8220; el_class=&#8220;box-video&#8220;]JTNDZGl2JTIwY2xhc3MlM0QlMjJ2aWRlby1jb250YWluZXIlMjIlMjBzdHlsZSUzRCUyMmhlaWdodCUzQSUyMDY4MHB4JTNCJTIyJTNFJTBBJTIwJTIwJTNDdmlkZW8lMjBjb250cm9scyUyMGF1dG9wbGF5JTIwbG9vcCUzRSUwQSUyMCUyMCUyMCUyMCUzQ3NvdXJjZSUyMHNyYyUzRCUyMmh0dHBzJTNBJTJGJTJGc2FubWFyemFuby53aW5lJTJGd3AtY29udGVudCUyRnVwbG9hZHMlMkYyMDI2JTJGMDQlMkZzYW5tYXJ6YW5vLXZpZGVvLXJlZWwtdG9pbGV0cGFwZXIubXA0JTIyJTIwdHlwZSUzRCUyMnZpZGVvJTJGbXA0JTIyJTJGJTNFJTBBJTIwJTIwJTNDJTJGdmlkZW8lM0UlMEElM0MlMkZkaXYlM0U=[\/vc_raw_html][\/vc_column][\/vc_row][vc_row][vc_column offset=&#8220;vc_hidden-sm vc_hidden-xs&#8220;][vc_empty_space height=&#8220;80px&#8220;][\/vc_column][\/vc_row][vc_row full_width=&#8220;stretch_row_content_no_spaces&#8220; equal_height=&#8220;yes&#8220; el_class=&#8220;riga-progetto-tramart&#8220; css=&#8220;.vc_custom_1776954414926{margin-top: 40px !important;padding-top: 30px !important;padding-bottom: 40px !important;}&#8220;][vc_column css_animation=&#8220;bounceInLeft&#8220; width=&#8220;1\/2&#8243; el_class=&#8220;altezza-box box-image-test&#8220; css=&#8220;.vc_custom_1777026046731{background-image: url(https:\/\/sanmarzano.wine\/wp-content\/uploads\/2026\/04\/sanmarzano-box-toiletpaper.jpg?id=24691) !important;background-position: center !important;background-repeat: no-repeat !important;background-size: cover !important;}&#8220; el_id=&#8220;image-rose-21&#8243;][\/vc_column][vc_column width=&#8220;1\/2&#8243; css=&#8220;.vc_custom_1618836311584{background-color: #eeeef0 !important;}&#8220; el_class=&#8220;colonna-caratteristiche-samia&#8220;][vc_row_inner content_placement=&#8220;middle&#8220;][vc_column_inner css=&#8220;.vc_custom_1718973733615{margin-bottom: 5% !important;margin-left: 5% !important;}&#8220;][vc_empty_space height=&#8220;50px&#8220;][vc_single_image image=&#8220;24689&#8243; img_size=&#8220;full&#8220; css=&#8220;&#8220;][vc_empty_space height=&#8220;25px&#8220;][vc_separator color=&#8220;custom&#8220; align=&#8220;align_left&#8220; border_width=&#8220;3&#8243; el_width=&#8220;40&#8243; css=&#8220;.vc_custom_1773670588886{margin-bottom: 20px !important;}&#8220; accent_color=&#8220;#B0AFAF&#8220;][vc_column_text css=&#8220;.vc_custom_1778073312272{padding-right: 10% !important;}&#8220; el_id=&#8220;testo-pk&#8220;]<\/p>\n<p style=\"color: #23232c; line-height: 29px; text-align: left;\">TOILETPAPER ist ein Kunstprojekt, das 2010 von Maurizio Cattelan und Pierpaolo Ferrari ins Leben gerufen wurde und als konzeptuelles Fotomagazin ohne Text entstand. Die surrealen und hyper-pop Bilder verbinden Humor, eine starke visuelle Wirkung und Provokation miteinander und definieren die Regeln der kommerziellen Fotografie neu. Die visuelle Gestaltung zielt darauf ab, starke und sofort erkennbare Bilder mit satten Farben und einem \u00fcberraschenden Charakter zu schaffen. \u00dcber die Zeit entwickelte TOILETPAPER Installationen und Publikationen, nahm internationale Kooperationen auf und schuf Designprodukte. So konnte sich das Projekt als globale kulturelle Plattform f\u00fcr \u00e4sthetische Innovation und visuelles Experimentieren best\u00e4tigen.<\/p>\n<p>[\/vc_column_text][\/vc_column_inner][\/vc_row_inner][\/vc_column][\/vc_row][vc_row full_width=&#8220;stretch_row&#8220; css=&#8220;.vc_custom_1773672379343{margin-bottom: 0px !important;}&#8220;][vc_column][vc_empty_space height=&#8220;60px&#8220; el_class=&#8220;space-capitolo&#8220;][vc_custom_heading text=&#8220;Kapitel 6 \u2013 Die surreale Bildsprache des Toilettenpapiers&#8220; font_container=&#8220;tag:h1|font_size:40px|text_align:center&#8220; google_fonts=&#8220;font_family:Playfair%20Display%3Aregular%2Citalic%2C700%2C700italic%2C900%2C900italic|font_style:400%20regular%3A400%3Anormal&#8220; css=&#8220;.vc_custom_1778073505921{margin-bottom: 20px !important;}&#8220; el_class=&#8220;titolo-prodotto&#8220;][vc_separator color=&#8220;black&#8220; border_width=&#8220;3&#8243; el_width=&#8220;40&#8243; css=&#8220;.vc_custom_1773671168269{margin-bottom: 0px !important;}&#8220;][vc_empty_space height=&#8220;20px&#8220;][\/vc_column][\/vc_row][vc_row full_width=&#8220;stretch_row&#8220; equal_height=&#8220;yes&#8220; content_placement=&#8220;middle&#8220; css=&#8220;.vc_custom_1777017276687{padding-top: 0px !important;padding-right: 20% !important;padding-bottom: 80px !important;padding-left: 20% !important;}&#8220; el_class=&#8220;riga-testo-capitolo&#8220;][vc_column css_animation=&#8220;none&#8220; width=&#8220;1\/2&#8243; css=&#8220;.vc_custom_1777027228642{background-position: center !important;background-repeat: no-repeat !important;background-size: cover !important;}&#8220;][vc_row_inner][vc_column_inner el_class=&#8220;first-column-capitolo&#8220; css=&#8220;.vc_custom_1777017544808{border-right-width: 1px !important;padding-right: 15px !important;border-right-style: solid !important;border-color: #B8B5B5 !important;}&#8220;][vc_column_text css=&#8220;&#8220;]<\/p>\n<p style=\"font-size: 16px; line-height: 34px;\">Mit seiner <strong>auff\u00e4lligen und wiedererkennbaren \u00c4sthetik,<\/strong> die aus satten Farben und verwirrenden Bildern besteht, trifft TOILETPAPER so auf San Marzano und <strong>durchbricht radikal s\u00e4mtliche Klischees aus der Welt des Ros\u00e9<\/strong>, indem ein visueller Inhalt angeboten wird, der die traditionellen Regeln der Weinbranche neu schreibt.<br \/>\nIm traumhaften Raum eines blauen Himmels wirft eine Frauenhand mit rotem Nagellack eine goldene Pistole in ein WC: Tramari greift ein intensives Bild auf, das einen \u00fcberraschenden und befremdlichen Effekt hervorruft. Die Freundlichkeiten der g\u00e4ngigen Ros\u00e9-Narrative treten in den Hintergrund und werden radikal durch eine r\u00e4tselhaft deutbare Ikonografie ersetzt, die widerspr\u00fcchliche Reaktionen hervorruft und unerwartete Fragen aufwirft.<\/p>\n<p>[\/vc_column_text][\/vc_column_inner][\/vc_row_inner][\/vc_column][vc_column width=&#8220;1\/2&#8243; el_class=&#8220;colonna-caratteristiche&#8220; css=&#8220;.vc_custom_1773920825074{padding-left: 15px !important;}&#8220;][vc_row_inner][vc_column_inner css=&#8220;.vc_custom_1773928129674{padding-right: 15px !important;}&#8220;][vc_column_text css=&#8220;&#8220;]<\/p>\n<p style=\"font-size: 16px; line-height: 34px;\">Das seit 2021 aktive Projekt <strong>TramArt<\/strong>, das den Dialog zwischen <strong>Kunst&amp;Wein<\/strong> erkundet, wird so um eine Kooperation erweitert, die die Kraft von Bildern in den Mittelpunkt stellt, mit dem einzigartigen Humor und der einzigartigen Provokation von TOILETPAPER.<br \/>\nSan Marzano best\u00e4tigt mit dieser Ausgabe seine Vision und Identit\u00e4t, in der mit der typischen Leichtigkeit des Unternehmens starke und wichtige Nachrichten vermittelt werden, wie etwa die der Gewaltfreiheit. In Ankn\u00fcpfung an das vorherige Kapitel des Projekts TramArt von Pietro Terzini durchbricht die Marke erneut ironisch die Sakralit\u00e4t der Weinwelt, indem sie sich der Sprache der Kunst in ihrer provokantesten und zeitgen\u00f6ssischsten Form bedient.<\/p>\n<p>[\/vc_column_text][\/vc_column_inner][\/vc_row_inner][\/vc_column][\/vc_row][vc_row full_width=&#8220;stretch_row_content_no_spaces&#8220;][vc_column offset=&#8220;vc_hidden-sm vc_hidden-xs&#8220;][vc_empty_space height=&#8220;40px&#8220;][vc_images_carousel images=&#8220;24684,24680,24676,24644,24672,24648,24656,24660,24668,24664,24640&#8243; img_size=&#8220;600&#8243; slides_per_view=&#8220;4&#8243; autoplay=&#8220;yes&#8220; hide_pagination_control=&#8220;yes&#8220; wrap=&#8220;yes&#8220; css=&#8220;&#8220; el_class=&#8220;carosello-tramart&#8220;][\/vc_column][\/vc_row][vc_row full_width=&#8220;stretch_row_content_no_spaces&#8220;][vc_column offset=&#8220;vc_hidden-lg vc_hidden-md&#8220;][vc_empty_space height=&#8220;40px&#8220;][vc_images_carousel images=&#8220;24684,24680,24676,24644,24672,24648,24656,24660,24668,24664,24640&#8243; img_size=&#8220;600&#8243; autoplay=&#8220;yes&#8220; hide_pagination_control=&#8220;yes&#8220; wrap=&#8220;yes&#8220; css=&#8220;&#8220; el_class=&#8220;carosello-tramart&#8220;][\/vc_column][\/vc_row]<\/p>\n<\/div>","protected":false},"excerpt":{"rendered":"<p>[vc_row full_width=&#8220;stretch_row&#8220; equal_height=&#8220;yes&#8220; content_placement=&#8220;middle&#8220; css=&#8220;.vc_custom_1776952034475{padding-top: 80px !important;padding-right: 20% !important;padding-bottom: 80px !important;padding-left: 20% !important;background-color: #EEEEF0 !important;}&#8220;&hellip;<\/p>\n","protected":false},"author":90,"featured_media":0,"parent":7019,"menu_order":0,"comment_status":"closed","ping_status":"closed","template":"template_premio.php","meta":{"om_disable_all_campaigns":false,"footnotes":""},"class_list":["post-25201","page","type-page","status-publish","hentry"],"yoast_head":"<!-- This site is optimized with the Yoast SEO plugin v25.2 - https:\/\/yoast.com\/wordpress\/plugins\/seo\/ -->\n<title>Toiletpaper - San Marzano<\/title>\n<meta name=\"robots\" content=\"index, follow, max-snippet:-1, max-image-preview:large, max-video-preview:-1\" \/>\n<link rel=\"canonical\" href=\"https:\/\/sanmarzano.wine\/de\/tramart\/toiletpaper\/\" \/>\n<meta property=\"og:locale\" content=\"de_DE\" \/>\n<meta property=\"og:type\" content=\"article\" \/>\n<meta property=\"og:title\" content=\"Toiletpaper - San Marzano\" \/>\n<meta property=\"og:description\" content=\"[vc_row full_width=&#8220;stretch_row&#8220; equal_height=&#8220;yes&#8220; content_placement=&#8220;middle&#8220; css=&#8220;.vc_custom_1776952034475{padding-top: 80px !important;padding-right: 20% !important;padding-bottom: 80px !important;padding-left: 20% !important;background-color: #EEEEF0 !important;}&#8220;&hellip;\" \/>\n<meta property=\"og:url\" content=\"https:\/\/sanmarzano.wine\/de\/tramart\/toiletpaper\/\" \/>\n<meta property=\"og:site_name\" content=\"San Marzano\" \/>\n<meta property=\"article:modified_time\" content=\"2026-05-14T09:40:46+00:00\" \/>\n<meta name=\"twitter:card\" content=\"summary_large_image\" \/>\n<meta name=\"twitter:label1\" content=\"Gesch\u00e4tzte Lesezeit\" \/>\n\t<meta name=\"twitter:data1\" content=\"5\u00a0Minuten\" \/>\n<script type=\"application\/ld+json\" class=\"yoast-schema-graph\">{\"@context\":\"https:\/\/schema.org\",\"@graph\":[{\"@type\":\"WebPage\",\"@id\":\"https:\/\/sanmarzano.wine\/de\/tramart\/toiletpaper\/\",\"url\":\"https:\/\/sanmarzano.wine\/de\/tramart\/toiletpaper\/\",\"name\":\"Toiletpaper - San Marzano\",\"isPartOf\":{\"@id\":\"https:\/\/sanmarzano.wine\/#website\"},\"datePublished\":\"2025-11-06T10:58:13+00:00\",\"dateModified\":\"2026-05-14T09:40:46+00:00\",\"breadcrumb\":{\"@id\":\"https:\/\/sanmarzano.wine\/de\/tramart\/toiletpaper\/#breadcrumb\"},\"inLanguage\":\"de\",\"potentialAction\":[{\"@type\":\"ReadAction\",\"target\":[\"https:\/\/sanmarzano.wine\/de\/tramart\/toiletpaper\/\"]}]},{\"@type\":\"BreadcrumbList\",\"@id\":\"https:\/\/sanmarzano.wine\/de\/tramart\/toiletpaper\/#breadcrumb\",\"itemListElement\":[{\"@type\":\"ListItem\",\"position\":1,\"name\":\"Home\",\"item\":\"https:\/\/sanmarzano.wine\/de\/\"},{\"@type\":\"ListItem\",\"position\":2,\"name\":\"Tramart\",\"item\":\"https:\/\/sanmarzano.wine\/de\/tramart\/\"},{\"@type\":\"ListItem\",\"position\":3,\"name\":\"Toiletpaper\"}]},{\"@type\":\"WebSite\",\"@id\":\"https:\/\/sanmarzano.wine\/#website\",\"url\":\"https:\/\/sanmarzano.wine\/\",\"name\":\"San Marzano\",\"description\":\"\",\"potentialAction\":[{\"@type\":\"SearchAction\",\"target\":{\"@type\":\"EntryPoint\",\"urlTemplate\":\"https:\/\/sanmarzano.wine\/?s={search_term_string}\"},\"query-input\":{\"@type\":\"PropertyValueSpecification\",\"valueRequired\":true,\"valueName\":\"search_term_string\"}}],\"inLanguage\":\"de\"}]}<\/script>\n<!-- \/ Yoast SEO plugin. -->","yoast_head_json":{"title":"Toiletpaper - San Marzano","robots":{"index":"index","follow":"follow","max-snippet":"max-snippet:-1","max-image-preview":"max-image-preview:large","max-video-preview":"max-video-preview:-1"},"canonical":"https:\/\/sanmarzano.wine\/de\/tramart\/toiletpaper\/","og_locale":"de_DE","og_type":"article","og_title":"Toiletpaper - San Marzano","og_description":"[vc_row full_width=&#8220;stretch_row&#8220; equal_height=&#8220;yes&#8220; content_placement=&#8220;middle&#8220; css=&#8220;.vc_custom_1776952034475{padding-top: 80px !important;padding-right: 20% !important;padding-bottom: 80px !important;padding-left: 20% !important;background-color: #EEEEF0 !important;}&#8220;&hellip;","og_url":"https:\/\/sanmarzano.wine\/de\/tramart\/toiletpaper\/","og_site_name":"San Marzano","article_modified_time":"2026-05-14T09:40:46+00:00","twitter_card":"summary_large_image","twitter_misc":{"Gesch\u00e4tzte Lesezeit":"5\u00a0Minuten"},"schema":{"@context":"https:\/\/schema.org","@graph":[{"@type":"WebPage","@id":"https:\/\/sanmarzano.wine\/de\/tramart\/toiletpaper\/","url":"https:\/\/sanmarzano.wine\/de\/tramart\/toiletpaper\/","name":"Toiletpaper - San Marzano","isPartOf":{"@id":"https:\/\/sanmarzano.wine\/#website"},"datePublished":"2025-11-06T10:58:13+00:00","dateModified":"2026-05-14T09:40:46+00:00","breadcrumb":{"@id":"https:\/\/sanmarzano.wine\/de\/tramart\/toiletpaper\/#breadcrumb"},"inLanguage":"de","potentialAction":[{"@type":"ReadAction","target":["https:\/\/sanmarzano.wine\/de\/tramart\/toiletpaper\/"]}]},{"@type":"BreadcrumbList","@id":"https:\/\/sanmarzano.wine\/de\/tramart\/toiletpaper\/#breadcrumb","itemListElement":[{"@type":"ListItem","position":1,"name":"Home","item":"https:\/\/sanmarzano.wine\/de\/"},{"@type":"ListItem","position":2,"name":"Tramart","item":"https:\/\/sanmarzano.wine\/de\/tramart\/"},{"@type":"ListItem","position":3,"name":"Toiletpaper"}]},{"@type":"WebSite","@id":"https:\/\/sanmarzano.wine\/#website","url":"https:\/\/sanmarzano.wine\/","name":"San Marzano","description":"","potentialAction":[{"@type":"SearchAction","target":{"@type":"EntryPoint","urlTemplate":"https:\/\/sanmarzano.wine\/?s={search_term_string}"},"query-input":{"@type":"PropertyValueSpecification","valueRequired":true,"valueName":"search_term_string"}}],"inLanguage":"de"}]}},"_links":{"self":[{"href":"https:\/\/sanmarzano.wine\/de\/wp-json\/wp\/v2\/pages\/25201","targetHints":{"allow":["GET"]}}],"collection":[{"href":"https:\/\/sanmarzano.wine\/de\/wp-json\/wp\/v2\/pages"}],"about":[{"href":"https:\/\/sanmarzano.wine\/de\/wp-json\/wp\/v2\/types\/page"}],"author":[{"embeddable":true,"href":"https:\/\/sanmarzano.wine\/de\/wp-json\/wp\/v2\/users\/90"}],"replies":[{"embeddable":true,"href":"https:\/\/sanmarzano.wine\/de\/wp-json\/wp\/v2\/comments?post=25201"}],"version-history":[{"count":5,"href":"https:\/\/sanmarzano.wine\/de\/wp-json\/wp\/v2\/pages\/25201\/revisions"}],"predecessor-version":[{"id":25313,"href":"https:\/\/sanmarzano.wine\/de\/wp-json\/wp\/v2\/pages\/25201\/revisions\/25313"}],"up":[{"embeddable":true,"href":"https:\/\/sanmarzano.wine\/de\/wp-json\/wp\/v2\/pages\/7019"}],"wp:attachment":[{"href":"https:\/\/sanmarzano.wine\/de\/wp-json\/wp\/v2\/media?parent=25201"}],"curies":[{"name":"wp","href":"https:\/\/api.w.org\/{rel}","templated":true}]}}