{"id":21679,"date":"2024-12-17T11:52:00","date_gmt":"2024-12-17T10:52:00","guid":{"rendered":"https:\/\/sanmarzano.wine\/?page_id=21679"},"modified":"2026-05-14T10:30:53","modified_gmt":"2026-05-14T08:30:53","slug":"pietro-terzini","status":"publish","type":"page","link":"https:\/\/sanmarzano.wine\/de\/tramart\/pietro-terzini\/","title":{"rendered":"Pietro Terzini"},"content":{"rendered":"<div class=\"wpb-content-wrapper\"><p>[vc_row full_width=&#8220;stretch_row&#8220; equal_height=&#8220;yes&#8220; content_placement=&#8220;middle&#8220; css=&#8220;.vc_custom_1776952034475{padding-top: 80px !important;padding-right: 20% !important;padding-bottom: 80px !important;padding-left: 20% !important;background-color: #EEEEF0 !important;}&#8220; el_class=&#8220;box-grigio-intro&#8220;][vc_column css_animation=&#8220;bounceInLeft&#8220; width=&#8220;5\/12&#8243; css=&#8220;.vc_custom_1773918964292{background-position: center !important;background-repeat: no-repeat !important;background-size: cover !important;}&#8220;][vc_row_inner][vc_column_inner el_class=&#8220;inner-column-grigia&#8220; css=&#8220;.vc_custom_1776952601884{border-right-width: 1px !important;border-right-style: solid !important;border-color: #B8B5B5 !important;}&#8220;][vc_custom_heading text=&#8220;TRAMART KAPITEL 5&#8243; font_container=&#8220;tag:div|font_size:18px|text_align:left&#8220; google_fonts=&#8220;font_family:Playfair%20Display%3Aregular%2Citalic%2C700%2C700italic%2C900%2C900italic|font_style:400%20regular%3A400%3Anormal&#8220; css=&#8220;.vc_custom_1777282967119{margin-bottom: 20px !important;}&#8220; el_class=&#8220;titolo-prodotto&#8220;][vc_custom_heading text=&#8220;Tramari von Pietro Terzini&#8220; font_container=&#8220;tag:h1|font_size:40px|text_align:left&#8220; google_fonts=&#8220;font_family:Playfair%20Display%3Aregular%2Citalic%2C700%2C700italic%2C900%2C900italic|font_style:400%20regular%3A400%3Anormal&#8220; css=&#8220;.vc_custom_1777282974966{margin-bottom: 20px !important;}&#8220; el_class=&#8220;titolo-prodotto&#8220;][\/vc_column_inner][\/vc_row_inner][\/vc_column][vc_column width=&#8220;7\/12&#8243; el_class=&#8220;colonna-caratteristiche&#8220;][vc_column_text css=&#8220;&#8220;]<\/p>\n<p style=\"font-size: 15px; line-height: 30px;\"><a href=\"https:\/\/sanmarzano.wine\/de\/tramart\/\"><strong>Im f\u00fcnften Jahr in Folge ist das Etikett von Tramari der Rahmen eines Kunstwerks<\/strong><\/a>, aber zum ersten Mal handelt es sich nicht um figurative Kunst. Auf dem Weg zwischen den verschiedenen Disziplinen wechselt San Marzano, der mit Paul Kremer mit der Malerei begonnen und mit Giampaolo Sgura zur Fotografie gewechselt hat, 2025 mit <strong>Pietro Terzini<\/strong> und seinen Botschaften \u2013 in diesem Fall auf der Flasche \u2013 ganz und gar die Richtung.<\/p>\n<p>[\/vc_column_text][\/vc_column][\/vc_row][vc_row][vc_column][vc_empty_space height=&#8220;80px&#8220;][\/vc_column][\/vc_row][vc_row equal_height=&#8220;yes&#8220;][vc_column width=&#8220;1\/2&#8243; offset=&#8220;vc_hidden-sm vc_hidden-xs&#8220;][vc_custom_heading text=&#8220;Tramari und Pietro Terzinis \u201eBotschaften auf der Flasche\u201c&#8220; font_container=&#8220;tag:h1|font_size:40px|text_align:left&#8220; google_fonts=&#8220;font_family:Playfair%20Display%3Aregular%2Citalic%2C700%2C700italic%2C900%2C900italic|font_style:400%20regular%3A400%3Anormal&#8220; css=&#8220;.vc_custom_1777283033567{margin-bottom: 20px !important;}&#8220; el_class=&#8220;titolo-prodotto&#8220;][vc_separator color=&#8220;black&#8220; align=&#8220;align_left&#8220; border_width=&#8220;3&#8243; el_width=&#8220;40&#8243; css=&#8220;.vc_custom_1611135889012{margin-bottom: 20px !important;}&#8220;][vc_column_text css=&#8220;&#8220;]<\/p>\n<p style=\"font-size: 15px; line-height: 28px;\">Das Projekt TramArt, das seit 2021 die Beziehung zwischen Kunst und Wein erforscht und interpretiert, wird durch eine Zusammenarbeit bereichert, bei der nicht die visuelle Wirkung des Bildes im Vordergrund steht, sondern zum ersten Mal ein Text.<br \/>\n3 verschiedene \u2013 bewusst ironische \u2013 kurze Botschaften, die immer von Etikett des Tramari Ros\u00e9 inspiriert werden, das \u2013 mit seinem minimalen und linearen Design \u2013 ein einladendes wei\u00dfes Blatt ist, auf dem die pr\u00e4gnanten Schriftzeichen des K\u00fcnstlers hervorstechen.<\/p>\n<p>[\/vc_column_text][vc_empty_space height=&#8220;25px&#8220;][vc_single_image image=&#8220;24822&#8243; img_size=&#8220;600&#215;630&#8243; css=&#8220;&#8220;][\/vc_column][vc_column width=&#8220;1\/2&#8243; offset=&#8220;vc_hidden-sm vc_hidden-xs&#8220;][vc_single_image image=&#8220;24826&#8243; img_size=&#8220;600&#215;580&#8243; css=&#8220;&#8220;][vc_empty_space height=&#8220;20px&#8220;][vc_column_text css=&#8220;&#8220;]<\/p>\n<p style=\"font-size: 15px; line-height: 28px;\">Das Thema Liebe steht im Mittelpunkt, und Tramari wird \u2013 in der kreativen Interpretation von Terzini \u2013 zum Galeotto der Marke, wodurch eine der Seelen des Produkts hervorgehoben wird, n\u00e4mlich die l\u00e4ssige, unbeschwerte, die wir alle lieben und die ihn zu einer Ikone unter den Ros\u00e9s gemacht hat.<br \/>\nDer K\u00fcnstler sagt \u201eIch bin gl\u00fccklich und stolz, mit Cantine San Marzano zusammenzuarbeiten, um ein Produkt zu feiern, das ich \u00fcber alles liebe: den Primitivo Rosato Tramari. Ich danke dem Unternehmen f\u00fcr das Vertrauen, mich mit meinem ersten Projekt in der Welt der \u00d6nogastronomie zu beauftragen\u201c.<\/p>\n<p>[\/vc_column_text][vc_empty_space height=&#8220;20px&#8220;]<div class=\"sober-button-wrapper text-center\"><a href=\"https:\/\/sanmarzano.wine\/de\/tramart\/\" title=\"Tramart\" class=\"sober-button button-type-normal button-color-dark align-center  button-progetto button normal button-normal\">Discover all TramArt chapters<\/a><\/div>[\/vc_column][\/vc_row][vc_row equal_height=&#8220;yes&#8220;][vc_column offset=&#8220;vc_hidden-lg vc_hidden-md&#8220;][vc_custom_heading text=&#8220;Tramari und Pietro Terzinis \u201eBotschaften auf der Flasche\u201c&#8220; font_container=&#8220;tag:h1|font_size:40px|text_align:left&#8220; google_fonts=&#8220;font_family:Playfair%20Display%3Aregular%2Citalic%2C700%2C700italic%2C900%2C900italic|font_style:400%20regular%3A400%3Anormal&#8220; css=&#8220;.vc_custom_1777283061601{margin-bottom: 20px !important;}&#8220; el_class=&#8220;titolo-prodotto&#8220;][vc_separator color=&#8220;black&#8220; align=&#8220;align_left&#8220; border_width=&#8220;3&#8243; el_width=&#8220;40&#8243; css=&#8220;.vc_custom_1611135889012{margin-bottom: 20px !important;}&#8220;][vc_column_text css=&#8220;&#8220;]<\/p>\n<p style=\"font-size: 15px; line-height: 28px;\">Das Projekt TramArt, das seit 2021 die Beziehung zwischen Kunst und Wein erforscht und interpretiert, wird durch eine Zusammenarbeit bereichert, bei der nicht die visuelle Wirkung des Bildes im Vordergrund steht, sondern zum ersten Mal ein Text.<br \/>\n3 verschiedene \u2013 bewusst ironische \u2013 kurze Botschaften, die immer von Etikett des Tramari Ros\u00e9 inspiriert werden, das \u2013 mit seinem minimalen und linearen Design \u2013 ein einladendes wei\u00dfes Blatt ist, auf dem die pr\u00e4gnanten Schriftzeichen des K\u00fcnstlers hervorstechen.<\/p>\n<p>[\/vc_column_text][vc_empty_space height=&#8220;25px&#8220;][vc_single_image image=&#8220;24822&#8243; img_size=&#8220;600&#215;630&#8243; css=&#8220;&#8220;][vc_empty_space height=&#8220;20px&#8220;][vc_column_text css=&#8220;&#8220;]<\/p>\n<p style=\"font-size: 15px; line-height: 28px;\">Das Thema Liebe steht im Mittelpunkt, und Tramari wird \u2013 in der kreativen Interpretation von Terzini \u2013 zum Galeotto der Marke, wodurch eine der Seelen des Produkts hervorgehoben wird, n\u00e4mlich die l\u00e4ssige, unbeschwerte, die wir alle lieben und die ihn zu einer Ikone unter den Ros\u00e9s gemacht hat.<br \/>\nDer K\u00fcnstler sagt \u201eIch bin gl\u00fccklich und stolz, mit Cantine San Marzano zusammenzuarbeiten, um ein Produkt zu feiern, das ich \u00fcber alles liebe: den Primitivo Rosato Tramari. Ich danke dem Unternehmen f\u00fcr das Vertrauen, mich mit meinem ersten Projekt in der Welt der \u00d6nogastronomie zu beauftragen\u201c.<\/p>\n<p>[\/vc_column_text][vc_empty_space height=&#8220;20px&#8220;]<div class=\"sober-button-wrapper text-center\"><a href=\"https:\/\/sanmarzano.wine\/de\/tramart\/\" title=\"Tramart\" class=\"sober-button button-type-normal button-color-dark align-center  button-progetto button normal button-normal\">Discover all TramArt chapters<\/a><\/div>[vc_empty_space height=&#8220;20px&#8220;][vc_single_image image=&#8220;24826&#8243; img_size=&#8220;600&#215;630&#8243; css=&#8220;&#8220;][\/vc_column][\/vc_row][vc_row][vc_column offset=&#8220;vc_hidden-sm vc_hidden-xs&#8220;][vc_empty_space height=&#8220;80px&#8220;][\/vc_column][\/vc_row][vc_row full_width=&#8220;stretch_row_content_no_spaces&#8220; equal_height=&#8220;yes&#8220; el_class=&#8220;riga-progetto-tramart&#8220; css=&#8220;.vc_custom_1776954414926{margin-top: 40px !important;padding-top: 30px !important;padding-bottom: 40px !important;}&#8220;][vc_column css_animation=&#8220;bounceInLeft&#8220; width=&#8220;1\/2&#8243; el_class=&#8220;altezza-box box-image-test&#8220; css=&#8220;.vc_custom_1777277229437{background-position: center !important;background-repeat: no-repeat !important;background-size: cover !important;}&#8220; el_id=&#8220;image-rose-21&#8243;][vc_raw_html css=&#8220;&#8220;]JTNDZGl2JTIwY2xhc3MlM0QlMjJ2aWRlby1jb250YWluZXIlMjIlM0UlMEElMjAlMjAlM0N2aWRlbyUyMGNvbnRyb2xzJTIwYXV0b3BsYXklMjBsb29wJTNFJTBBJTIwJTIwJTIwJTIwJTNDc291cmNlJTIwc3JjJTNEJTIyaHR0cHMlM0ElMkYlMkZzYW5tYXJ6YW5vLndpbmUlMkZ3cC1jb250ZW50JTJGdXBsb2FkcyUyRjIwMjUlMkYwMyUyRnNhbm1hcnphbm8tdmlkZW8tdGVyemluaS5tNHYlMjIlMjB0eXBlJTNEJTIydmlkZW8lMkZtcDQlMjIlMkYlM0UlMEElMjAlMjAlM0MlMkZ2aWRlbyUzRSUwQSUzQyUyRmRpdiUzRQ==[\/vc_raw_html][\/vc_column][vc_column width=&#8220;1\/2&#8243; css=&#8220;.vc_custom_1618836311584{background-color: #eeeef0 !important;}&#8220; el_class=&#8220;colonna-caratteristiche-samia&#8220;][vc_row_inner content_placement=&#8220;middle&#8220;][vc_column_inner css=&#8220;.vc_custom_1718973733615{margin-bottom: 5% !important;margin-left: 5% !important;}&#8220;]<div class=\"sober-empty-space \" style=\"height: 50px\"><\/div>[vc_single_image image=&#8220;24830&#8243; img_size=&#8220;141&#215;81&#8243; css=&#8220;&#8220;][vc_empty_space height=&#8220;25px&#8220;][vc_custom_heading text=&#8220;Der K\u00fcnstler&#8220; font_container=&#8220;tag:h1|font_size:40px|text_align:left&#8220; google_fonts=&#8220;font_family:Playfair%20Display%3Aregular%2Citalic%2C700%2C700italic%2C900%2C900italic|font_style:400%20regular%3A400%3Anormal&#8220; css=&#8220;.vc_custom_1777283091302{margin-bottom: 20px !important;}&#8220; el_class=&#8220;titolo-prodotto&#8220;][vc_separator color=&#8220;custom&#8220; align=&#8220;align_left&#8220; border_width=&#8220;3&#8243; el_width=&#8220;40&#8243; css=&#8220;.vc_custom_1773670588886{margin-bottom: 20px !important;}&#8220; accent_color=&#8220;#B0AFAF&#8220;][vc_column_text css=&#8220;.vc_custom_1777283102395{padding-right: 10% !important;}&#8220; el_id=&#8220;testo-pk&#8220;]<\/p>\n<p style=\"color: #23232c; line-height: 29px; text-align: left;\">Pietro Terzini (geboren 1990 in Lodi, Italien) ist ein italienischer K\u00fcnstler, dessen Arbeit die Grenzen zwischen Kunst, Design und Mode \u00fcberschreitet.<br \/>\nNach seinem Master-Abschluss in Architektur am Polytechnikum in Mailand wechselte Terzini in die Welt der Mode und arbeitete mit einigen der renommiertesten Luxusmarken der Welt zusammen.<br \/>\nIn seiner Kunst vermischt er ikonische Elemente aus der Welt der Mode und des Designs mit emotionalen oder sarkastischen S\u00e4tzen und schafft so Werke, die sich mit den Themen Liebe, Identit\u00e4t und der Rolle des Konsums in der modernen Gesellschaft auseinandersetzen.<br \/>\nTerzinis Werke wurden in Europa, den Vereinigten Staaten und den Vereinigten Arabischen Emiraten ausgestellt und konsolidierten seine Rolle als dynamische Stimme in der zeitgen\u00f6ssischen Kunstszene.<\/p>\n<p>[\/vc_column_text][\/vc_column_inner][\/vc_row_inner][\/vc_column][\/vc_row][vc_row full_width=&#8220;stretch_row&#8220; css=&#8220;.vc_custom_1773672379343{margin-bottom: 0px !important;}&#8220;][vc_column][vc_empty_space height=&#8220;60px&#8220; el_class=&#8220;space-capitolo&#8220;][vc_custom_heading text=&#8220;Kapitel 5 &#8211; Das Wort&#8220; font_container=&#8220;tag:h1|font_size:40px|text_align:center&#8220; google_fonts=&#8220;font_family:Playfair%20Display%3Aregular%2Citalic%2C700%2C700italic%2C900%2C900italic|font_style:400%20regular%3A400%3Anormal&#8220; css=&#8220;.vc_custom_1777283112512{margin-bottom: 20px !important;}&#8220; el_class=&#8220;titolo-prodotto&#8220;][vc_separator color=&#8220;black&#8220; border_width=&#8220;3&#8243; el_width=&#8220;40&#8243; css=&#8220;.vc_custom_1773671168269{margin-bottom: 0px !important;}&#8220;][vc_empty_space height=&#8220;20px&#8220;][\/vc_column][\/vc_row][vc_row full_width=&#8220;stretch_row&#8220; equal_height=&#8220;yes&#8220; content_placement=&#8220;middle&#8220; css=&#8220;.vc_custom_1777017276687{padding-top: 0px !important;padding-right: 20% !important;padding-bottom: 80px !important;padding-left: 20% !important;}&#8220; el_class=&#8220;riga-testo-capitolo&#8220;][vc_column css_animation=&#8220;none&#8220; width=&#8220;1\/2&#8243; css=&#8220;.vc_custom_1777027228642{background-position: center !important;background-repeat: no-repeat !important;background-size: cover !important;}&#8220;][vc_row_inner][vc_column_inner el_class=&#8220;first-column-capitolo&#8220; css=&#8220;.vc_custom_1777017544808{border-right-width: 1px !important;padding-right: 15px !important;border-right-style: solid !important;border-color: #B8B5B5 !important;}&#8220;][vc_column_text css=&#8220;&#8220;]<\/p>\n<p style=\"font-size: 16px; line-height: 34px;\">Ein neues Kapitel, ein neuer Moment, ein neues Ziel auf dem Weg von TramArt. Nachdem wir Bild, Form und Blick erkundet hatten, entstand das Bed\u00fcrfnis innezuhalten und zu fragen, was bleibt, wenn alles auf das Wesentliche reduziert wird. Die Antwort kam ganz nat\u00fcrlich: das Wort.<br \/>\nMit Pietro Terzini markiert das f\u00fcnfte Kapitel von TramArt diesen \u00dcbergang. Kein Bild mehr, das betrachtet werden will, sondern eine Botschaft, die gelesen, gesp\u00fcrt und mitgenommen werden kann. Die Flasche Tramari wird so zu etwas noch Intimerem: nicht nur zu einem \u00e4sthetischen Objekt, sondern zu einem Raum des Dialogs.<br \/>\nDie St\u00e4rke von Terzinis Arbeit liegt genau darin: mit wenigen Worten viel zu sagen und einfache S\u00e4tze in ern\u00fcchterte, unverkl\u00e4rte, zeitgen\u00f6ssische Reflexionen \u00fcber Liebe, Identit\u00e4t und Verlangen zu verwandeln. Es ist eine direkte, poppige, unmittelbare Sprache \u2013 und doch niemals oberfl\u00e4chlich.<br \/>\nEine Sprache, die unserer Zeit angeh\u00f6rt und in den Alltag eindringt, ohne ihre angeborene Intensit\u00e4t zu verlieren.<\/p>\n<p>[\/vc_column_text][\/vc_column_inner][\/vc_row_inner][\/vc_column][vc_column width=&#8220;1\/2&#8243; el_class=&#8220;colonna-caratteristiche&#8220; css=&#8220;.vc_custom_1773920825074{padding-left: 15px !important;}&#8220;][vc_row_inner][vc_column_inner css=&#8220;.vc_custom_1773928129674{padding-right: 15px !important;}&#8220;][vc_column_text css=&#8220;&#8220;]<\/p>\n<p style=\"font-size: 16px; line-height: 34px;\">In diesem Sinne war die Begegnung mit Tramari beinahe unvermeidlich. Denn Tramari vereint seit jeher Leichtigkeit und Tiefe. Es ist ein Ros\u00e9, der sich selbst nicht zu ernst nimmt und doch Spuren hinterl\u00e4sst \u2013 ikonisch wie die Landschaften des Landes, das ihn inspiriert hat. Genau wie Terzinis Worte.<br \/>\nIn dieser minimalistischen, auf das Wesentliche reduzierten Kunst erkannten wir die Seele unseres Weins: zug\u00e4nglich und niemals banal, ironisch und zugleich authentisch. So wurde das Etikett zu einer wei\u00dfen Seite, auf der Worte Raum finden, um zu existieren, nachzuhallen und in Erinnerung zu bleiben.<br \/>\nMit TramArt erforschen wir weiterhin die Grenze zwischen Kunst und Wein. Doch mit Terzini verl\u00e4uft diese Grenze erstmals durch einen Satz \u2013 oder vielmehr durch drei S\u00e4tze. Und sie bleibt dort, schwebend, wie ein Aphorismus, der wiederkehrt und uns alle zu betreffen scheint.<\/p>\n<p>[\/vc_column_text][\/vc_column_inner][\/vc_row_inner][\/vc_column][\/vc_row][vc_row full_width=&#8220;stretch_row_content_no_spaces&#8220;][vc_column offset=&#8220;vc_hidden-sm vc_hidden-xs&#8220;][vc_empty_space height=&#8220;40px&#8220;][vc_images_carousel images=&#8220;24854,24850,24842,24846,24858,24838,24834&#8243; img_size=&#8220;600&#8243; slides_per_view=&#8220;4&#8243; autoplay=&#8220;yes&#8220; hide_pagination_control=&#8220;yes&#8220; wrap=&#8220;yes&#8220; css=&#8220;&#8220; el_class=&#8220;carosello-tramart&#8220;][\/vc_column][\/vc_row][vc_row full_width=&#8220;stretch_row_content_no_spaces&#8220;][vc_column offset=&#8220;vc_hidden-lg vc_hidden-md&#8220;][vc_empty_space height=&#8220;40px&#8220;][vc_images_carousel images=&#8220;24854,24850,24842,24846,24858,24838,24834&#8243; img_size=&#8220;600&#8243; autoplay=&#8220;yes&#8220; hide_pagination_control=&#8220;yes&#8220; wrap=&#8220;yes&#8220; css=&#8220;&#8220; el_class=&#8220;carosello-tramart&#8220;][\/vc_column][\/vc_row]<\/p>\n<\/div>","protected":false},"excerpt":{"rendered":"<p>[vc_row full_width=&#8220;stretch_row&#8220; equal_height=&#8220;yes&#8220; content_placement=&#8220;middle&#8220; css=&#8220;.vc_custom_1776952034475{padding-top: 80px !important;padding-right: 20% !important;padding-bottom: 80px !important;padding-left: 20% !important;background-color: #EEEEF0 !important;}&#8220;&hellip;<\/p>\n","protected":false},"author":90,"featured_media":0,"parent":7019,"menu_order":0,"comment_status":"closed","ping_status":"closed","template":"template_premio.php","meta":{"om_disable_all_campaigns":false,"footnotes":""},"class_list":["post-21679","page","type-page","status-publish","hentry"],"yoast_head":"<!-- This site is optimized with the Yoast SEO plugin v25.2 - https:\/\/yoast.com\/wordpress\/plugins\/seo\/ -->\n<title>Pietro Terzini - San Marzano<\/title>\n<meta name=\"robots\" content=\"index, follow, max-snippet:-1, max-image-preview:large, max-video-preview:-1\" \/>\n<link rel=\"canonical\" href=\"https:\/\/sanmarzano.wine\/de\/tramart\/pietro-terzini\/\" \/>\n<meta property=\"og:locale\" content=\"de_DE\" \/>\n<meta property=\"og:type\" content=\"article\" \/>\n<meta property=\"og:title\" content=\"Pietro Terzini - San Marzano\" \/>\n<meta property=\"og:description\" content=\"[vc_row full_width=&#8220;stretch_row&#8220; equal_height=&#8220;yes&#8220; content_placement=&#8220;middle&#8220; css=&#8220;.vc_custom_1776952034475{padding-top: 80px !important;padding-right: 20% !important;padding-bottom: 80px !important;padding-left: 20% !important;background-color: #EEEEF0 !important;}&#8220;&hellip;\" \/>\n<meta property=\"og:url\" content=\"https:\/\/sanmarzano.wine\/de\/tramart\/pietro-terzini\/\" \/>\n<meta property=\"og:site_name\" content=\"San Marzano\" \/>\n<meta property=\"article:modified_time\" content=\"2026-05-14T08:30:53+00:00\" \/>\n<meta name=\"twitter:card\" content=\"summary_large_image\" \/>\n<meta name=\"twitter:label1\" content=\"Gesch\u00e4tzte Lesezeit\" \/>\n\t<meta name=\"twitter:data1\" content=\"6\u00a0Minuten\" \/>\n<script type=\"application\/ld+json\" class=\"yoast-schema-graph\">{\"@context\":\"https:\/\/schema.org\",\"@graph\":[{\"@type\":\"WebPage\",\"@id\":\"https:\/\/sanmarzano.wine\/de\/tramart\/pietro-terzini\/\",\"url\":\"https:\/\/sanmarzano.wine\/de\/tramart\/pietro-terzini\/\",\"name\":\"Pietro Terzini - San Marzano\",\"isPartOf\":{\"@id\":\"https:\/\/sanmarzano.wine\/#website\"},\"datePublished\":\"2024-12-17T10:52:00+00:00\",\"dateModified\":\"2026-05-14T08:30:53+00:00\",\"breadcrumb\":{\"@id\":\"https:\/\/sanmarzano.wine\/de\/tramart\/pietro-terzini\/#breadcrumb\"},\"inLanguage\":\"de\",\"potentialAction\":[{\"@type\":\"ReadAction\",\"target\":[\"https:\/\/sanmarzano.wine\/de\/tramart\/pietro-terzini\/\"]}]},{\"@type\":\"BreadcrumbList\",\"@id\":\"https:\/\/sanmarzano.wine\/de\/tramart\/pietro-terzini\/#breadcrumb\",\"itemListElement\":[{\"@type\":\"ListItem\",\"position\":1,\"name\":\"Home\",\"item\":\"https:\/\/sanmarzano.wine\/de\/\"},{\"@type\":\"ListItem\",\"position\":2,\"name\":\"Tramart\",\"item\":\"https:\/\/sanmarzano.wine\/de\/tramart\/\"},{\"@type\":\"ListItem\",\"position\":3,\"name\":\"Pietro Terzini\"}]},{\"@type\":\"WebSite\",\"@id\":\"https:\/\/sanmarzano.wine\/#website\",\"url\":\"https:\/\/sanmarzano.wine\/\",\"name\":\"San Marzano\",\"description\":\"\",\"potentialAction\":[{\"@type\":\"SearchAction\",\"target\":{\"@type\":\"EntryPoint\",\"urlTemplate\":\"https:\/\/sanmarzano.wine\/?s={search_term_string}\"},\"query-input\":{\"@type\":\"PropertyValueSpecification\",\"valueRequired\":true,\"valueName\":\"search_term_string\"}}],\"inLanguage\":\"de\"}]}<\/script>\n<!-- \/ Yoast SEO plugin. -->","yoast_head_json":{"title":"Pietro Terzini - San Marzano","robots":{"index":"index","follow":"follow","max-snippet":"max-snippet:-1","max-image-preview":"max-image-preview:large","max-video-preview":"max-video-preview:-1"},"canonical":"https:\/\/sanmarzano.wine\/de\/tramart\/pietro-terzini\/","og_locale":"de_DE","og_type":"article","og_title":"Pietro Terzini - San Marzano","og_description":"[vc_row full_width=&#8220;stretch_row&#8220; equal_height=&#8220;yes&#8220; content_placement=&#8220;middle&#8220; css=&#8220;.vc_custom_1776952034475{padding-top: 80px !important;padding-right: 20% !important;padding-bottom: 80px !important;padding-left: 20% !important;background-color: #EEEEF0 !important;}&#8220;&hellip;","og_url":"https:\/\/sanmarzano.wine\/de\/tramart\/pietro-terzini\/","og_site_name":"San Marzano","article_modified_time":"2026-05-14T08:30:53+00:00","twitter_card":"summary_large_image","twitter_misc":{"Gesch\u00e4tzte Lesezeit":"6\u00a0Minuten"},"schema":{"@context":"https:\/\/schema.org","@graph":[{"@type":"WebPage","@id":"https:\/\/sanmarzano.wine\/de\/tramart\/pietro-terzini\/","url":"https:\/\/sanmarzano.wine\/de\/tramart\/pietro-terzini\/","name":"Pietro Terzini - San Marzano","isPartOf":{"@id":"https:\/\/sanmarzano.wine\/#website"},"datePublished":"2024-12-17T10:52:00+00:00","dateModified":"2026-05-14T08:30:53+00:00","breadcrumb":{"@id":"https:\/\/sanmarzano.wine\/de\/tramart\/pietro-terzini\/#breadcrumb"},"inLanguage":"de","potentialAction":[{"@type":"ReadAction","target":["https:\/\/sanmarzano.wine\/de\/tramart\/pietro-terzini\/"]}]},{"@type":"BreadcrumbList","@id":"https:\/\/sanmarzano.wine\/de\/tramart\/pietro-terzini\/#breadcrumb","itemListElement":[{"@type":"ListItem","position":1,"name":"Home","item":"https:\/\/sanmarzano.wine\/de\/"},{"@type":"ListItem","position":2,"name":"Tramart","item":"https:\/\/sanmarzano.wine\/de\/tramart\/"},{"@type":"ListItem","position":3,"name":"Pietro Terzini"}]},{"@type":"WebSite","@id":"https:\/\/sanmarzano.wine\/#website","url":"https:\/\/sanmarzano.wine\/","name":"San Marzano","description":"","potentialAction":[{"@type":"SearchAction","target":{"@type":"EntryPoint","urlTemplate":"https:\/\/sanmarzano.wine\/?s={search_term_string}"},"query-input":{"@type":"PropertyValueSpecification","valueRequired":true,"valueName":"search_term_string"}}],"inLanguage":"de"}]}},"_links":{"self":[{"href":"https:\/\/sanmarzano.wine\/de\/wp-json\/wp\/v2\/pages\/21679","targetHints":{"allow":["GET"]}}],"collection":[{"href":"https:\/\/sanmarzano.wine\/de\/wp-json\/wp\/v2\/pages"}],"about":[{"href":"https:\/\/sanmarzano.wine\/de\/wp-json\/wp\/v2\/types\/page"}],"author":[{"embeddable":true,"href":"https:\/\/sanmarzano.wine\/de\/wp-json\/wp\/v2\/users\/90"}],"replies":[{"embeddable":true,"href":"https:\/\/sanmarzano.wine\/de\/wp-json\/wp\/v2\/comments?post=21679"}],"version-history":[{"count":14,"href":"https:\/\/sanmarzano.wine\/de\/wp-json\/wp\/v2\/pages\/21679\/revisions"}],"predecessor-version":[{"id":25275,"href":"https:\/\/sanmarzano.wine\/de\/wp-json\/wp\/v2\/pages\/21679\/revisions\/25275"}],"up":[{"embeddable":true,"href":"https:\/\/sanmarzano.wine\/de\/wp-json\/wp\/v2\/pages\/7019"}],"wp:attachment":[{"href":"https:\/\/sanmarzano.wine\/de\/wp-json\/wp\/v2\/media?parent=21679"}],"curies":[{"name":"wp","href":"https:\/\/api.w.org\/{rel}","templated":true}]}}