{"id":16798,"date":"2023-02-09T14:08:35","date_gmt":"2023-02-09T13:08:35","guid":{"rendered":"https:\/\/sanmarzano.wine\/?page_id=16798"},"modified":"2023-05-24T10:10:57","modified_gmt":"2023-05-24T08:10:57","slug":"agostino-iacurci","status":"publish","type":"page","link":"https:\/\/sanmarzano.wine\/de\/tramart\/agostino-iacurci\/","title":{"rendered":"Agostino Iacurci"},"content":{"rendered":"<div class=\"wpb-content-wrapper\"><p>[vc_row css=&#8220;.vc_custom_1621514613245{margin-top: 20px !important;margin-bottom: 20px !important;}&#8220;][vc_column][vc_empty_space][\/vc_column][vc_column width=&#8220;2\/3&#8243; offset=&#8220;vc_col-lg-offset-2 vc_col-lg-8 vc_col-md-offset-0 vc_col-md-12 vc_col-sm-offset-0&#8243;][vc_custom_heading text=&#8220;Tramari von Agostino Iacurci&#8220; font_container=&#8220;tag:h1|font_size:40px|text_align:left&#8220; google_fonts=&#8220;font_family:Playfair%20Display%3Aregular%2Citalic%2C700%2C700italic%2C900%2C900italic|font_style:400%20regular%3A400%3Anormal&#8220; css=&#8220;.vc_custom_1684155653866{margin-bottom: 20px !important;}&#8220; el_class=&#8220;titolo-prodotto&#8220;][vc_separator color=&#8220;black&#8220; align=&#8220;align_left&#8220; border_width=&#8220;3&#8243; el_width=&#8220;40&#8243; css=&#8220;.vc_custom_1611135889012{margin-bottom: 20px !important;}&#8220;][vc_column_text]<\/p>\n<p style=\"font-size: 16px; line-height: 34px;\">Bei der dritten Ausgabe von <a href=\"https:\/\/sanmarzano.wine\/de\/tramart\/\">TramArt<\/a>, dem Projekt von San Marzano, das seit 2021 die Geschichte der privilegierten Verbindung von Kunst und Wein erz\u00e4hlt, interpretiert Agostino Iacurci das Tramari-Etikett, das dank seines einfachen, geometrischen und linearen Designs Jahr f\u00fcr Jahr zur idealen Leinwand f\u00fcr bekannte K\u00fcnstler wird.<\/p>\n<p>[\/vc_column_text][vc_column_text]<\/p>\n<p style=\"font-size: 16px; line-height: 34px;\">Agostino Iacurci entfernt sich von den scharfen, geometrischen Linien, die f\u00fcr die fr\u00fcheren Ausgaben von Paul Kremer (ed. 2021) und Matt Kleberg (ed.2022), und verleiht dem Wein ein reiches und farbenfrohes Blumenbouquet.<\/p>\n<p>[\/vc_column_text][\/vc_column][\/vc_row][vc_row full_width=&#8220;stretch_row_content_no_spaces&#8220; equal_height=&#8220;yes&#8220; content_placement=&#8220;middle&#8220; css=&#8220;.vc_custom_1682497077954{padding-top: 20px !important;padding-bottom: 20px !important;}&#8220;][vc_column css_animation=&#8220;bounceInLeft&#8220; css=&#8220;.vc_custom_1682502332993{background-position: center !important;background-repeat: no-repeat !important;background-size: cover !important;}&#8220; offset=&#8220;vc_col-lg-6 vc_col-xs-12&#8243; el_class=&#8220;colonna-immagine-bouquet&#8220;][vc_raw_html]JTNDZGl2JTIwY2xhc3MlM0QlMjJ2aWRlby1jb250YWluZXIlMjIlM0UlMEElMjAlMjAlM0N2aWRlbyUyMGNvbnRyb2xzJTIwYXV0b3BsYXklMjBsb29wJTNFJTBBJTIwJTIwJTIwJTIwJTNDc291cmNlJTIwc3JjJTNEJTIyaHR0cHMlM0ElMkYlMkZzYW5tYXJ6YW5vLndpbmUlMkZ3cC1jb250ZW50JTJGdXBsb2FkcyUyRjIwMjMlMkYwNSUyRlNhbm1hcnphbm8tVHJhbWFydC1BZ29zdGluby1JYWN1cmNpLTEubXA0JTIyJTIwdHlwZSUzRCUyMnZpZGVvJTJGbXA0JTIyJTIwJTJGJTNFJTBBJTIwJTIwJTNDJTJGdmlkZW8lM0UlMEElMEElM0MlMkZkaXYlM0UlMEE=[\/vc_raw_html][\/vc_column][vc_column css=&#8220;.vc_custom_1682502368952{background-color: #eeeef0 !important;}&#8220; offset=&#8220;vc_col-lg-6 vc_col-xs-12&#8243; el_class=&#8220;colonna-testo-bouquet&#8220;][vc_row_inner content_placement=&#8220;middle&#8220;][vc_column_inner el_class=&#8220;colonna-bouquet&#8220; css=&#8220;.vc_custom_1682499351175{padding-left: 5% !important;}&#8220;][vc_custom_heading text=&#8220;Tramari und der &#8222;Blumenstrau\u00df&#8222; von Agostino Iacurci&#8220; use_theme_fonts=&#8220;yes&#8220; css=&#8220;.vc_custom_1684155708998{margin-bottom: 20px !important;}&#8220; el_class=&#8220;title-icontro-matt-kleberg&#8220;][vc_column_text el_id=&#8220;testo-mk&#8220; css=&#8220;.vc_custom_1684155730557{padding-right: 10% !important;}&#8220;]<\/p>\n<p style=\"color: #23232c; line-height: 29px; text-align: left;\">Das von der K\u00fcnstlerin entwickelte Bild &#8222;schwingt&#8220; mit der <strong>Erfahrung der Verkostung mit<\/strong>, nicht im technischen Sinne der Darstellung der D\u00fcfte und Aromen des Weinbouquets, sondern durch die Energie und die Schwingungen der Farben selbst, die einander gegen\u00fcbergestellt werden.<\/p>\n<p>[\/vc_column_text][vc_column_text css=&#8220;.vc_custom_1684155745076{padding-right: 10% !important;}&#8220;]<\/p>\n<p style=\"color: #23232c; line-height: 29px; text-align: left;\">Die Originalleinwand tr\u00e4gt den Titel &#8222;Bouquet&#8220; und erinnert an das Thema der Stillleben- und Gartenmalerei, zeitlose Klassiker des malerischen Repertoires, und ist Teil eines neuen Werkzyklus des K\u00fcnstlers, der die stilistischen Merkmale und Klischees der klassischen Welt abstrahiert, die er sich in einem bewussten Prozess der pers\u00f6nlichen Forschung neu aneignet und neu interpretiert.<\/p>\n<p>[\/vc_column_text][\/vc_column_inner][\/vc_row_inner][\/vc_column][\/vc_row][vc_row el_class=&#8220;artista_row&#8220;][vc_column][vc_empty_space el_class=&#8220;spazio-sezione-artista&#8220;][\/vc_column][\/vc_row][vc_row full_width=&#8220;stretch_row_content&#8220; equal_height=&#8220;yes&#8220; content_placement=&#8220;middle&#8220; el_class=&#8220;artista_row&#8220;][vc_column width=&#8220;2\/3&#8243; el_class=&#8220;testo-artista-aicurci&#8220;][vc_row_inner content_placement=&#8220;middle&#8220;][vc_column_inner el_class=&#8220;colonna-artistia-iacurci&#8220; css=&#8220;.vc_custom_1682499520183{padding-left: 5% !important;}&#8220;][vc_custom_heading text=&#8220;Der K\u00fcnstler&#8220; use_theme_fonts=&#8220;yes&#8220; el_class=&#8220;linea-azienda&#8220; css=&#8220;.vc_custom_1684155756510{margin-bottom: 20px !important;}&#8220;][vc_column_text]<\/p>\n<p style=\"font-size: 14px; line-height: 24px;\">Iacurci verwendet verschiedene Medien, darunter Malerei, Wandmalerei, Skulptur, Zeichnung und Installation. In seiner k\u00fcnstlerischen Praxis, die oft ortsspezifisch ist, sammelt er heterogene Materialien, bearbeitet und manipuliert sie. Das Ergebnis sind Visionen und Umgebungen, in denen kulturelle Geschichten, pers\u00f6nliche Erinnerungen, literarische Referenzen und volkst\u00fcmliche Erz\u00e4hlungen frei assoziiert und erz\u00e4hlt werden.<\/p>\n<p>[\/vc_column_text][vc_empty_space height=&#8220;10px&#8220;][vc_column_text]<\/p>\n<p style=\"font-size: 14px; line-height: 24px;\">Iacurci hat in Einzel- und Gruppenausstellungen ausgestellt, darunter: Alien Horti Picti, Robert Grunenberg, Berlin (2023); Of my abstract gardening, Ex Elettrofonica, Rom (2022); Hortus, IIC, Prag (2022); Premio Termoli LXII, MACTE, Termoli (2021); Tracing Vitruvio, Musei Civici, Pesaro (2019); Talent Prize 2019, Mattatoio, Rom (2019); Gypsoteca, M77 Gallery, Mailand (2018); Trompe- l&#8217;oeil, Celaya Brothers Gallery, Mexiko-Stadt (2017); Biennale f\u00fcr urbane Kunst, V\u00f6lkinger H\u00fctte, Europ\u00e4isches Zentrum f\u00fcr Kunst und Industriekultur (2017); Cross the streets, MACRO Museum, Rom (2017); 16\u00b0 Premio Cairo, Palazzo della Permanente, Mailand (2015).<br \/>\nSeit 2009 hat er monumentale Wandgem\u00e4lde und Installationen f\u00fcr \u00f6ffentliche und private Einrichtungen geschaffen, darunter: Der Garten von Alabu, Aalborg (2023); Cote-des-Neiges Mural Projekt, Wandmalerei, Montreal (2022); Ludwigs- Hack-Museum, Ludwigshafen (2021); Life is Beautiful, Las Vegas (2021); Principal Place, London (2020); Yakutsk Biennale, Jakutsk (2017); Distrito Tec University, Monterrey (2016); Govind Puri Metro Station, New Delhi (2016); Istituto Mario Penna, Belo Horizonte (2014); Fubon Art Foundation, Taipei (2012).<br \/>\nEr nahm an Residenzprogrammen wie ISCP (International Studio &amp; Curatorial Program), New York (2020-2022), und Plop x Cob Residency, London (2021), teil.<br \/>\nIacurci erhielt den New York Prize, gesponsert von Mibac, MAE und der Italian Academy-Columbia University (2020), und den Cantica21 Prize, Italian Contemporary Art Everywhere (2021).<br \/>\nEr hat mit internationalen Marken und Verlagen zusammengearbeitet, darunter Apple, Adidas, Herm\u00e8s, Herman Miller, La Repubblica, Penguin Random House, Starbucks und The New Yorker.<\/p>\n<p>[\/vc_column_text][\/vc_column_inner][\/vc_row_inner][\/vc_column][vc_column width=&#8220;1\/3&#8243; el_class=&#8220;aicurci_foto_col&#8220;][vc_single_image image=&#8220;16613&#8243; img_size=&#8220;full&#8220;][\/vc_column][\/vc_row][vc_row el_class=&#8220;artista_row&#8220;][vc_column][vc_empty_space el_class=&#8220;spazio-sezione-artista&#8220;][\/vc_column][\/vc_row][vc_row full_width=&#8220;stretch_row_content_no_spaces&#8220; equal_height=&#8220;yes&#8220; content_placement=&#8220;middle&#8220; css=&#8220;.vc_custom_1682500372175{padding-top: 20px !important;padding-bottom: 20px !important;}&#8220; el_class=&#8220;colonna-caratteristiche-samia2&#8243;][vc_column css_animation=&#8220;bounceInLeft&#8220; css=&#8220;.vc_custom_1651833394023{background-position: center !important;background-repeat: no-repeat !important;background-size: cover !important;}&#8220; offset=&#8220;vc_col-lg-6 vc_col-xs-12&#8243;][vc_single_image image=&#8220;16617&#8243; img_size=&#8220;full&#8220; alignment=&#8220;right&#8220;][\/vc_column][vc_column css=&#8220;.vc_custom_1682500673493{background-color: #eeeef0 !important;}&#8220; offset=&#8220;vc_col-lg-6 vc_col-xs-12&#8243;][vc_row_inner][vc_column_inner el_class=&#8220;colonna-testo-collaborazioni&#8220; css=&#8220;.vc_custom_1682500677205{padding-left: 5% !important;}&#8220;][vc_custom_heading text=&#8220;Kollaborationen&#8220; use_theme_fonts=&#8220;yes&#8220; css=&#8220;.vc_custom_1684155798714{margin-bottom: 20px !important;}&#8220;][vc_column_text css=&#8220;.vc_custom_1684155855612{padding-right: 10% !important;}&#8220;]<\/p>\n<p style=\"color: #23232c; line-height: 30px; text-align: left;\"><strong>Papier der Etiketten: Fedrigoni LIGHT WS BARRIER FSC\u2122<\/strong><br \/>\nDas TramArt-Projekt wird im dritten Jahr in Folge von Fedrigoni Self-Adhesives unterst\u00fctzt. <strong>LUCE WS BARRIER FSC\u2122<\/strong> ist ein hochwertiges selbstklebendes Papier, das \u00fcberwiegend aus Naturfasern hergestellt wird. Sein Hauptmerkmal ist die Entwicklung eines eleganten, filigranen Effekts durch Hei\u00dfpr\u00e4gung und Pr\u00e4gung. Dar\u00fcber hinaus eignet es sich aufgrund seines hohen Fl\u00e4chengewichts hervorragend f\u00fcr hochwertige Produktetiketten mit Pr\u00e4gung und Entpr\u00e4gung. Die Barrierebehandlung garantiert die Stabilit\u00e4t und das hochwertige Aussehen des Etiketts auch nach Eintauchen in Wasser und m\u00f6glichen Temperaturschwankungen. Das Etikettenpapier von Tramari Agostino Iacurci ist ein FSC-zertifiziertes Produkt, das aus Rohstoffen aus umweltfreundlicher, sozial n\u00fctzlicher und wirtschaftlich tragf\u00e4higer Forstwirtschaft hergestellt wird.<\/p>\n<p style=\"color: #23232c; line-height: 30px; text-align: left;\"><strong>Druck der Etiketten: Tonutti Tecniche Grafiche<\/strong><br \/>\nTonutti Tecniche Grafiche, ein Unternehmen, das sich seit fast achtzig Jahren auf den Druck von Premium-Etiketten f\u00fcr den Weinmarkt spezialisiert hat, hat sich erneut an dem Projekt beteiligt. &#8222;Seit drei Jahren sind wir am Druck der TramArt-Etiketten beteiligt, ein fester Termin mit San Marzano, das uns Jahr f\u00fcr Jahr mit der Gro\u00dfartigkeit der vorgestellten Projekte \u00fcberrascht&#8220;, sagt Gesch\u00e4ftsf\u00fchrerin Maria Tresa Tonutti, &#8222;wir haben die Ehre, die Grafik mit den sorgf\u00e4ltig ausgew\u00e4hlten Materialien zu kombinieren, um ein ikonisches Etikett zu schaffen, das Nat\u00fcrlichkeit und Materialit\u00e4t vermittelt&#8220;. Um die Kreativit\u00e4t des K\u00fcnstlers zu f\u00f6rdern, wurde ein Naturpapier gew\u00e4hlt, das im Vierfarbendruck mit Offset-Technik bedruckt wurde. Es war eine Herausforderung, die Harmonie zwischen den Texten und Grafiken aufrechtzuerhalten, indem ein perfektes Gleichgewicht zwischen Cyan-Dominanten und rosafarbenen T\u00f6nen gefunden wurde. Das Logo aus halbgl\u00e4nzendem Lackleder schimmert durch die Blumen des Strau\u00dfes hindurch und verleiht zusammen mit der bronze-goldenen Folie dem, was man als Etikett bezeichnen k\u00f6nnte, eine besondere Eleganz!<\/p>\n<p>[\/vc_column_text][\/vc_column_inner][\/vc_row_inner][\/vc_column][\/vc_row]<\/p>\n<\/div>","protected":false},"excerpt":{"rendered":"<p>[vc_row css=&#8220;.vc_custom_1621514613245{margin-top: 20px !important;margin-bottom: 20px !important;}&#8220;][vc_column][vc_empty_space][\/vc_column][vc_column width=&#8220;2\/3&#8243; offset=&#8220;vc_col-lg-offset-2 vc_col-lg-8 vc_col-md-offset-0 vc_col-md-12 vc_col-sm-offset-0&#8243;][vc_custom_heading text=&#8220;Tramari von Agostino&hellip;<\/p>\n","protected":false},"author":90,"featured_media":0,"parent":7019,"menu_order":0,"comment_status":"closed","ping_status":"closed","template":"template_premio.php","meta":{"om_disable_all_campaigns":false,"footnotes":""},"class_list":["post-16798","page","type-page","status-publish","hentry"],"yoast_head":"<!-- This site is optimized with the Yoast SEO plugin v25.2 - https:\/\/yoast.com\/wordpress\/plugins\/seo\/ -->\n<title>Agostino Iacurci - San Marzano<\/title>\n<meta name=\"robots\" content=\"index, follow, max-snippet:-1, max-image-preview:large, max-video-preview:-1\" \/>\n<link rel=\"canonical\" href=\"https:\/\/sanmarzano.wine\/de\/tramart\/agostino-iacurci\/\" \/>\n<meta property=\"og:locale\" content=\"de_DE\" \/>\n<meta property=\"og:type\" content=\"article\" \/>\n<meta property=\"og:title\" content=\"Agostino Iacurci - San Marzano\" \/>\n<meta property=\"og:description\" content=\"[vc_row css=&#8220;.vc_custom_1621514613245{margin-top: 20px !important;margin-bottom: 20px !important;}&#8220;][vc_column][vc_empty_space][\/vc_column][vc_column width=&#8220;2\/3&#8243; offset=&#8220;vc_col-lg-offset-2 vc_col-lg-8 vc_col-md-offset-0 vc_col-md-12 vc_col-sm-offset-0&#8243;][vc_custom_heading text=&#8220;Tramari von Agostino&hellip;\" \/>\n<meta property=\"og:url\" content=\"https:\/\/sanmarzano.wine\/de\/tramart\/agostino-iacurci\/\" \/>\n<meta property=\"og:site_name\" content=\"San Marzano\" \/>\n<meta property=\"article:modified_time\" content=\"2023-05-24T08:10:57+00:00\" \/>\n<meta name=\"twitter:card\" content=\"summary_large_image\" \/>\n<meta name=\"twitter:label1\" content=\"Gesch\u00e4tzte Lesezeit\" \/>\n\t<meta name=\"twitter:data1\" content=\"7\u00a0Minuten\" \/>\n<script type=\"application\/ld+json\" class=\"yoast-schema-graph\">{\"@context\":\"https:\/\/schema.org\",\"@graph\":[{\"@type\":\"WebPage\",\"@id\":\"https:\/\/sanmarzano.wine\/de\/tramart\/agostino-iacurci\/\",\"url\":\"https:\/\/sanmarzano.wine\/de\/tramart\/agostino-iacurci\/\",\"name\":\"Agostino Iacurci - San Marzano\",\"isPartOf\":{\"@id\":\"https:\/\/sanmarzano.wine\/#website\"},\"datePublished\":\"2023-02-09T13:08:35+00:00\",\"dateModified\":\"2023-05-24T08:10:57+00:00\",\"breadcrumb\":{\"@id\":\"https:\/\/sanmarzano.wine\/de\/tramart\/agostino-iacurci\/#breadcrumb\"},\"inLanguage\":\"de\",\"potentialAction\":[{\"@type\":\"ReadAction\",\"target\":[\"https:\/\/sanmarzano.wine\/de\/tramart\/agostino-iacurci\/\"]}]},{\"@type\":\"BreadcrumbList\",\"@id\":\"https:\/\/sanmarzano.wine\/de\/tramart\/agostino-iacurci\/#breadcrumb\",\"itemListElement\":[{\"@type\":\"ListItem\",\"position\":1,\"name\":\"Home\",\"item\":\"https:\/\/sanmarzano.wine\/de\/\"},{\"@type\":\"ListItem\",\"position\":2,\"name\":\"Tramart\",\"item\":\"https:\/\/sanmarzano.wine\/de\/tramart\/\"},{\"@type\":\"ListItem\",\"position\":3,\"name\":\"Agostino Iacurci\"}]},{\"@type\":\"WebSite\",\"@id\":\"https:\/\/sanmarzano.wine\/#website\",\"url\":\"https:\/\/sanmarzano.wine\/\",\"name\":\"San Marzano\",\"description\":\"\",\"potentialAction\":[{\"@type\":\"SearchAction\",\"target\":{\"@type\":\"EntryPoint\",\"urlTemplate\":\"https:\/\/sanmarzano.wine\/?s={search_term_string}\"},\"query-input\":{\"@type\":\"PropertyValueSpecification\",\"valueRequired\":true,\"valueName\":\"search_term_string\"}}],\"inLanguage\":\"de\"}]}<\/script>\n<!-- \/ Yoast SEO plugin. -->","yoast_head_json":{"title":"Agostino Iacurci - San Marzano","robots":{"index":"index","follow":"follow","max-snippet":"max-snippet:-1","max-image-preview":"max-image-preview:large","max-video-preview":"max-video-preview:-1"},"canonical":"https:\/\/sanmarzano.wine\/de\/tramart\/agostino-iacurci\/","og_locale":"de_DE","og_type":"article","og_title":"Agostino Iacurci - San Marzano","og_description":"[vc_row css=&#8220;.vc_custom_1621514613245{margin-top: 20px !important;margin-bottom: 20px !important;}&#8220;][vc_column][vc_empty_space][\/vc_column][vc_column width=&#8220;2\/3&#8243; offset=&#8220;vc_col-lg-offset-2 vc_col-lg-8 vc_col-md-offset-0 vc_col-md-12 vc_col-sm-offset-0&#8243;][vc_custom_heading text=&#8220;Tramari von Agostino&hellip;","og_url":"https:\/\/sanmarzano.wine\/de\/tramart\/agostino-iacurci\/","og_site_name":"San Marzano","article_modified_time":"2023-05-24T08:10:57+00:00","twitter_card":"summary_large_image","twitter_misc":{"Gesch\u00e4tzte Lesezeit":"7\u00a0Minuten"},"schema":{"@context":"https:\/\/schema.org","@graph":[{"@type":"WebPage","@id":"https:\/\/sanmarzano.wine\/de\/tramart\/agostino-iacurci\/","url":"https:\/\/sanmarzano.wine\/de\/tramart\/agostino-iacurci\/","name":"Agostino Iacurci - San Marzano","isPartOf":{"@id":"https:\/\/sanmarzano.wine\/#website"},"datePublished":"2023-02-09T13:08:35+00:00","dateModified":"2023-05-24T08:10:57+00:00","breadcrumb":{"@id":"https:\/\/sanmarzano.wine\/de\/tramart\/agostino-iacurci\/#breadcrumb"},"inLanguage":"de","potentialAction":[{"@type":"ReadAction","target":["https:\/\/sanmarzano.wine\/de\/tramart\/agostino-iacurci\/"]}]},{"@type":"BreadcrumbList","@id":"https:\/\/sanmarzano.wine\/de\/tramart\/agostino-iacurci\/#breadcrumb","itemListElement":[{"@type":"ListItem","position":1,"name":"Home","item":"https:\/\/sanmarzano.wine\/de\/"},{"@type":"ListItem","position":2,"name":"Tramart","item":"https:\/\/sanmarzano.wine\/de\/tramart\/"},{"@type":"ListItem","position":3,"name":"Agostino Iacurci"}]},{"@type":"WebSite","@id":"https:\/\/sanmarzano.wine\/#website","url":"https:\/\/sanmarzano.wine\/","name":"San Marzano","description":"","potentialAction":[{"@type":"SearchAction","target":{"@type":"EntryPoint","urlTemplate":"https:\/\/sanmarzano.wine\/?s={search_term_string}"},"query-input":{"@type":"PropertyValueSpecification","valueRequired":true,"valueName":"search_term_string"}}],"inLanguage":"de"}]}},"_links":{"self":[{"href":"https:\/\/sanmarzano.wine\/de\/wp-json\/wp\/v2\/pages\/16798","targetHints":{"allow":["GET"]}}],"collection":[{"href":"https:\/\/sanmarzano.wine\/de\/wp-json\/wp\/v2\/pages"}],"about":[{"href":"https:\/\/sanmarzano.wine\/de\/wp-json\/wp\/v2\/types\/page"}],"author":[{"embeddable":true,"href":"https:\/\/sanmarzano.wine\/de\/wp-json\/wp\/v2\/users\/90"}],"replies":[{"embeddable":true,"href":"https:\/\/sanmarzano.wine\/de\/wp-json\/wp\/v2\/comments?post=16798"}],"version-history":[{"count":6,"href":"https:\/\/sanmarzano.wine\/de\/wp-json\/wp\/v2\/pages\/16798\/revisions"}],"predecessor-version":[{"id":16883,"href":"https:\/\/sanmarzano.wine\/de\/wp-json\/wp\/v2\/pages\/16798\/revisions\/16883"}],"up":[{"embeddable":true,"href":"https:\/\/sanmarzano.wine\/de\/wp-json\/wp\/v2\/pages\/7019"}],"wp:attachment":[{"href":"https:\/\/sanmarzano.wine\/de\/wp-json\/wp\/v2\/media?parent=16798"}],"curies":[{"name":"wp","href":"https:\/\/api.w.org\/{rel}","templated":true}]}}