{"id":14036,"date":"2022-02-22T14:26:04","date_gmt":"2022-02-22T13:26:04","guid":{"rendered":"https:\/\/sanmarzano.wine\/tramart\/matt-kleberg\/"},"modified":"2022-08-05T09:57:30","modified_gmt":"2022-08-05T07:57:30","slug":"matt-kleberg","status":"publish","type":"page","link":"https:\/\/sanmarzano.wine\/de\/tramart\/matt-kleberg\/","title":{"rendered":"Matt Kleberg"},"content":{"rendered":"<div class=\"wpb-content-wrapper\"><p>[vc_row css=&#8220;.vc_custom_1621514613245{margin-top: 20px !important;margin-bottom: 20px !important;}&#8220;][vc_column][vc_empty_space][\/vc_column][vc_column width=&#8220;2\/3&#8243; offset=&#8220;vc_col-lg-offset-2 vc_col-lg-8 vc_col-md-offset-0 vc_col-md-12 vc_col-sm-offset-0&#8243;][vc_custom_heading text=&#8220;Tramari Edition Matt Kleberg&#8220; font_container=&#8220;tag:h1|font_size:40px|text_align:left&#8220; google_fonts=&#8220;font_family:Playfair%20Display%3Aregular%2Citalic%2C700%2C700italic%2C900%2C900italic|font_style:400%20regular%3A400%3Anormal&#8220; css=&#8220;.vc_custom_1659618550517{margin-bottom: 20px !important;}&#8220; el_class=&#8220;titolo-prodotto&#8220;][vc_separator color=&#8220;black&#8220; align=&#8220;align_left&#8220; border_width=&#8220;3&#8243; el_width=&#8220;40&#8243; css=&#8220;.vc_custom_1611135889012{margin-bottom: 20px !important;}&#8220;][vc_column_text]<\/p>\n<p style=\"font-size: 16px;line-height: 34px\">Das zweite Jahr in Folge wird Tramari Ros\u00e9 di Primitivo San Marzano zur Leinwand eines Malers.<br \/>\nDie neue Limited Edition wird vom aufstrebenden amerikanischen K\u00fcnstler Matt Kleberg signiert, der mit seinem Stil die Vielseitigkeit der Marke Tramari interpretiert hat.<\/p>\n<p>Tramari von Matt Kleberg ist das zweite Kapitel von\u00a0<a href=\"https:\/\/sanmarzano.wine\/de\/tramart\/\"><u>TramArt<\/u><\/a>, einem Projekt von San Marzano, das sich als Container f\u00fcr Kunst und Sch\u00f6nheit anbietet und die spontane Verbindung zwischen Kunst und Wein f\u00f6rdert und sie in ihren verschiedenen Ausdrucksformen erz\u00e4hlt.<br \/>\nEine Hommage an die figurativen K\u00fcnste, an die Einfachheit des Stils, aber auch an die emotionale Ladung, die hinter einem Prozess steckt, etwas Sch\u00f6nes zu schaffen, das mit der Welt geteilt wird, Werte, an denen sich die Philosophie von San Marzano inspiriert.[\/vc_column_text][\/vc_column][\/vc_row][vc_row full_width=&#8220;stretch_row_content_no_spaces&#8220; equal_height=&#8220;yes&#8220; css=&#8220;.vc_custom_1651833333486{padding-top: 20px !important;padding-bottom: 20px !important;}&#8220;][vc_column css_animation=&#8220;bounceInLeft&#8220; css=&#8220;.vc_custom_1651833394023{background-position: center !important;background-repeat: no-repeat !important;background-size: cover !important;}&#8220; offset=&#8220;vc_col-lg-6 vc_col-xs-12&#8243;][vc_column_text el_id=&#8220;video-sm-mk&#8220; css=&#8220;.vc_custom_1652086503562{padding-right: 0px !important;}&#8220;]<\/p>\n<div class=\"cideo-test-mk\">\n<div style=\"width: 640px;\" class=\"wp-video\"><!--[if lt IE 9]><script>document.createElement('video');<\/script><![endif]-->\n<video class=\"wp-video-shortcode\" id=\"video-14036-1\" width=\"640\" height=\"571\" preload=\"metadata\" controls=\"controls\"><source type=\"video\/mp4\" src=\"https:\/\/sanmarzano.wine\/wp-content\/uploads\/2022\/05\/sanmarzano-video-matt-kleberg.mp4?_=1\" \/><a href=\"https:\/\/sanmarzano.wine\/wp-content\/uploads\/2022\/05\/sanmarzano-video-matt-kleberg.mp4\">https:\/\/sanmarzano.wine\/wp-content\/uploads\/2022\/05\/sanmarzano-video-matt-kleberg.mp4<\/a><\/video><\/div>\n<\/div>\n<p>[\/vc_column_text][\/vc_column][vc_column css=&#8220;.vc_custom_1651833381366{background-color: #eeeef0 !important;}&#8220; offset=&#8220;vc_col-lg-6 vc_col-xs-12&#8243;][vc_row_inner][vc_column_inner css=&#8220;.vc_custom_1621517330589{padding-left: 5% !important;}&#8220;][vc_empty_space height=&#8220;60px&#8220; el_class=&#8220;spazio-incotro-pk&#8220;][vc_custom_heading text=&#8220;Das Treffen zwischen San Marzano und Matt Kleberg&#8220; use_theme_fonts=&#8220;yes&#8220; css=&#8220;.vc_custom_1659618648878{margin-bottom: 20px !important;}&#8220; el_class=&#8220;title-icontro-matt-kleberg&#8220;][vc_column_text el_id=&#8220;testo-mk&#8220; css=&#8220;.vc_custom_1659618694872{padding-right: 10% !important;}&#8220;]<\/p>\n<p style=\"color: #23232c;line-height: 29px;text-align: left\">Die Zusammenarbeit zwischen San Marzano und dem amerikanischen Maler, die vom Galeristen Angelo Milano (STUDIOCROMIE &#8211; Grottaglie TA) gef\u00f6rdert wurde, ist aus der Betrachtung der Werke des K\u00fcnstlers entstanden, die scheinbar linear, einfach und abstrakt, in Wahrheit jedoch voller Spannungen, Bedeutungen und Bez\u00fcge zur Realit\u00e4t sind.<br \/>\nDie Farbpalette und die verwendeten starken Farbt\u00f6ne erinnern in unserer Vorstellung an die Erde, die Weiten der Felder, den klaren Himmel der sch\u00f6nen Jahreszeiten und die Tuffsteinmauern der typischen l\u00e4ndlichen Geb\u00e4ude des Salento.<br \/>\nAber neben den Farben ist die Tiefe des Raums, die durch das f\u00fcr diese Zusammenarbeit ausgew\u00e4hlte Werk &#8211; aber auch allgemein durch die verschiedenen Werke des K\u00fcnstlers &#8211; hervorgerufen wird, f\u00fcr uns repr\u00e4sentativ f\u00fcr die nat\u00fcrliche Landschaft, die mit einem Foto nur schwer einzufangen ist und deren Empfindung hingegen nur durch direkte Wahrnehmung entsteht, wie beim Betrachten eines Kunstwerks in natura.<br \/>\nUnd wenn bei Tramari Paul Kremer <a href=\"https:\/\/sanmarzano.wine\/tramart\/paul-kremer\/\"><u>(Kapitel 1 von TramArt)<\/u><\/a> das Gem\u00e4lde den Kurven der Flasche und der Farbe des Weins folgte, l\u00f6st sich bei Tramari Matt Kleberg das Gem\u00e4lde vom Etikett, hebt sich wie ein imposanter Bogen ab, um uns in eine andere Dimension, in andere Szenarien einzuladen, oder, je nach eigenem Empfinden, in einem manieristischen Erscheinungsbild zu schm\u00fccken.<\/p>\n<p>[\/vc_column_text][\/vc_column_inner][\/vc_row_inner][\/vc_column][\/vc_row][vc_row el_class=&#8220;artista_row&#8220;][vc_column][vc_empty_space][\/vc_column][vc_column width=&#8220;1\/3&#8243; el_class=&#8220;matt_foto_col&#8220; offset=&#8220;vc_col-lg-4 vc_col-md-4&#8243;][vc_single_image image=&#8220;14024&#8243; img_size=&#8220;full&#8220;][\/vc_column][vc_column width=&#8220;2\/3&#8243; offset=&#8220;vc_col-lg-8 vc_col-md-offset-0 vc_col-md-8 vc_col-sm-offset-0&#8243; el_class=&#8220;artista_text_col&#8220;][vc_custom_heading text=&#8220;Der K\u00fcnstler&#8220; use_theme_fonts=&#8220;yes&#8220; el_class=&#8220;linea-azienda&#8220; css=&#8220;.vc_custom_1659618707990{margin-bottom: 20px !important;}&#8220;][vc_column_text]<\/p>\n<p style=\"font-size: 16px;line-height: 34px\">Matt Kleberg, geboren 1985 in Texas, ist vor allem f\u00fcr seine Gem\u00e4lde bekannt, die sich durch abstrakte geometrische und wellenf\u00f6rmige Formen wie Bogen, Streifen, konzentrische Rahmen auszeichnen, die an architektonische Elemente erinnern, ein zentrales Thema seit der New Yorker Zeit, beeinflusst von den Konstruktionen des Big Apple, aber mit Bez\u00fcgen zur byzantinischen und Renaissance-Periode.<br \/>\nEin k\u00fcnstlerischer Werdegang, die bei der realistischen Darstellung der texanischen Landschaft in leuchtenden Farben mit den Farbt\u00f6nen der Erde begann und allm\u00e4hlich abstrakter wurde und sich \u00fcber die Entleerung von Formen zugunsten der Andeutung von R\u00e4umen und Passagen bewegte, die auch gegens\u00e4tzlich interpretiert werden, wie Schranken und Mauern, Metaphern f\u00fcr die Schwierigkeiten des wirklichen Lebens.<br \/>\nDerzeit lebt er in San Antonio &#8211; Texas &#8211; mit der Familie und hat seine Werke in verschiedenen amerikanischen und europ\u00e4ischen St\u00e4dten ausgestellt, darunter New York, San Francisco, Houston, Detroit, Br\u00fcssel und Amsterdam.<\/p>\n<p>[\/vc_column_text][\/vc_column][\/vc_row][vc_row full_width=&#8220;stretch_row_content_no_spaces&#8220; equal_height=&#8220;yes&#8220; css=&#8220;.vc_custom_1659616758616{padding-top: 20px !important;padding-bottom: 20px !important;}&#8220; el_class=&#8220;colonna-caratteristiche-samia2&#8243; el_id=&#8220;riga-collaborazioni-mk&#8220;][vc_column css_animation=&#8220;bounceInLeft&#8220; width=&#8220;1\/2&#8243; el_class=&#8220;altezza-box box-image-test image-bottiglia-pk&#8220; css=&#8220;.vc_custom_1659616784197{background-image: url(https:\/\/sanmarzano.wine\/wp-content\/uploads\/2022\/08\/sanmarzano-collaborazioni-matt-kleberg-02.jpg?id=14017) !important;background-position: center !important;background-repeat: no-repeat !important;background-size: cover !important;}&#8220;][\/vc_column][vc_column width=&#8220;1\/2&#8243; css=&#8220;.vc_custom_1621518331018{background-color: #eeeef0 !important;}&#8220; el_class=&#8220;colonna-caratteristiche&#8220;][vc_row_inner][vc_column_inner css=&#8220;.vc_custom_1621517330589{padding-left: 5% !important;}&#8220;][vc_empty_space height=&#8220;30px&#8220; el_class=&#8220;spazio-incotro-pk&#8220;][vc_custom_heading text=&#8220;Gemeinsame Projekte&#8220; use_theme_fonts=&#8220;yes&#8220; css=&#8220;.vc_custom_1659619073111{margin-bottom: 20px !important;}&#8220;][vc_column_text el_id=&#8220;testo-samia&#8220; css=&#8220;.vc_custom_1659618809114{padding-right: 10% !important;}&#8220;]<\/p>\n<p style=\"color: #23232c;line-height: 30px;text-align: left\"><strong>Das Papier: Fedrigoni Self-Adhesives<\/strong><br \/>\nUnterst\u00fctzt wird das Projekt durch die Zusammenarbeit mit dem Papierherstellungsunternehmen Gruppo Cartario Fedrigoni.<br \/>\nFedrigoni Self-Adhesives ist aus der Vereinigung zwischen Arconvert, Ritrama und Manter hervorgegangen und umfasst die Kunst der Luxusetikettierung in seinem reichhaltigen Sortiment an selbstklebenden Materialien, die sich durch raffinierte Texturen und hohe technische Leistung auszeichnen.<br \/>\nDank der Synergie mit Fedrigoni Paper, der langj\u00e4hrigen Erfahrung in der Gestaltung von Weinetiketten und der Zusammenarbeit mit den Designern steigert Fedrigoni Self-Adhesives die Kreativit\u00e4t durch die Bereitstellung hochwertiger Materialien, wie im Fall der Tramari Edition Matt Kleberg, wo Kunst und Fachverstand in einem einzigen Projekt verschmelzen. Hier wird das Papier Tintoretto Gesso H+O Ultra WS FSC\u2122 dank seiner Materialstruktur und seiner technischen Leistung zur Leinwand und zum Werk zugleich.<br \/>\nEine Flasche Wein unternimmt eine anstrengende Reise bevor sie auf den Tisch kommt. Das richtige Etikett \u00e4ndert alles und bleibt auf allen Etappen seiner Reise in Aussehen und Leistung einwandfrei, wie in diesem Fall dank der H+Opacity\u2122- und Ultra Wet Strength-Technologie, die auch bei Temperaturschwankungen und Feuchtigkeit eine hervorragende Leistung garantieren.<\/p>\n<p style=\"color: #23232c;line-height: 30px;text-align: left\"><strong>Druck der Etiketten: Tonutti Tecniche Grafiche<\/strong><br \/>\nTonutti Tecniche Grafiche Spa, ein seit \u00fcber 75 Jahren auf nationaler Ebene f\u00fchrendes Unternehmen im Druck hochwertiger Etiketten, \u00fcbernahm den Druck der Etiketten. \u201eDas zweite Kapitel von TramArt, das wir drucken durften &#8211; best\u00e4tigt Dr. Maria Teresa Tonutti Ceo &#8211; hat uns erneut, die M\u00f6glichkeit gegeben, die perfekte Balance zwischen Kreativit\u00e4t und Technik zu finden, das \u00e4sthetische Erscheinungsbild des Etiketts zu maximieren und es gleichzeitig industriell reproduzierbar zu machen. Der Offsetdruck des Grunds wird durch eine elegante Pr\u00e4gung am T\u00fcrrahmen und an der internen schwarzen geschwungenen Linie verziert, die dem Bogen ein realistisches dreidimensionales Aussehen verleiht. Der ikonische Eingang scheint fast aus der Leinwand zu kommen und den Betrachter einzuladen, eine geheimnisvolle Welt zu betreten. Die auf dem Portal replizierte Bronzefolie des Logos verleiht Eleganz und kontrastiert mit dem Namen des K\u00fcnstlers, der mit blauem Pantone aufgedruckt ist. Das gleiche Logo wird auf dem Bild mit einem dicken matten Lack aufgesetzt, wodurch ein herrlicher \u201esemitransparenter\u201c Effekt geschaffen wird. Tramart: die perfekte Kombination aus Technik und Kreativit\u00e4t.<\/p>\n<p>[\/vc_column_text][\/vc_column_inner][\/vc_row_inner][\/vc_column][\/vc_row][vc_row full_width=&#8220;stretch_row_content_no_spaces&#8220; disable_element=&#8220;yes&#8220;][vc_column offset=&#8220;vc_hidden-sm vc_hidden-xs&#8220;][vc_empty_space height=&#8220;0&#8243;][vc_images_carousel images=&#8220;6909,6908,6907&#8243; img_size=&#8220;full&#8220; onclick=&#8220;link_no&#8220; speed=&#8220;0&#8243; slides_per_view=&#8220;3&#8243; hide_pagination_control=&#8220;yes&#8220; hide_prev_next_buttons=&#8220;yes&#8220; wrap=&#8220;yes&#8220;][\/vc_column][\/vc_row][vc_row full_width=&#8220;stretch_row_content_no_spaces&#8220; disable_element=&#8220;yes&#8220;][vc_column offset=&#8220;vc_hidden-lg vc_hidden-md&#8220;][vc_empty_space][vc_images_carousel images=&#8220;6909,6908,6907&#8243; img_size=&#8220;full&#8220; onclick=&#8220;link_no&#8220; hide_pagination_control=&#8220;yes&#8220;][\/vc_column][\/vc_row]<\/p>\n<\/div>","protected":false},"excerpt":{"rendered":"<p>[vc_row css=&#8220;.vc_custom_1621514613245{margin-top: 20px !important;margin-bottom: 20px !important;}&#8220;][vc_column][vc_empty_space][\/vc_column][vc_column width=&#8220;2\/3&#8243; offset=&#8220;vc_col-lg-offset-2 vc_col-lg-8 vc_col-md-offset-0 vc_col-md-12 vc_col-sm-offset-0&#8243;][vc_custom_heading text=&#8220;Tramari Edition Matt&hellip;<\/p>\n","protected":false},"author":90,"featured_media":0,"parent":7019,"menu_order":0,"comment_status":"closed","ping_status":"closed","template":"template_premio.php","meta":{"om_disable_all_campaigns":false,"footnotes":""},"class_list":["post-14036","page","type-page","status-publish","hentry"],"yoast_head":"<!-- This site is optimized with the Yoast SEO plugin v25.2 - https:\/\/yoast.com\/wordpress\/plugins\/seo\/ -->\n<title>Matt Kleberg - San Marzano<\/title>\n<meta name=\"robots\" content=\"index, follow, max-snippet:-1, max-image-preview:large, max-video-preview:-1\" \/>\n<link rel=\"canonical\" href=\"https:\/\/sanmarzano.wine\/de\/tramart\/matt-kleberg\/\" \/>\n<meta property=\"og:locale\" content=\"de_DE\" \/>\n<meta property=\"og:type\" content=\"article\" \/>\n<meta property=\"og:title\" content=\"Matt Kleberg - San Marzano\" \/>\n<meta property=\"og:description\" content=\"[vc_row css=&#8220;.vc_custom_1621514613245{margin-top: 20px !important;margin-bottom: 20px !important;}&#8220;][vc_column][vc_empty_space][\/vc_column][vc_column width=&#8220;2\/3&#8243; offset=&#8220;vc_col-lg-offset-2 vc_col-lg-8 vc_col-md-offset-0 vc_col-md-12 vc_col-sm-offset-0&#8243;][vc_custom_heading text=&#8220;Tramari Edition Matt&hellip;\" \/>\n<meta property=\"og:url\" content=\"https:\/\/sanmarzano.wine\/de\/tramart\/matt-kleberg\/\" \/>\n<meta property=\"og:site_name\" content=\"San Marzano\" \/>\n<meta property=\"article:modified_time\" content=\"2022-08-05T07:57:30+00:00\" \/>\n<meta name=\"twitter:card\" content=\"summary_large_image\" \/>\n<meta name=\"twitter:label1\" content=\"Gesch\u00e4tzte Lesezeit\" \/>\n\t<meta name=\"twitter:data1\" content=\"7\u00a0Minuten\" \/>\n<script type=\"application\/ld+json\" class=\"yoast-schema-graph\">{\"@context\":\"https:\/\/schema.org\",\"@graph\":[{\"@type\":\"WebPage\",\"@id\":\"https:\/\/sanmarzano.wine\/de\/tramart\/matt-kleberg\/\",\"url\":\"https:\/\/sanmarzano.wine\/de\/tramart\/matt-kleberg\/\",\"name\":\"Matt Kleberg - San Marzano\",\"isPartOf\":{\"@id\":\"https:\/\/sanmarzano.wine\/#website\"},\"datePublished\":\"2022-02-22T13:26:04+00:00\",\"dateModified\":\"2022-08-05T07:57:30+00:00\",\"breadcrumb\":{\"@id\":\"https:\/\/sanmarzano.wine\/de\/tramart\/matt-kleberg\/#breadcrumb\"},\"inLanguage\":\"de\",\"potentialAction\":[{\"@type\":\"ReadAction\",\"target\":[\"https:\/\/sanmarzano.wine\/de\/tramart\/matt-kleberg\/\"]}]},{\"@type\":\"BreadcrumbList\",\"@id\":\"https:\/\/sanmarzano.wine\/de\/tramart\/matt-kleberg\/#breadcrumb\",\"itemListElement\":[{\"@type\":\"ListItem\",\"position\":1,\"name\":\"Home\",\"item\":\"https:\/\/sanmarzano.wine\/de\/\"},{\"@type\":\"ListItem\",\"position\":2,\"name\":\"Tramart\",\"item\":\"https:\/\/sanmarzano.wine\/de\/tramart\/\"},{\"@type\":\"ListItem\",\"position\":3,\"name\":\"Matt Kleberg\"}]},{\"@type\":\"WebSite\",\"@id\":\"https:\/\/sanmarzano.wine\/#website\",\"url\":\"https:\/\/sanmarzano.wine\/\",\"name\":\"San Marzano\",\"description\":\"\",\"potentialAction\":[{\"@type\":\"SearchAction\",\"target\":{\"@type\":\"EntryPoint\",\"urlTemplate\":\"https:\/\/sanmarzano.wine\/?s={search_term_string}\"},\"query-input\":{\"@type\":\"PropertyValueSpecification\",\"valueRequired\":true,\"valueName\":\"search_term_string\"}}],\"inLanguage\":\"de\"}]}<\/script>\n<!-- \/ Yoast SEO plugin. -->","yoast_head_json":{"title":"Matt Kleberg - San Marzano","robots":{"index":"index","follow":"follow","max-snippet":"max-snippet:-1","max-image-preview":"max-image-preview:large","max-video-preview":"max-video-preview:-1"},"canonical":"https:\/\/sanmarzano.wine\/de\/tramart\/matt-kleberg\/","og_locale":"de_DE","og_type":"article","og_title":"Matt Kleberg - San Marzano","og_description":"[vc_row css=&#8220;.vc_custom_1621514613245{margin-top: 20px !important;margin-bottom: 20px !important;}&#8220;][vc_column][vc_empty_space][\/vc_column][vc_column width=&#8220;2\/3&#8243; offset=&#8220;vc_col-lg-offset-2 vc_col-lg-8 vc_col-md-offset-0 vc_col-md-12 vc_col-sm-offset-0&#8243;][vc_custom_heading text=&#8220;Tramari Edition Matt&hellip;","og_url":"https:\/\/sanmarzano.wine\/de\/tramart\/matt-kleberg\/","og_site_name":"San Marzano","article_modified_time":"2022-08-05T07:57:30+00:00","twitter_card":"summary_large_image","twitter_misc":{"Gesch\u00e4tzte Lesezeit":"7\u00a0Minuten"},"schema":{"@context":"https:\/\/schema.org","@graph":[{"@type":"WebPage","@id":"https:\/\/sanmarzano.wine\/de\/tramart\/matt-kleberg\/","url":"https:\/\/sanmarzano.wine\/de\/tramart\/matt-kleberg\/","name":"Matt Kleberg - San Marzano","isPartOf":{"@id":"https:\/\/sanmarzano.wine\/#website"},"datePublished":"2022-02-22T13:26:04+00:00","dateModified":"2022-08-05T07:57:30+00:00","breadcrumb":{"@id":"https:\/\/sanmarzano.wine\/de\/tramart\/matt-kleberg\/#breadcrumb"},"inLanguage":"de","potentialAction":[{"@type":"ReadAction","target":["https:\/\/sanmarzano.wine\/de\/tramart\/matt-kleberg\/"]}]},{"@type":"BreadcrumbList","@id":"https:\/\/sanmarzano.wine\/de\/tramart\/matt-kleberg\/#breadcrumb","itemListElement":[{"@type":"ListItem","position":1,"name":"Home","item":"https:\/\/sanmarzano.wine\/de\/"},{"@type":"ListItem","position":2,"name":"Tramart","item":"https:\/\/sanmarzano.wine\/de\/tramart\/"},{"@type":"ListItem","position":3,"name":"Matt Kleberg"}]},{"@type":"WebSite","@id":"https:\/\/sanmarzano.wine\/#website","url":"https:\/\/sanmarzano.wine\/","name":"San Marzano","description":"","potentialAction":[{"@type":"SearchAction","target":{"@type":"EntryPoint","urlTemplate":"https:\/\/sanmarzano.wine\/?s={search_term_string}"},"query-input":{"@type":"PropertyValueSpecification","valueRequired":true,"valueName":"search_term_string"}}],"inLanguage":"de"}]}},"_links":{"self":[{"href":"https:\/\/sanmarzano.wine\/de\/wp-json\/wp\/v2\/pages\/14036","targetHints":{"allow":["GET"]}}],"collection":[{"href":"https:\/\/sanmarzano.wine\/de\/wp-json\/wp\/v2\/pages"}],"about":[{"href":"https:\/\/sanmarzano.wine\/de\/wp-json\/wp\/v2\/types\/page"}],"author":[{"embeddable":true,"href":"https:\/\/sanmarzano.wine\/de\/wp-json\/wp\/v2\/users\/90"}],"replies":[{"embeddable":true,"href":"https:\/\/sanmarzano.wine\/de\/wp-json\/wp\/v2\/comments?post=14036"}],"version-history":[{"count":7,"href":"https:\/\/sanmarzano.wine\/de\/wp-json\/wp\/v2\/pages\/14036\/revisions"}],"predecessor-version":[{"id":14064,"href":"https:\/\/sanmarzano.wine\/de\/wp-json\/wp\/v2\/pages\/14036\/revisions\/14064"}],"up":[{"embeddable":true,"href":"https:\/\/sanmarzano.wine\/de\/wp-json\/wp\/v2\/pages\/7019"}],"wp:attachment":[{"href":"https:\/\/sanmarzano.wine\/de\/wp-json\/wp\/v2\/media?parent=14036"}],"curies":[{"name":"wp","href":"https:\/\/api.w.org\/{rel}","templated":true}]}}